{"id":539267,"date":"2025-09-05T17:38:16","date_gmt":"2025-09-05T14:38:16","guid":{"rendered":"https:\/\/nbg.eu\/product\/zero-compromise-optic-zc527-10mil-mpct2x\/"},"modified":"2026-01-21T11:29:43","modified_gmt":"2026-01-21T08:29:43","slug":"zero-compromise-optic-zc527-10mil-mpct2x","status":"publish","type":"product","link":"https:\/\/nbg.eu\/lv\/product\/zero-compromise-optic-zc527-10mil-mpct2x\/","title":{"rendered":"Zero Compromise Optic ZC527 10MIL MPCT2X"},"content":{"rendered":"<h1>Zero Compromise Optic ZC527 10MIL MPCT2X<\/h1>\n<p>ZC527 ir \u0161autenes t\u0113meklis. T\u0101 garums ir 387mm un svars 1122g. Tam ir \u0161\u0101das \u012bpa\u0161\u012bbas:<\/p>\n<ul>\n<li>35 mil vertik\u0101l\u0101 regul\u0113\u0161ana<\/li>\n<li>20 mil horizont\u0101l\u0101 regul\u0113\u0161ana<\/li>\n<li>7m\/100m redzam\u012bbas lauks<\/li>\n<li>Laba gaismas caurlaid\u012bba<\/li>\n<li>Augsta iz\u0161\u0137irtsp\u0113ja<\/li>\n<\/ul>\n<p>ZC527 ir izgatavots no augstas kvalit\u0101tes materi\u0101liem. Tas ir pieejams standarta apdar\u0113 vai FDE (flat dark earth) kr\u0101s\u0101. \u0160is t\u0113meklis ir Zero Compromise uz\u0146\u0113muma produkts.<\/p>\n<p>Zero Compromise Optic ZC527 ir paredz\u0113ts prec\u012bzai \u0161au\u0161anai.<\/p>\n","protected":false},"excerpt":{"rendered":"<p>Augst\u0101k\u0101s klases optiskais t\u0113meklis: Nep\u0101rsp\u0113jama skaidr\u012bba, pla\u0161s redzeslauks, prec\u012bzi regul\u0113jumi.<\/p>\n","protected":false},"featured_media":497390,"template":"","meta":{"_acf_changed":false},"product_brand":[15204],"product_cat":[13778,13791],"product_tag":[],"class_list":{"0":"post-539267","1":"product","2":"type-product","3":"status-publish","4":"has-post-thumbnail","6":"product_brand-zero-compromise-optics","7":"product_cat-merkesana","8":"product_cat-palielinosa-optika","10":"first","11":"outofstock","12":"taxable","13":"shipping-taxable","14":"purchasable","15":"product-type-simple"},"acf":[],"_links":{"self":[{"href":"https:\/\/nbg.eu\/lv\/wp-json\/wp\/v2\/product\/539267","targetHints":{"allow":["GET"]}}],"collection":[{"href":"https:\/\/nbg.eu\/lv\/wp-json\/wp\/v2\/product"}],"about":[{"href":"https:\/\/nbg.eu\/lv\/wp-json\/wp\/v2\/types\/product"}],"wp:featuredmedia":[{"embeddable":true,"href":"https:\/\/nbg.eu\/lv\/wp-json\/wp\/v2\/media\/497390"}],"wp:attachment":[{"href":"https:\/\/nbg.eu\/lv\/wp-json\/wp\/v2\/media?parent=539267"}],"wp:term":[{"taxonomy":"product_brand","embeddable":true,"href":"https:\/\/nbg.eu\/lv\/wp-json\/wp\/v2\/product_brand?post=539267"},{"taxonomy":"product_cat","embeddable":true,"href":"https:\/\/nbg.eu\/lv\/wp-json\/wp\/v2\/product_cat?post=539267"},{"taxonomy":"product_tag","embeddable":true,"href":"https:\/\/nbg.eu\/lv\/wp-json\/wp\/v2\/product_tag?post=539267"}],"curies":[{"name":"wp","href":"https:\/\/api.w.org\/{rel}","templated":true}]}}