{"id":539399,"date":"2025-09-05T17:38:17","date_gmt":"2025-09-05T14:38:17","guid":{"rendered":"https:\/\/nbg.eu\/product\/zco-mount\/"},"modified":"2026-01-21T11:38:41","modified_gmt":"2026-01-21T08:38:41","slug":"zco-mount","status":"publish","type":"product","link":"https:\/\/nbg.eu\/lv\/product\/zco-mount\/","title":{"rendered":"ZCO Mount"},"content":{"rendered":"<div class=\"product-description\">\n<h1>ZCO bloka stiprin\u0101jums: Izstr\u0101d\u0101ts profesion\u0101liem \u0161autuvju t\u0113mek\u013ciem<\/h1>\n<p>ZCO bloka stiprin\u0101jums ar 0Mil \/ 6Mil sl\u012bpuma opcij\u0101m. Ra\u017eots Austrij\u0101, izmantojot CNC fr\u0113z\u0113\u0161anas tehnolo\u0123iju, \u0161is stiprin\u0101jums nodro\u0161ina precizit\u0101ti un iztur\u012bbu ZCO \u0161autuvju t\u0113mek\u013ciem.<\/p>\n<ul>\n<li>Izgatavots no EN AW-7075 alum\u012bnija ar anod\u0113tu p\u0101rkl\u0101jumu<\/li>\n<li>Salok\u0101ms burbu\u013ca l\u012bme\u0146r\u0101dis (kreis\u0101 vai lab\u0101 mont\u0101\u017ea)<\/li>\n<li>Integr\u0113ta mir\u0101\u017eas joslas ieliktnis<\/li>\n<li>Iek\u013cauts l\u012bme\u0146o\u0161anas \u0137\u012blis t\u0113mek\u013ca prec\u012bzai sal\u0101go\u0161anai<\/li>\n<li>Komplekt\u0101 ietilpst nepiecie\u0161amie Torx uzga\u013ci<\/li>\n<\/ul>\n<p>Profesion\u0101la l\u012bme\u0146a stiprin\u0101juma risin\u0101jums, kas izstr\u0101d\u0101ts, lai maksimiz\u0113tu j\u016bsu \u0161autenes potenci\u0101lu. ZCO bloka stiprin\u0101jums apvieno iztur\u012bbu, precizit\u0101ti un daudzpus\u012bbu, lai nodro\u0161in\u0101tu optim\u0101lu veiktsp\u0113ju jebkur\u0101 \u0161au\u0161anas situ\u0101cij\u0101.<\/p>\n<\/div>\n","protected":false},"excerpt":{"rendered":"<p>Prec\u012bzs ZCO stiprin\u0101jums: profesion\u0101la l\u012bme\u0146a, CNC fr\u0113z\u0113ts, ar ieb\u016bv\u0113tu l\u012bme\u0146r\u0101di.<\/p>\n","protected":false},"featured_media":497528,"template":"","meta":{"_acf_changed":false},"product_brand":[15204],"product_cat":[13778,14900],"product_tag":[],"class_list":{"0":"post-539399","1":"product","2":"type-product","3":"status-publish","4":"has-post-thumbnail","6":"product_brand-zero-compromise-optics","7":"product_cat-merkesana","8":"product_cat-mounts-lv","10":"first","11":"outofstock","12":"taxable","13":"shipping-taxable","14":"purchasable","15":"product-type-simple"},"acf":[],"_links":{"self":[{"href":"https:\/\/nbg.eu\/lv\/wp-json\/wp\/v2\/product\/539399","targetHints":{"allow":["GET"]}}],"collection":[{"href":"https:\/\/nbg.eu\/lv\/wp-json\/wp\/v2\/product"}],"about":[{"href":"https:\/\/nbg.eu\/lv\/wp-json\/wp\/v2\/types\/product"}],"wp:featuredmedia":[{"embeddable":true,"href":"https:\/\/nbg.eu\/lv\/wp-json\/wp\/v2\/media\/497528"}],"wp:attachment":[{"href":"https:\/\/nbg.eu\/lv\/wp-json\/wp\/v2\/media?parent=539399"}],"wp:term":[{"taxonomy":"product_brand","embeddable":true,"href":"https:\/\/nbg.eu\/lv\/wp-json\/wp\/v2\/product_brand?post=539399"},{"taxonomy":"product_cat","embeddable":true,"href":"https:\/\/nbg.eu\/lv\/wp-json\/wp\/v2\/product_cat?post=539399"},{"taxonomy":"product_tag","embeddable":true,"href":"https:\/\/nbg.eu\/lv\/wp-json\/wp\/v2\/product_tag?post=539399"}],"curies":[{"name":"wp","href":"https:\/\/api.w.org\/{rel}","templated":true}]}}