{"id":539779,"date":"2025-09-05T17:40:49","date_gmt":"2025-09-05T14:40:49","guid":{"rendered":"https:\/\/nbg.eu\/product\/scope-mount-30mm-vortex-pro-series-low-pr30-l\/"},"modified":"2026-01-21T12:26:39","modified_gmt":"2026-01-21T09:26:39","slug":"scope-mount-30mm-vortex-pro-series-low-pr30-l","status":"publish","type":"product","link":"https:\/\/nbg.eu\/lv\/product\/scope-mount-30mm-vortex-pro-series-low-pr30-l\/","title":{"rendered":"Scope mount 30mm Vortex Pro Series LOW PR30-l"},"content":{"rendered":"<h1>Vortex Pro 30mm Zemas (0,90&#8243;) T\u0113mek\u013ca Gredzeni PR30-L<\/h1>\n<p>Vortex Pro s\u0113rijas 30mm zema augstuma gredzeni t\u0113mek\u013ca mont\u0101\u017eai. Izgatavoti no avi\u0101cijas klases 6061 alum\u012bnija, \u0161ie gredzeni nodro\u0161ina uzticam\u012bbu un iztur\u012bbu.<\/p>\n<h2>Galven\u0101s Iez\u012bmes:<\/h2>\n<ul>\n<li>Mat\u0113ts melns anod\u0113ts p\u0101rkl\u0101jums<\/li>\n<li>Ar l\u0101zeru grav\u0113tas griezes momenta specifik\u0101cijas<\/li>\n<li>#8 stiprin\u0101jumi dro\u0161ai mont\u0101\u017eai<\/li>\n<li>Integr\u0113ts atsitiena izci\u013c\u0146is papildu stabilit\u0101tei<\/li>\n<li>Sader\u012bgi ar Weaver vai Picatinny slied\u0113m<\/li>\n<li>Svars tikai 1,58 unces<\/li>\n<\/ul>\n<p>Vortex Pro PR30-L gredzeni nodro\u0161ina, ka j\u016bsu t\u0113meklis paliek stingri sav\u0101 viet\u0101. Vortex Pro pied\u0101v\u0101 precizit\u0101ti un iztur\u012bbu.<\/p>\n","protected":false},"excerpt":{"rendered":"<p>Iztur\u012bgi 30mm zemi optisk\u0101 t\u0113mek\u013ca gredzeni Weaver\/Picatinny slied\u0113m. Prec\u012bzi apstr\u0101d\u0101ti.<\/p>\n","protected":false},"featured_media":497574,"template":"","meta":{"_acf_changed":false},"product_brand":[11959],"product_cat":[13778,13803],"product_tag":[],"class_list":{"0":"post-539779","1":"product","2":"type-product","3":"status-publish","4":"has-post-thumbnail","6":"product_brand-vortex","7":"product_cat-merkesana","8":"product_cat-merkesanas-aksesuari","10":"first","11":"outofstock","12":"taxable","13":"shipping-taxable","14":"purchasable","15":"product-type-simple"},"acf":[],"_links":{"self":[{"href":"https:\/\/nbg.eu\/lv\/wp-json\/wp\/v2\/product\/539779","targetHints":{"allow":["GET"]}}],"collection":[{"href":"https:\/\/nbg.eu\/lv\/wp-json\/wp\/v2\/product"}],"about":[{"href":"https:\/\/nbg.eu\/lv\/wp-json\/wp\/v2\/types\/product"}],"wp:featuredmedia":[{"embeddable":true,"href":"https:\/\/nbg.eu\/lv\/wp-json\/wp\/v2\/media\/497574"}],"wp:attachment":[{"href":"https:\/\/nbg.eu\/lv\/wp-json\/wp\/v2\/media?parent=539779"}],"wp:term":[{"taxonomy":"product_brand","embeddable":true,"href":"https:\/\/nbg.eu\/lv\/wp-json\/wp\/v2\/product_brand?post=539779"},{"taxonomy":"product_cat","embeddable":true,"href":"https:\/\/nbg.eu\/lv\/wp-json\/wp\/v2\/product_cat?post=539779"},{"taxonomy":"product_tag","embeddable":true,"href":"https:\/\/nbg.eu\/lv\/wp-json\/wp\/v2\/product_tag?post=539779"}],"curies":[{"name":"wp","href":"https:\/\/api.w.org\/{rel}","templated":true}]}}