{"id":539890,"date":"2025-09-05T17:40:49","date_gmt":"2025-09-05T14:40:49","guid":{"rendered":"https:\/\/nbg.eu\/product\/badger-ordnance-c1-coaxial-laser-integration-fixture-9-slot-rail-black-700-20b\/"},"modified":"2026-01-21T12:07:04","modified_gmt":"2026-01-21T09:07:04","slug":"badger-ordnance-c1-coaxial-laser-integration-fixture-9-slot-rail-black-700-20b","status":"publish","type":"product","link":"https:\/\/nbg.eu\/lv\/product\/badger-ordnance-c1-coaxial-laser-integration-fixture-9-slot-rail-black-700-20b\/","title":{"rendered":"BADGER ORDNANCE C1 COAXIAL LASER INTEGRATION FIXTURE 9 SLOT RAIL BLACK (700-20B)"},"content":{"rendered":"<div class=\"product-description\">\n<h2>BADGER ORDNANCE C1 KOAKSI\u0100L\u0100 L\u0100ZERA INTEGR\u0100CIJAS STIPRIN\u0100JUMS 9 SLOTU SLIEDE MELNA (700-20B)<\/h2>\n<p>Badger Ordnance 9 slotu CLIF (Koaksi\u0101l\u0101 l\u0101zera integr\u0101cijas stiprin\u0101jums). \u0160is piederums ir paredz\u0113ts lieto\u0161anai ar Badger Condition One stiprin\u0101jumiem, lai integr\u0113tu iero\u010diem piestiprin\u0101mos l\u0101zera t\u0101lm\u0113rus.<\/p>\n<ul>\n<li>Sader\u012bgs ar ARC l\u0101zeru un t\u0101lm\u0113ru uzst\u0101d\u012b\u0161anai virs optikas<\/li>\n<li>Piestiprin\u0101ms, neno\u0146emot C1 piederumu gredzena v\u0101ci\u0146u, saglab\u0101jot galven\u0101s optikas s\u0101kotn\u0113jo null\u0113\u0161anu<\/li>\n<li>9 slotu sliedes dizains da\u017e\u0101d\u0101m mont\u0101\u017eas iesp\u0113j\u0101m<\/li>\n<li>Melna apdare<\/li>\n<li>Deta\u013cas numurs: 700-20B<\/li>\n<\/ul>\n<p>Noliktav\u0101 un gatavs nos\u016bt\u012b\u0161anai.<\/p>\n<\/div>\n","protected":false},"excerpt":{"rendered":"<p>BADGER ORDNANCE C1 CLIF: 9 slotu sliede l\u0101zera integr\u0101cijai uz optik\u0101m.<\/p>\n","protected":false},"featured_media":497597,"template":"","meta":{"_acf_changed":false},"product_brand":[11085],"product_cat":[13778,13803,14900],"product_tag":[],"class_list":{"0":"post-539890","1":"product","2":"type-product","3":"status-publish","4":"has-post-thumbnail","6":"product_brand-badger-ordnance","7":"product_cat-merkesana","8":"product_cat-merkesanas-aksesuari","9":"product_cat-mounts-lv","11":"first","12":"instock","13":"taxable","14":"shipping-taxable","15":"purchasable","16":"product-type-simple"},"acf":[],"_links":{"self":[{"href":"https:\/\/nbg.eu\/lv\/wp-json\/wp\/v2\/product\/539890","targetHints":{"allow":["GET"]}}],"collection":[{"href":"https:\/\/nbg.eu\/lv\/wp-json\/wp\/v2\/product"}],"about":[{"href":"https:\/\/nbg.eu\/lv\/wp-json\/wp\/v2\/types\/product"}],"wp:featuredmedia":[{"embeddable":true,"href":"https:\/\/nbg.eu\/lv\/wp-json\/wp\/v2\/media\/497597"}],"wp:attachment":[{"href":"https:\/\/nbg.eu\/lv\/wp-json\/wp\/v2\/media?parent=539890"}],"wp:term":[{"taxonomy":"product_brand","embeddable":true,"href":"https:\/\/nbg.eu\/lv\/wp-json\/wp\/v2\/product_brand?post=539890"},{"taxonomy":"product_cat","embeddable":true,"href":"https:\/\/nbg.eu\/lv\/wp-json\/wp\/v2\/product_cat?post=539890"},{"taxonomy":"product_tag","embeddable":true,"href":"https:\/\/nbg.eu\/lv\/wp-json\/wp\/v2\/product_tag?post=539890"}],"curies":[{"name":"wp","href":"https:\/\/api.w.org\/{rel}","templated":true}]}}