{"id":540274,"date":"2025-09-05T17:42:22","date_gmt":"2025-09-05T14:42:22","guid":{"rendered":"https:\/\/nbg.eu\/product\/ameriglo-range-fo-sight-set-for-glock\/"},"modified":"2026-01-21T12:29:16","modified_gmt":"2026-01-21T09:29:16","slug":"ameriglo-range-fo-sight-set-for-glock","status":"publish","type":"product","link":"https:\/\/nbg.eu\/lv\/product\/ameriglo-range-fo-sight-set-for-glock\/","title":{"rendered":"AMERIGLO RANGE FO SIGHT SET FOR GLOCK"},"content":{"rendered":"<div class=\"product-description\">\n<h2>AMERIGLO T\u0112M\u0112K\u013bU KOMPLEKTS GLOCK IERO\u010cIEM<\/h2>\n<p>AMERIGLO Rievotais t\u0113m\u0113k\u013cu komplekts paredz\u0113ts Glock G5 9mm\/.40 kalibra iero\u010diem. \u0160is t\u0113m\u0113k\u013cu komplekts ir izstr\u0101d\u0101ts, lai uzlabotu \u0161au\u0161anas precizit\u0101ti un m\u0113r\u0137a noteik\u0161anu.<\/p>\n<ul>\n<li>Sader\u012bgs ar Glock 19 Gen 5 un Glock 23 Gen 5<\/li>\n<li>T\u0113rauda konstrukcija<\/li>\n<li>Melna apdare<\/li>\n<li>Kvadr\u0101tveida ierobe uzlabotam t\u0113m\u0113\u0161anas att\u0113lam<\/li>\n<li>Rievota virsma samazina atsp\u012bdumu<\/li>\n<li>Viegls dizains, svars tikai 0,313 m\u0101rci\u0146as<\/li>\n<\/ul>\n<p>\u0160ie t\u0113mek\u013ci nodro\u0161ina nepiecie\u0161amo uzticam\u012bbu un veiktsp\u0113ju gan \u0161autuv\u0113, gan taktisk\u0101s situ\u0101cij\u0101s. AMERIGLO t\u0113m\u0113k\u013cu komplekts ir viegli uzst\u0101d\u0101ms un iztur\u012bgs.<\/p>\n<\/div>\n","protected":false},"excerpt":{"rendered":"<p>Melns rievots t\u0113m\u0113k\u013cu komplekts Glock G5 9mm\/.40 iero\u010diem, t\u0113rauda konstrukcija.<\/p>\n","protected":false},"featured_media":497806,"template":"","meta":{"_acf_changed":false},"product_brand":[],"product_cat":[13778,13803,13797,13773],"product_tag":[],"class_list":{"0":"post-540274","1":"product","2":"type-product","3":"status-publish","4":"has-post-thumbnail","6":"product_cat-merkesana","7":"product_cat-merkesanas-aksesuari","8":"product_cat-pistole","9":"product_cat-pistoles-detalas","11":"first","12":"outofstock","13":"taxable","14":"shipping-taxable","15":"purchasable","16":"product-type-simple"},"acf":[],"_links":{"self":[{"href":"https:\/\/nbg.eu\/lv\/wp-json\/wp\/v2\/product\/540274","targetHints":{"allow":["GET"]}}],"collection":[{"href":"https:\/\/nbg.eu\/lv\/wp-json\/wp\/v2\/product"}],"about":[{"href":"https:\/\/nbg.eu\/lv\/wp-json\/wp\/v2\/types\/product"}],"wp:featuredmedia":[{"embeddable":true,"href":"https:\/\/nbg.eu\/lv\/wp-json\/wp\/v2\/media\/497806"}],"wp:attachment":[{"href":"https:\/\/nbg.eu\/lv\/wp-json\/wp\/v2\/media?parent=540274"}],"wp:term":[{"taxonomy":"product_brand","embeddable":true,"href":"https:\/\/nbg.eu\/lv\/wp-json\/wp\/v2\/product_brand?post=540274"},{"taxonomy":"product_cat","embeddable":true,"href":"https:\/\/nbg.eu\/lv\/wp-json\/wp\/v2\/product_cat?post=540274"},{"taxonomy":"product_tag","embeddable":true,"href":"https:\/\/nbg.eu\/lv\/wp-json\/wp\/v2\/product_tag?post=540274"}],"curies":[{"name":"wp","href":"https:\/\/api.w.org\/{rel}","templated":true}]}}