{"id":540622,"date":"2025-09-05T17:42:22","date_gmt":"2025-09-05T14:42:22","guid":{"rendered":"https:\/\/nbg.eu\/product\/lyman-pro-trim-die\/"},"modified":"2026-01-21T11:45:39","modified_gmt":"2026-01-21T08:45:39","slug":"lyman-pro-trim-die","status":"publish","type":"product","link":"https:\/\/nbg.eu\/lv\/product\/lyman-pro-trim-die\/","title":{"rendered":"Lyman Pro Trim Die"},"content":{"rendered":"<div class=\"product-description\">\n<h2>Lyman Pro Trim apstr\u0101des matrices<\/h2>\n<p>Lyman Pro Trim apstr\u0101des matrices ir ra\u017eotas ASV. \u0160\u012bm matric\u0113m ir \u0161\u0101das \u012bpa\u0161\u012bbas:<\/p>\n<ul>\n<li>Izgatavotas no ner\u016bs\u0113jo\u0161\u0101 t\u0113rauda iztur\u012bbai<\/li>\n<li>7\/8-14 apak\u0161\u0113j\u0101 v\u012btne, sader\u012bga ar vis\u0101m Lyman, Mark 7 un cit\u0101m popul\u0101r\u0101m p\u0101rl\u0101d\u0113\u0161anas pres\u0113m<\/li>\n<li>13\/16-20 aug\u0161\u0113j\u0101 v\u012btne, paredz\u0113ta Lyman pres\u0113 uzst\u0101d\u012btajam apgriez\u0113jam un cit\u0101m popul\u0101r\u0101m opcij\u0101m<\/li>\n<li>M\u016b\u017ea lieto\u0161anas garantija, pateicoties materi\u0101liem un izgatavo\u0161anas kvalit\u0101tei<\/li>\n<\/ul>\n<p>Lyman Pro Trim apstr\u0101des matrices pied\u0101v\u0101 precizit\u0101ti un daudzpus\u012bbu p\u0101rl\u0101d\u0113\u0161anas apr\u012bkojum\u0101. \u0160\u012bs matrices nodro\u0161ina kvalit\u0101ti un sader\u012bbu, kas nepiecie\u0161ama konsekventiem un prec\u012bziem rezult\u0101tiem gan pieredz\u0113ju\u0161iem p\u0101rl\u0101d\u0113t\u0101jiem, gan ies\u0101c\u0113jiem.<\/p>\n<\/div>\n","protected":false},"excerpt":{"rendered":"<p>Prec\u012bzi izgatavota ASV ner\u016bs\u0113jo\u0161\u0101 t\u0113rauda matrica patronu \u010daulu apgrie\u0161anai. Sader\u012bga ar presi.<\/p>\n","protected":false},"featured_media":497830,"template":"","meta":{"_acf_changed":false},"product_brand":[11271],"product_cat":[13813,13802],"product_tag":[],"class_list":{"0":"post-540622","1":"product","2":"type-product","3":"status-publish","4":"has-post-thumbnail","6":"product_brand-doublealpha","7":"product_cat-parladesana","8":"product_cat-parladesanas-aksesuari","10":"first","11":"outofstock","12":"taxable","13":"shipping-taxable","14":"purchasable","15":"product-type-simple"},"acf":[],"_links":{"self":[{"href":"https:\/\/nbg.eu\/lv\/wp-json\/wp\/v2\/product\/540622","targetHints":{"allow":["GET"]}}],"collection":[{"href":"https:\/\/nbg.eu\/lv\/wp-json\/wp\/v2\/product"}],"about":[{"href":"https:\/\/nbg.eu\/lv\/wp-json\/wp\/v2\/types\/product"}],"wp:featuredmedia":[{"embeddable":true,"href":"https:\/\/nbg.eu\/lv\/wp-json\/wp\/v2\/media\/497830"}],"wp:attachment":[{"href":"https:\/\/nbg.eu\/lv\/wp-json\/wp\/v2\/media?parent=540622"}],"wp:term":[{"taxonomy":"product_brand","embeddable":true,"href":"https:\/\/nbg.eu\/lv\/wp-json\/wp\/v2\/product_brand?post=540622"},{"taxonomy":"product_cat","embeddable":true,"href":"https:\/\/nbg.eu\/lv\/wp-json\/wp\/v2\/product_cat?post=540622"},{"taxonomy":"product_tag","embeddable":true,"href":"https:\/\/nbg.eu\/lv\/wp-json\/wp\/v2\/product_tag?post=540622"}],"curies":[{"name":"wp","href":"https:\/\/api.w.org\/{rel}","templated":true}]}}