{"id":540729,"date":"2025-09-05T17:42:23","date_gmt":"2025-09-05T14:42:23","guid":{"rendered":"https:\/\/nbg.eu\/product\/zco-throw-lever\/"},"modified":"2026-01-21T11:39:59","modified_gmt":"2026-01-21T08:39:59","slug":"zco-throw-lever","status":"publish","type":"product","link":"https:\/\/nbg.eu\/lv\/product\/zco-throw-lever\/","title":{"rendered":"ZCO &#8211; Throw Lever"},"content":{"rendered":"<h1>ZCO &#8211; P\u0101rsl\u0113g\u0161anas svira<\/h1>\n<p>ZCO P\u0101rsl\u0113g\u0161anas svira ir paredz\u0113ta Zero Compromise Optic prec\u012bzijas \u0161autenes optiskajiem t\u0113mek\u013ciem. \u0160is piederums integr\u0113jas ar j\u016bsu t\u0113mek\u013ca okul\u0101ra korpusu, nodro\u0161inot kontroli \u0101trai palielin\u0101juma piel\u0101go\u0161anai m\u0113r\u0137a noteik\u0161anas laik\u0101.<\/p>\n<h2>Galven\u0101s iez\u012bmes:<\/h2>\n<ul>\n<li>Izgatavota no viena gabala 7075-T6 alum\u012bnija<\/li>\n<li>Smil\u0161str\u016bklota un anod\u0113ta iztur\u012bbai da\u017e\u0101dos apst\u0101k\u013cos<\/li>\n<li>Vienk\u0101r\u0161s dizains vieglai uzst\u0101d\u012b\u0161anai<\/li>\n<li>Piel\u0101gojama poz\u012bcija uz t\u0113mek\u013ca regul\u0113\u0161anas gredzena<\/li>\n<li>Sader\u012bga ar ZCO sporta t\u0113mek\u013cu izskatu<\/li>\n<\/ul>\n<p>ZCO P\u0101rsl\u0113g\u0161anas svira nodro\u0161ina \u0101tr\u0101kas palielin\u0101juma izmai\u0146as un lab\u0101ku kontroli \u0161\u0101v\u0113jiem, kas v\u0113las optim\u0101lu veiktsp\u0113ju lauk\u0101.<\/p>\n","protected":false},"excerpt":{"rendered":"<p>ZCO sviras meh\u0101nisms: \u0100tra palielin\u0101juma regul\u0113\u0161ana prec\u012bziem optiskajiem t\u0113mek\u013ciem.<\/p>\n","protected":false},"featured_media":497853,"template":"","meta":{"_acf_changed":false},"product_brand":[15204],"product_cat":[13778,13803,13791],"product_tag":[],"class_list":{"0":"post-540729","1":"product","2":"type-product","3":"status-publish","4":"has-post-thumbnail","6":"product_brand-zero-compromise-optics","7":"product_cat-merkesana","8":"product_cat-merkesanas-aksesuari","9":"product_cat-palielinosa-optika","11":"first","12":"instock","13":"taxable","14":"shipping-taxable","15":"purchasable","16":"product-type-simple"},"acf":[],"_links":{"self":[{"href":"https:\/\/nbg.eu\/lv\/wp-json\/wp\/v2\/product\/540729","targetHints":{"allow":["GET"]}}],"collection":[{"href":"https:\/\/nbg.eu\/lv\/wp-json\/wp\/v2\/product"}],"about":[{"href":"https:\/\/nbg.eu\/lv\/wp-json\/wp\/v2\/types\/product"}],"wp:featuredmedia":[{"embeddable":true,"href":"https:\/\/nbg.eu\/lv\/wp-json\/wp\/v2\/media\/497853"}],"wp:attachment":[{"href":"https:\/\/nbg.eu\/lv\/wp-json\/wp\/v2\/media?parent=540729"}],"wp:term":[{"taxonomy":"product_brand","embeddable":true,"href":"https:\/\/nbg.eu\/lv\/wp-json\/wp\/v2\/product_brand?post=540729"},{"taxonomy":"product_cat","embeddable":true,"href":"https:\/\/nbg.eu\/lv\/wp-json\/wp\/v2\/product_cat?post=540729"},{"taxonomy":"product_tag","embeddable":true,"href":"https:\/\/nbg.eu\/lv\/wp-json\/wp\/v2\/product_tag?post=540729"}],"curies":[{"name":"wp","href":"https:\/\/api.w.org\/{rel}","templated":true}]}}