{"id":544900,"date":"2025-09-05T18:09:58","date_gmt":"2025-09-05T15:09:58","guid":{"rendered":"https:\/\/nbg.eu\/product\/magpul-rubber-butt-pad-0-70\/"},"modified":"2026-01-21T12:05:20","modified_gmt":"2026-01-21T09:05:20","slug":"magpul-rubber-butt-pad-0-70","status":"publish","type":"product","link":"https:\/\/nbg.eu\/lv\/product\/magpul-rubber-butt-pad-0-70\/","title":{"rendered":"Magpul &#8211; Rubber Butt-Pad &#8211; 0.70&#8243;"},"content":{"rendered":"<div class=\"product-description\">\n<h2>Magpul uzlabotais gumijas plecu balsts &#8211; 0,70&#8243;<\/h2>\n<p>Magpul uzlabotais gumijas plecu balsts. \u0160is 0,70&#8243; balsts ir sader\u012bgs ar da\u017e\u0101diem Magpul lai\u017e\u0146iem, ieskaitot CTR\u00ae, MOE\u00ae Carbine Mil-Spec, UBR\u00ae, STR\u00ae, ACS-L\u2122 un ACS mode\u013cus.<\/p>\n<ul>\n<li>Uzlabots plecu atbalsts un atsitiena samazin\u0101jums<\/li>\n<li>Biez\u0101ka, ventil\u0113ta konstrukcija<\/li>\n<li>Iek\u013cauta visa mont\u0101\u017eas aparat\u016bra<\/li>\n<li>Izm\u0113ri: 13 x 4 x 1,6 cm (aptuveni)<\/li>\n<li>Svars: 62 g (aptuveni)<\/li>\n<li>Ra\u017eots ASV<\/li>\n<\/ul>\n<p><strong>Piez\u012bme:<\/strong> Nav sader\u012bgs ar MOE\u00ae fiks\u0113to karb\u012bna laidi. Var ierobe\u017eot piln\u012bgu saloc\u012b\u0161anu Commercial MOE\u00ae\/CTR\u00ae lai\u017e\u0146iem pagarin\u0101t\u0101s, sl\u012bp\u0101s aizmugures d\u0113\u013c.<\/p>\n<\/div>\n","protected":false},"excerpt":{"rendered":"<p>Uzlabots 0,70 collu gumijas atbalsta spilvens Magpul laid\u0113m. Uzlabots atbalsts.<\/p>\n","protected":false},"featured_media":498952,"template":"","meta":{"_acf_changed":false},"product_brand":[11547],"product_cat":[13835],"product_tag":[],"class_list":{"0":"post-544900","1":"product","2":"type-product","3":"status-publish","4":"has-post-thumbnail","6":"product_brand-magpul","7":"product_cat-aprikojums","9":"first","10":"instock","11":"taxable","12":"shipping-taxable","13":"purchasable","14":"product-type-simple"},"acf":[],"_links":{"self":[{"href":"https:\/\/nbg.eu\/lv\/wp-json\/wp\/v2\/product\/544900","targetHints":{"allow":["GET"]}}],"collection":[{"href":"https:\/\/nbg.eu\/lv\/wp-json\/wp\/v2\/product"}],"about":[{"href":"https:\/\/nbg.eu\/lv\/wp-json\/wp\/v2\/types\/product"}],"wp:featuredmedia":[{"embeddable":true,"href":"https:\/\/nbg.eu\/lv\/wp-json\/wp\/v2\/media\/498952"}],"wp:attachment":[{"href":"https:\/\/nbg.eu\/lv\/wp-json\/wp\/v2\/media?parent=544900"}],"wp:term":[{"taxonomy":"product_brand","embeddable":true,"href":"https:\/\/nbg.eu\/lv\/wp-json\/wp\/v2\/product_brand?post=544900"},{"taxonomy":"product_cat","embeddable":true,"href":"https:\/\/nbg.eu\/lv\/wp-json\/wp\/v2\/product_cat?post=544900"},{"taxonomy":"product_tag","embeddable":true,"href":"https:\/\/nbg.eu\/lv\/wp-json\/wp\/v2\/product_tag?post=544900"}],"curies":[{"name":"wp","href":"https:\/\/api.w.org\/{rel}","templated":true}]}}