{"id":545104,"date":"2025-09-05T18:09:58","date_gmt":"2025-09-05T15:09:58","guid":{"rendered":"https:\/\/nbg.eu\/product\/muzzle-break-vanward-pro-break-for-qd55\/"},"modified":"2026-01-21T12:12:15","modified_gmt":"2026-01-21T09:12:15","slug":"muzzle-break-vanward-pro-break-for-qd55","status":"publish","type":"product","link":"https:\/\/nbg.eu\/lv\/product\/muzzle-break-vanward-pro-break-for-qd55\/","title":{"rendered":"Muzzle Break Vanward Pro-Break for QD55"},"content":{"rendered":"<div class=\"product-description\">\n<h2>Stobra bremze Vanward Pro-Break priek\u0161 QD55<\/h2>\n<p>Vanward Pro-Brake ir uzlabota Salamander Tactical Fafnir versija. \u0160\u012b stobra bremze pied\u0101v\u0101:<\/p>\n<ul>\n<li>78% atsitiena samazin\u0101jumu (p\u0101rbaud\u012bts Vaapentidingen)<\/li>\n<li>Savietojam\u012bbu ar Vanward QD55 klusin\u0101t\u0101ju<\/li>\n<li>Vienk\u0101r\u0161u uzst\u0101d\u012b\u0161anu ar iek\u013cauto fiks\u0101cijas uzgriezni<\/li>\n<li>Svars 174 grami<\/li>\n<\/ul>\n<p>T\u0101 var notur\u0113t l\u012bdzsvar\u0101 \u010daul\u012bti 6.5&#215;47 kalibra \u0161\u0101viena laik\u0101. Piem\u0113rota prec\u012bziem \u0161\u0101v\u0113jiem, kas mekl\u0113 augstu veiktsp\u0113ju un savietojam\u012bbu ar klusin\u0101t\u0101ju.<\/p>\n<\/div>\n","protected":false},"excerpt":{"rendered":"<p>Uzlabots atsitiena bremzes meh\u0101nisms QD55 modelim, 78% samazin\u0101jums. Sader\u012bgs ar klusin\u0101t\u0101ju.<\/p>\n","protected":false},"featured_media":498977,"template":"","meta":{"_acf_changed":false},"product_brand":[11945],"product_cat":[514],"product_tag":[],"class_list":{"0":"post-545104","1":"product","2":"type-product","3":"status-publish","4":"has-post-thumbnail","6":"product_brand-vanward","7":"product_cat-rifle-grips","9":"first","10":"outofstock","11":"taxable","12":"shipping-taxable","13":"product-type-simple"},"acf":[],"_links":{"self":[{"href":"https:\/\/nbg.eu\/lv\/wp-json\/wp\/v2\/product\/545104","targetHints":{"allow":["GET"]}}],"collection":[{"href":"https:\/\/nbg.eu\/lv\/wp-json\/wp\/v2\/product"}],"about":[{"href":"https:\/\/nbg.eu\/lv\/wp-json\/wp\/v2\/types\/product"}],"wp:featuredmedia":[{"embeddable":true,"href":"https:\/\/nbg.eu\/lv\/wp-json\/wp\/v2\/media\/498977"}],"wp:attachment":[{"href":"https:\/\/nbg.eu\/lv\/wp-json\/wp\/v2\/media?parent=545104"}],"wp:term":[{"taxonomy":"product_brand","embeddable":true,"href":"https:\/\/nbg.eu\/lv\/wp-json\/wp\/v2\/product_brand?post=545104"},{"taxonomy":"product_cat","embeddable":true,"href":"https:\/\/nbg.eu\/lv\/wp-json\/wp\/v2\/product_cat?post=545104"},{"taxonomy":"product_tag","embeddable":true,"href":"https:\/\/nbg.eu\/lv\/wp-json\/wp\/v2\/product_tag?post=545104"}],"curies":[{"name":"wp","href":"https:\/\/api.w.org\/{rel}","templated":true}]}}