{"id":547289,"date":"2025-09-05T18:17:28","date_gmt":"2025-09-05T15:17:28","guid":{"rendered":"https:\/\/nbg.eu\/product\/armazone-viper-fts\/"},"modified":"2026-01-21T11:40:18","modified_gmt":"2026-01-21T08:40:18","slug":"armazone-viper-fts","status":"publish","type":"product","link":"https:\/\/nbg.eu\/lv\/product\/armazone-viper-fts\/","title":{"rendered":"Armazone Viper FTS"},"content":{"rendered":"<div class=\"product-description\">\n<h2>Armazone Viper FTS Adapteris<\/h2>\n<p>Armazone Viper FTS Adapteris ir paredz\u0113ts nakts redzam\u012bbas vai term\u0101l\u0101s att\u0113lveido\u0161anas ier\u012b\u010du uzst\u0101d\u012b\u0161anai uz Picatinny vai Weaver b\u0101zes. \u0160is adapteris pied\u0101v\u0101:<\/p>\n<ul>\n<li>Term\u0101l\u0101s att\u0113lveido\u0161anas ier\u012b\u010du \u0101tru uzst\u0101d\u012b\u0161anu<\/li>\n<li>Integr\u0101ciju ar dienas t\u0113mek\u013ca redzeslauku<\/li>\n<li>\u0100tras reakcijas iesp\u0113ju \u0161au\u0161anas situ\u0101cij\u0101s<\/li>\n<li>Sader\u012bbu ar Picatinny un Weaver b\u0101z\u0113m<\/li>\n<li>Iztur\u012bgu konstrukciju lieto\u0161anai lauka apst\u0101k\u013cos<\/li>\n<\/ul>\n<p>Armazone Viper FTS Adapteris ir piem\u0113rots taktiskaj\u0101m oper\u0101cij\u0101m, med\u012bb\u0101m vai sporta \u0161au\u0161anai. Tas \u013cauj izmantot optiku v\u0101ja apgaismojuma apst\u0101k\u013cos.<\/p>\n<\/div>\n","protected":false},"excerpt":{"rendered":"<p>Armazone Viper FTS: \u0100tr\u0101s mont\u0101\u017eas adapteris termiskajiem\/nakts redzam\u012bbas uzliekamajiem piederumiem.<\/p>\n","protected":false},"featured_media":499310,"template":"","meta":{"_acf_changed":false},"product_brand":[14246],"product_cat":[13778,13803,14900,13798],"product_tag":[],"class_list":{"0":"post-547289","1":"product","2":"type-product","3":"status-publish","4":"has-post-thumbnail","6":"product_brand-armazone","7":"product_cat-merkesana","8":"product_cat-merkesanas-aksesuari","9":"product_cat-mounts-lv","10":"product_cat-termiska","12":"first","13":"instock","14":"taxable","15":"shipping-taxable","16":"purchasable","17":"product-type-simple"},"acf":[],"_links":{"self":[{"href":"https:\/\/nbg.eu\/lv\/wp-json\/wp\/v2\/product\/547289","targetHints":{"allow":["GET"]}}],"collection":[{"href":"https:\/\/nbg.eu\/lv\/wp-json\/wp\/v2\/product"}],"about":[{"href":"https:\/\/nbg.eu\/lv\/wp-json\/wp\/v2\/types\/product"}],"wp:featuredmedia":[{"embeddable":true,"href":"https:\/\/nbg.eu\/lv\/wp-json\/wp\/v2\/media\/499310"}],"wp:attachment":[{"href":"https:\/\/nbg.eu\/lv\/wp-json\/wp\/v2\/media?parent=547289"}],"wp:term":[{"taxonomy":"product_brand","embeddable":true,"href":"https:\/\/nbg.eu\/lv\/wp-json\/wp\/v2\/product_brand?post=547289"},{"taxonomy":"product_cat","embeddable":true,"href":"https:\/\/nbg.eu\/lv\/wp-json\/wp\/v2\/product_cat?post=547289"},{"taxonomy":"product_tag","embeddable":true,"href":"https:\/\/nbg.eu\/lv\/wp-json\/wp\/v2\/product_tag?post=547289"}],"curies":[{"name":"wp","href":"https:\/\/api.w.org\/{rel}","templated":true}]}}