{"id":55152,"date":"2024-01-30T18:04:43","date_gmt":"2024-09-13T13:11:05","guid":{"rendered":"https:\/\/nbg.eu\/product\/fox-ammunition-308win\/"},"modified":"2026-01-21T12:08:59","modified_gmt":"2026-01-21T09:08:59","slug":"fox-ammunition-308win","status":"publish","type":"product","link":"https:\/\/nbg.eu\/lv\/product\/fox-ammunition-308win\/","title":{"rendered":"Fox Ammunition 308win"},"content":{"rendered":"<div class=\"product-description\">\n<h2>Fox Classic Hunter Mun\u012bcija<\/h2>\n<p>Fox Classic Hunter lodes ir bez svina, paredz\u0113tas visiem Eiropas med\u012bbu scen\u0101rijiem. Izgatavotas no vara-cinka sakaus\u0113juma, t\u0101s pied\u0101v\u0101:<\/p>\n<ul>\n<li>Efektivit\u0101te no tuvas distances me\u017eac\u016bku med\u012bb\u0101m l\u012bdz t\u0101liem \u0161\u0101vieniem kalnos<\/li>\n<li>Deform\u0101cija pie zem\u0101kiem trieciena \u0101trumiem (500 m\/s)<\/li>\n<li>Rievots dizains samazin\u0101tam stobra spiedienam un palielin\u0101tam \u0101trumam<\/li>\n<li>Termostabils plastmasas uzgalis uzlabotai balistikai un termin\u0101lajai iedarb\u012bbai<\/li>\n<li>Kontrol\u0113ta izple\u0161an\u0101s efekt\u012bvai ener\u0123ijas p\u0101rne\u0161anai un aptur\u0113\u0161anas sp\u0113jai<\/li>\n<li>S\u0113nes veida deform\u0101cija l\u012bdz pat divk\u0101r\u0161am kalibra diametram<\/li>\n<li>95%+ masas saglab\u0101\u0161ana norm\u0101los iek\u013c\u016b\u0161anas apst\u0101k\u013cos<\/li>\n<li>Ga\u013cas saglab\u0101\u0161ana<\/li>\n<\/ul>\n<p>Fox Classic Hunter mun\u012bcija nodro\u0161ina veiktsp\u0113ju un \u0113tiskas med\u012bbas.<\/p>\n<\/div>\n","protected":false},"excerpt":{"rendered":"<p>Bezsvina mun\u012bcija daudzpus\u012bg\u0101m Eiropas med\u012bb\u0101m. Prec\u012bza un efekt\u012bva.<\/p>\n","protected":false},"featured_media":55153,"template":"","meta":{"_acf_changed":false},"product_brand":[11344],"product_cat":[13830,13840],"product_tag":[],"class_list":{"0":"post-55152","1":"product","2":"type-product","3":"status-publish","4":"has-post-thumbnail","6":"product_brand-fox-bullets","7":"product_cat-municija","8":"product_cat-sautenes-municija","10":"first","11":"instock","12":"taxable","13":"shipping-taxable","14":"purchasable","15":"product-type-variable","16":"wvs-archive-product-wrapper"},"acf":[],"_links":{"self":[{"href":"https:\/\/nbg.eu\/lv\/wp-json\/wp\/v2\/product\/55152","targetHints":{"allow":["GET"]}}],"collection":[{"href":"https:\/\/nbg.eu\/lv\/wp-json\/wp\/v2\/product"}],"about":[{"href":"https:\/\/nbg.eu\/lv\/wp-json\/wp\/v2\/types\/product"}],"wp:featuredmedia":[{"embeddable":true,"href":"https:\/\/nbg.eu\/lv\/wp-json\/wp\/v2\/media\/55153"}],"wp:attachment":[{"href":"https:\/\/nbg.eu\/lv\/wp-json\/wp\/v2\/media?parent=55152"}],"wp:term":[{"taxonomy":"product_brand","embeddable":true,"href":"https:\/\/nbg.eu\/lv\/wp-json\/wp\/v2\/product_brand?post=55152"},{"taxonomy":"product_cat","embeddable":true,"href":"https:\/\/nbg.eu\/lv\/wp-json\/wp\/v2\/product_cat?post=55152"},{"taxonomy":"product_tag","embeddable":true,"href":"https:\/\/nbg.eu\/lv\/wp-json\/wp\/v2\/product_tag?post=55152"}],"curies":[{"name":"wp","href":"https:\/\/api.w.org\/{rel}","templated":true}]}}