{"id":55859,"date":"2024-02-28T05:48:50","date_gmt":"2024-09-13T13:17:53","guid":{"rendered":"https:\/\/nbg.eu\/product\/fox-classic-hunter-311\/"},"modified":"2026-01-21T12:16:51","modified_gmt":"2026-01-21T09:16:51","slug":"fox-classic-hunter-311","status":"publish","type":"product","link":"https:\/\/nbg.eu\/lv\/product\/fox-classic-hunter-311\/","title":{"rendered":"Fox Classic Hunter .311"},"content":{"rendered":"<div class=\"product-description\">\n<h2>Fox Classic Hunter<\/h2>\n<p>Fox Classic Hunter ir bezsvina lode, kas paredz\u0113ta Eiropas medniekiem da\u017e\u0101d\u0101s med\u012bbu situ\u0101cij\u0101s. \u0160\u012b vara-cinka sakaus\u0113juma lode ir piem\u0113rota gan me\u017eac\u016bku med\u012bb\u0101m, gan kalnu med\u012bb\u0101m.<\/p>\n<ul>\n<li>Bezsvina sast\u0101vs<\/li>\n<li>Efekt\u012bva deform\u0101cija pie zem\u0101kiem trieciena \u0101trumiem (500 m\/s)<\/li>\n<li>Rievota konstrukcija samazin\u0101tam stobra spiedienam un palielin\u0101tam \u0101trumam<\/li>\n<li>Termoiztur\u012bgs plastmasas uzgalis uzlabo balistiku un termin\u0101lefektu<\/li>\n<li>Kontrol\u0113ta izple\u0161an\u0101s optim\u0101lai ener\u0123ijas p\u0101rne\u0161anai<\/li>\n<li>S\u0113nes formas deform\u0101cija l\u012bdz divk\u0101r\u0161am kalibra diametram<\/li>\n<li>Augsta aptur\u0113\u0161anas sp\u0113ja ar minim\u0101liem ga\u013cas boj\u0101jumiem<\/li>\n<\/ul>\n<p>Fox Classic Hunter ir piem\u0113rots \u0113tisku un efekt\u012bvu med\u012bbu veik\u0161anai vis\u0101 Eirop\u0101.<\/p>\n<\/div>\n","protected":false},"excerpt":{"rendered":"<p>Bezsvinota vara-cinka lode daudzpus\u012bg\u0101m med\u012bb\u0101m. \u0100tra izple\u0161an\u0101s, augsta precizit\u0101te.<\/p>\n","protected":false},"featured_media":55860,"template":"","meta":{"_acf_changed":false},"product_brand":[11344],"product_cat":[13813],"product_tag":[],"class_list":{"0":"post-55859","1":"product","2":"type-product","3":"status-publish","4":"has-post-thumbnail","6":"product_brand-fox-bullets","7":"product_cat-parladesana","9":"first","10":"instock","11":"taxable","12":"shipping-taxable","13":"purchasable","14":"product-type-variable","15":"wvs-archive-product-wrapper"},"acf":[],"_links":{"self":[{"href":"https:\/\/nbg.eu\/lv\/wp-json\/wp\/v2\/product\/55859","targetHints":{"allow":["GET"]}}],"collection":[{"href":"https:\/\/nbg.eu\/lv\/wp-json\/wp\/v2\/product"}],"about":[{"href":"https:\/\/nbg.eu\/lv\/wp-json\/wp\/v2\/types\/product"}],"wp:featuredmedia":[{"embeddable":true,"href":"https:\/\/nbg.eu\/lv\/wp-json\/wp\/v2\/media\/55860"}],"wp:attachment":[{"href":"https:\/\/nbg.eu\/lv\/wp-json\/wp\/v2\/media?parent=55859"}],"wp:term":[{"taxonomy":"product_brand","embeddable":true,"href":"https:\/\/nbg.eu\/lv\/wp-json\/wp\/v2\/product_brand?post=55859"},{"taxonomy":"product_cat","embeddable":true,"href":"https:\/\/nbg.eu\/lv\/wp-json\/wp\/v2\/product_cat?post=55859"},{"taxonomy":"product_tag","embeddable":true,"href":"https:\/\/nbg.eu\/lv\/wp-json\/wp\/v2\/product_tag?post=55859"}],"curies":[{"name":"wp","href":"https:\/\/api.w.org\/{rel}","templated":true}]}}