{"id":575078,"date":"2025-10-10T12:34:49","date_gmt":"2025-10-10T09:34:49","guid":{"rendered":"https:\/\/nbg.eu\/product\/grips-kmr-l-modular-brass\/"},"modified":"2026-04-16T17:47:01","modified_gmt":"2026-04-16T14:47:01","slug":"grips-kmr-l-modular-brass","status":"publish","type":"product","link":"https:\/\/nbg.eu\/lv\/product\/grips-kmr-l-modular-brass\/","title":{"rendered":"KMR Rokturi L Modular Misi\u0146\u0161"},"content":{"rendered":"<h2>GRIPS KMR L MODULAR BRASS<\/h2>\n<p><strong>Atsauce:<\/strong> 0611-04101-0316<\/p>\n<p>GRIPS KMR L MODULAR BRASS ir pilna izm\u0113ra rokturis, kas paredz\u0113ts KMR bez magwella. Tam ir modul\u0101ra tekst\u016bra, kas nodro\u0161ina piel\u0101gojamu satv\u0113rienu.<\/p>\n<h2>Sader\u012bgie iero\u010di:<\/h2>\n<ul>\n<li>KMR L-02 SPECTRA (no 2024. gada)<\/li>\n<li>KMR L-02 SPECTRA (l\u012bdz 2023. gadam)<\/li>\n<li>KMR L-02 UMBRA<\/li>\n<li>KMR L-02 UMBRA (no 2024. gada)<\/li>\n<li>KMR L-02 UMBRA (l\u012bdz 2023. gadam)<\/li>\n<\/ul>\n<p>\u0160is rokturis ir paredz\u0113ts KMR uzlabo\u0161anai.<\/p>\n","protected":false},"excerpt":{"rendered":"<p>Pilna izm\u0113ra modul\u0101rs misi\u0146a rokturis KMR L-02 SPECTRA\/UMBRA mode\u013ciem.<\/p>\n","protected":false},"featured_media":575112,"template":"","meta":{"_acf_changed":false},"product_brand":[11512],"product_cat":[13777,14886],"product_tag":[],"class_list":{"0":"post-575078","1":"product","2":"type-product","3":"status-publish","4":"has-post-thumbnail","6":"product_brand-kmr-precision","7":"product_cat-kmr-detalas","8":"product_cat-pistol-grips-lv","10":"first","11":"instock","12":"taxable","13":"shipping-taxable","14":"purchasable","15":"product-type-simple"},"acf":[],"_links":{"self":[{"href":"https:\/\/nbg.eu\/lv\/wp-json\/wp\/v2\/product\/575078","targetHints":{"allow":["GET"]}}],"collection":[{"href":"https:\/\/nbg.eu\/lv\/wp-json\/wp\/v2\/product"}],"about":[{"href":"https:\/\/nbg.eu\/lv\/wp-json\/wp\/v2\/types\/product"}],"wp:featuredmedia":[{"embeddable":true,"href":"https:\/\/nbg.eu\/lv\/wp-json\/wp\/v2\/media\/575112"}],"wp:attachment":[{"href":"https:\/\/nbg.eu\/lv\/wp-json\/wp\/v2\/media?parent=575078"}],"wp:term":[{"taxonomy":"product_brand","embeddable":true,"href":"https:\/\/nbg.eu\/lv\/wp-json\/wp\/v2\/product_brand?post=575078"},{"taxonomy":"product_cat","embeddable":true,"href":"https:\/\/nbg.eu\/lv\/wp-json\/wp\/v2\/product_cat?post=575078"},{"taxonomy":"product_tag","embeddable":true,"href":"https:\/\/nbg.eu\/lv\/wp-json\/wp\/v2\/product_tag?post=575078"}],"curies":[{"name":"wp","href":"https:\/\/api.w.org\/{rel}","templated":true}]}}