{"id":57533,"date":"2024-02-20T22:53:48","date_gmt":"2024-02-20T19:53:48","guid":{"rendered":"https:\/\/nbg.eu\/product\/geissele-ar15-super-precision-30mm-extended\/"},"modified":"2026-01-21T11:56:54","modified_gmt":"2026-01-21T08:56:54","slug":"geissele-ar15-super-precision-30mm-extended","status":"publish","type":"product","link":"https:\/\/nbg.eu\/lv\/product\/geissele-ar15-super-precision-30mm-extended\/","title":{"rendered":"Geissele  AR15 Super Precision\u00ae 30mm, Extended"},"content":{"rendered":"<div class=\"product-description\">\n<h2>Geissele AR15 Super Precision\u00ae 30mm, Pagarin\u0101ts<\/h2>\n<p>Izstr\u0101d\u0101ts lieto\u0161anai ar AR-15\/M4 aug\u0161da\u013c\u0101m, Geissele Super Precision\u00ae 30mm pagarin\u0101tais stiprin\u0101jums nodro\u0161ina stabilit\u0101ti un precizit\u0101ti. Galven\u0101s \u012bpa\u0161\u012bbas:<\/p>\n<ul>\n<li>7 sekciju picatinny sliede ar 4 \u0161\u0137\u0113rsfiksatoriem dro\u0161ai uzst\u0101d\u012b\u0161anai<\/li>\n<li>Uzgrie\u017e\u0146a un skr\u016bves stiprin\u0101juma sist\u0113ma, kas nodro\u0161ina 1400 m\u0101rci\u0146u sp\u0113ku uz komplektu<\/li>\n<li>Izgatavots no viengabala 7075-T6 augstas iztur\u012bbas alum\u012bnija sagataves<\/li>\n<li>Uzlabota iztur\u012bba un stingr\u012bba, izmantojot strat\u0113\u0123isku dobumu veido\u0161anu un ribo\u0161anu<\/li>\n<li>Prec\u012bzi izurbti v\u0101ci\u0146i lab\u0101kai t\u0113mek\u013ca piel\u0101go\u0161anai un aizsardz\u012bbai<\/li>\n<li>Da\u017e\u0101das v\u0101ci\u0146u atra\u0161an\u0101s vietas da\u017e\u0101du t\u0113mek\u013cu dizainu izmanto\u0161anai<\/li>\n<\/ul>\n<p>\u0160is modernais t\u0113mek\u013ca stiprin\u0101jums nodro\u0161ina prec\u012bzu atgrie\u0161anos s\u0101kuma poz\u012bcij\u0101 un iztur\u012bbu, un ir paredz\u0113ts iztur\u0113t sare\u017e\u0123\u012btus apst\u0101k\u013cus.<\/p>\n<\/div>\n","protected":false},"excerpt":{"rendered":"<p>Prec\u012bzs 30mm AR-15 optisk\u0101 t\u0113mek\u013ca stiprin\u0101jums. Dro\u0161s, iztur\u012bgs, izgatavots no 7075-T6 alum\u012bnija.<\/p>\n","protected":false},"featured_media":57534,"template":"","meta":{"_acf_changed":false},"product_brand":[11383],"product_cat":[14900,13827],"product_tag":[],"class_list":{"0":"post-57533","1":"product","2":"type-product","3":"status-publish","4":"has-post-thumbnail","6":"product_brand-geissele","7":"product_cat-mounts-lv","8":"product_cat-sautene","10":"first","11":"instock","12":"taxable","13":"shipping-taxable","14":"product-type-variable","15":"wvs-archive-product-wrapper"},"acf":[],"_links":{"self":[{"href":"https:\/\/nbg.eu\/lv\/wp-json\/wp\/v2\/product\/57533","targetHints":{"allow":["GET"]}}],"collection":[{"href":"https:\/\/nbg.eu\/lv\/wp-json\/wp\/v2\/product"}],"about":[{"href":"https:\/\/nbg.eu\/lv\/wp-json\/wp\/v2\/types\/product"}],"wp:featuredmedia":[{"embeddable":true,"href":"https:\/\/nbg.eu\/lv\/wp-json\/wp\/v2\/media\/57534"}],"wp:attachment":[{"href":"https:\/\/nbg.eu\/lv\/wp-json\/wp\/v2\/media?parent=57533"}],"wp:term":[{"taxonomy":"product_brand","embeddable":true,"href":"https:\/\/nbg.eu\/lv\/wp-json\/wp\/v2\/product_brand?post=57533"},{"taxonomy":"product_cat","embeddable":true,"href":"https:\/\/nbg.eu\/lv\/wp-json\/wp\/v2\/product_cat?post=57533"},{"taxonomy":"product_tag","embeddable":true,"href":"https:\/\/nbg.eu\/lv\/wp-json\/wp\/v2\/product_tag?post=57533"}],"curies":[{"name":"wp","href":"https:\/\/api.w.org\/{rel}","templated":true}]}}