{"id":575536,"date":"2025-10-10T12:34:58","date_gmt":"2025-10-10T09:34:58","guid":{"rendered":"https:\/\/nbg.eu\/product\/grips-kmr-l-dotmatrix-ergo-brass\/"},"modified":"2026-04-16T17:46:58","modified_gmt":"2026-04-16T14:46:58","slug":"grips-kmr-l-dotmatrix-ergo-brass","status":"publish","type":"product","link":"https:\/\/nbg.eu\/lv\/product\/grips-kmr-l-dotmatrix-ergo-brass\/","title":{"rendered":"KMR Rokturi L DotMatrix Ergo Misi\u0146\u0161"},"content":{"rendered":"<h2>KMR L DOTMATRIX ERGO BRASS ROKTURI<\/h2>\n<p>KMR Precision Arms misi\u0146a rokturi pie\u0161\u0137ir j\u016bsu iero\u010du moderniz\u0113tu, at\u0161\u0137ir\u012bgu izskatu, vienlaikus pievienojot l\u012bdzsvarotu svaru lab\u0101kai kontrolei. Ergonomiski veidot\u0101 DotMatrix Ergo tekst\u016bra nodro\u0161ina dro\u0161u un \u0113rtu tv\u0113rienu, uzlabojot stabilit\u0101ti pat ilgsto\u0161\u0101 lieto\u0161an\u0101 vai pras\u012bgos apst\u0101k\u013cos. Ar prec\u012bzu apstr\u0101di, augstu iztur\u012bbu un p\u0101rdom\u0101tu dizainu \u0161ie rokturi ir lieliska izv\u0113le \u0161\u0101v\u0113jiem, kas mekl\u0113 funkcionalit\u0101tes, uzticam\u012bbas un stila kombin\u0101ciju.<\/p>\n<p>Z\u012bmols: KMR Precision Arms<br \/>\nIero\u010du veids: KMR<br \/>\nSader\u012bba: KMR L-02 UMBRA NO 2024<br \/>\nRoktura garums: pilna izm\u0113ra &#8211; bez aptveres atveres<br \/>\nTekst\u016bra: Dotmatrix Ergo<br \/>\nMateri\u0101ls: Misi\u0146\u0161<\/p>\n","protected":false},"excerpt":{"rendered":"<p>Misi\u0146a satveram\u0101s da\u013cas KMR \u2013 DotMatrix Ergo Pattern. Ergonomiska fakt\u016bra, kas nodro\u0161ina dro\u0161u un komfortablu satv\u0113rienu, l\u012bdzsvarots svars uzlabotai kontrolei.<\/p>\n","protected":false},"featured_media":575567,"template":"","meta":{"_acf_changed":false},"product_brand":[11512],"product_cat":[13777,14886],"product_tag":[],"class_list":{"0":"post-575536","1":"product","2":"type-product","3":"status-publish","4":"has-post-thumbnail","6":"product_brand-kmr-precision","7":"product_cat-kmr-detalas","8":"product_cat-pistol-grips-lv","10":"first","11":"instock","12":"taxable","13":"shipping-taxable","14":"purchasable","15":"product-type-simple"},"acf":[],"_links":{"self":[{"href":"https:\/\/nbg.eu\/lv\/wp-json\/wp\/v2\/product\/575536","targetHints":{"allow":["GET"]}}],"collection":[{"href":"https:\/\/nbg.eu\/lv\/wp-json\/wp\/v2\/product"}],"about":[{"href":"https:\/\/nbg.eu\/lv\/wp-json\/wp\/v2\/types\/product"}],"wp:featuredmedia":[{"embeddable":true,"href":"https:\/\/nbg.eu\/lv\/wp-json\/wp\/v2\/media\/575567"}],"wp:attachment":[{"href":"https:\/\/nbg.eu\/lv\/wp-json\/wp\/v2\/media?parent=575536"}],"wp:term":[{"taxonomy":"product_brand","embeddable":true,"href":"https:\/\/nbg.eu\/lv\/wp-json\/wp\/v2\/product_brand?post=575536"},{"taxonomy":"product_cat","embeddable":true,"href":"https:\/\/nbg.eu\/lv\/wp-json\/wp\/v2\/product_cat?post=575536"},{"taxonomy":"product_tag","embeddable":true,"href":"https:\/\/nbg.eu\/lv\/wp-json\/wp\/v2\/product_tag?post=575536"}],"curies":[{"name":"wp","href":"https:\/\/api.w.org\/{rel}","templated":true}]}}