{"id":575731,"date":"2025-10-10T12:35:10","date_gmt":"2025-10-10T09:35:10","guid":{"rendered":"https:\/\/nbg.eu\/product\/grips-kmr-l-diamondcut-short-brass\/"},"modified":"2026-04-16T17:46:54","modified_gmt":"2026-04-16T14:46:54","slug":"grips-kmr-l-diamondcut-short-brass","status":"publish","type":"product","link":"https:\/\/nbg.eu\/lv\/product\/grips-kmr-l-diamondcut-short-brass\/","title":{"rendered":"KMR Rokturi L Diamondcut Short Misi\u0146\u0161"},"content":{"rendered":"<h2>ROKTURI KMR L DIAMONDCUT \u012aSI MISI\u0145A<\/h2>\n<p><strong>Atsauce:<\/strong> 0611-05202-0316 | <strong>Z\u012bmols:<\/strong> KMR Precision Arms<\/p>\n<p>GRIPS KMR L DIAMONDCUT SHORT BRASS ir paredz\u0113ti KMR L-02 SPECTRA un UMBRA mode\u013ciem (l\u012bdz 2023. gadam). \u0160ie \u012bsie rokturi nodro\u0161ina kontroli un \u0113rtumu.<\/p>\n<p>Galven\u0101s \u012bpa\u0161\u012bbas:<\/p>\n<ul>\n<li>Izstr\u0101d\u0101ti KMR \u0161aujamiero\u010diem<\/li>\n<li>\u012ass roktura garums uzlabotai manevr\u0113tsp\u0113jai<\/li>\n<li>Diamondcut tekst\u016bra lab\u0101kai satverei un kontrolei<\/li>\n<li>Misi\u0146a konstrukcija iztur\u012bbai<\/li>\n<li>Sader\u012bgi ar KMR L-02 SPECTRA un UMBRA mode\u013ciem l\u012bdz 2023. gadam<\/li>\n<\/ul>\n<p>\u0160ie rokturi ir paredz\u0113ti, lai uzlabotu j\u016bsu \u0161au\u0161anas sniegumu un \u0113rtumu KMR \u0161aujamiero\u010diem.<\/p>\n","protected":false},"excerpt":{"rendered":"<p>\u012asi, dimanta griezuma misi\u0146a rokturi KMR L-02 \u0161auten\u0113m. Prec\u012bza piel\u0101go\u0161ana.<\/p>\n","protected":false},"featured_media":575763,"template":"","meta":{"_acf_changed":false},"product_brand":[11512],"product_cat":[13777,14886],"product_tag":[],"class_list":{"0":"post-575731","1":"product","2":"type-product","3":"status-publish","4":"has-post-thumbnail","6":"product_brand-kmr-precision","7":"product_cat-kmr-detalas","8":"product_cat-pistol-grips-lv","10":"first","11":"instock","12":"taxable","13":"shipping-taxable","14":"purchasable","15":"product-type-simple"},"acf":[],"_links":{"self":[{"href":"https:\/\/nbg.eu\/lv\/wp-json\/wp\/v2\/product\/575731","targetHints":{"allow":["GET"]}}],"collection":[{"href":"https:\/\/nbg.eu\/lv\/wp-json\/wp\/v2\/product"}],"about":[{"href":"https:\/\/nbg.eu\/lv\/wp-json\/wp\/v2\/types\/product"}],"wp:featuredmedia":[{"embeddable":true,"href":"https:\/\/nbg.eu\/lv\/wp-json\/wp\/v2\/media\/575763"}],"wp:attachment":[{"href":"https:\/\/nbg.eu\/lv\/wp-json\/wp\/v2\/media?parent=575731"}],"wp:term":[{"taxonomy":"product_brand","embeddable":true,"href":"https:\/\/nbg.eu\/lv\/wp-json\/wp\/v2\/product_brand?post=575731"},{"taxonomy":"product_cat","embeddable":true,"href":"https:\/\/nbg.eu\/lv\/wp-json\/wp\/v2\/product_cat?post=575731"},{"taxonomy":"product_tag","embeddable":true,"href":"https:\/\/nbg.eu\/lv\/wp-json\/wp\/v2\/product_tag?post=575731"}],"curies":[{"name":"wp","href":"https:\/\/api.w.org\/{rel}","templated":true}]}}