{"id":575942,"date":"2025-10-10T12:35:14","date_gmt":"2025-10-10T09:35:14","guid":{"rendered":"https:\/\/nbg.eu\/product\/safety-set-kmr-lw-rf\/"},"modified":"2026-04-16T17:46:52","modified_gmt":"2026-04-16T14:46:52","slug":"safety-set-kmr-lw-rf","status":"publish","type":"product","link":"https:\/\/nbg.eu\/lv\/product\/safety-set-kmr-lw-rf\/","title":{"rendered":"KMR Dro\u0161\u012bbas Komplekts LW-RF"},"content":{"rendered":"<h2>DRO\u0160\u012aBAS KOMPLEKTS KMR LW-RF<\/h2>\n<p><strong>Atsauce:<\/strong> 0671-03002-0000<\/p>\n<p>Uzlabojiet sava KMR iero\u010da dro\u0161\u012bbu ar m\u016bsu visaptvero\u0161o DRO\u0160\u012aBAS KOMPLEKTU KMR LW-RF. \u0160is b\u016btiskais komplekts ir izstr\u0101d\u0101ts, lai nodro\u0161in\u0101tu optim\u0101lu aizsardz\u012bbu un funkcionalit\u0101ti pla\u0161am KMR mode\u013cu kl\u0101stam, tostarp:<\/p>\n<ul>\n<li>KMR L-02 ORCA (2024 un jaun\u0101kiem)<\/li>\n<li>KMR L-02 ORCA (2023 un vec\u0101kiem)<\/li>\n<li>KMR L-02 SPECTRA (2023 un vec\u0101kiem)<\/li>\n<li>KMR W-02 CUDA (2024 un jaun\u0101kiem)<\/li>\n<li>KMR W-02 CUDA (2023 un vec\u0101kiem)<\/li>\n<li>KMR W-02 UMBRA<\/li>\n<li>KMR W-02 UMBRA (OR)<\/li>\n<\/ul>\n<p>M\u016bsu DRO\u0160\u012aBAS KOMPLEKTS KMR LW-RF ir izstr\u0101d\u0101ts, lai atbilstu augst\u0101kajiem uzticam\u012bbas un veiktsp\u0113jas standartiem. Vai lietojat jaun\u0101ko ORCA modeli vai klasisko UMBRA, \u0161is daudzpus\u012bgais dro\u0161\u012bbas komplekts nodro\u0161ina, ka j\u016bsu ierocis darbojas dro\u0161i un efekt\u012bvi. Uzlabojiet savu KMR ieroci \u0161odien ar \u0161o noteikti nepiecie\u0161amo dro\u0161\u012bbas aksesu\u0101ru.<\/p>\n","protected":false},"excerpt":{"rendered":"<p>Galven\u0101 dro\u0161\u012bbas ier\u012bce KMR iero\u010diem, sader\u012bga ar vair\u0101kiem mode\u013ciem<\/p>\n","protected":false},"featured_media":575992,"template":"","meta":{"_acf_changed":false},"product_brand":[],"product_cat":[13777],"product_tag":[],"class_list":{"0":"post-575942","1":"product","2":"type-product","3":"status-publish","4":"has-post-thumbnail","6":"product_cat-kmr-detalas","8":"first","9":"outofstock","10":"taxable","11":"shipping-taxable","12":"purchasable","13":"product-type-simple"},"acf":[],"_links":{"self":[{"href":"https:\/\/nbg.eu\/lv\/wp-json\/wp\/v2\/product\/575942","targetHints":{"allow":["GET"]}}],"collection":[{"href":"https:\/\/nbg.eu\/lv\/wp-json\/wp\/v2\/product"}],"about":[{"href":"https:\/\/nbg.eu\/lv\/wp-json\/wp\/v2\/types\/product"}],"wp:featuredmedia":[{"embeddable":true,"href":"https:\/\/nbg.eu\/lv\/wp-json\/wp\/v2\/media\/575992"}],"wp:attachment":[{"href":"https:\/\/nbg.eu\/lv\/wp-json\/wp\/v2\/media?parent=575942"}],"wp:term":[{"taxonomy":"product_brand","embeddable":true,"href":"https:\/\/nbg.eu\/lv\/wp-json\/wp\/v2\/product_brand?post=575942"},{"taxonomy":"product_cat","embeddable":true,"href":"https:\/\/nbg.eu\/lv\/wp-json\/wp\/v2\/product_cat?post=575942"},{"taxonomy":"product_tag","embeddable":true,"href":"https:\/\/nbg.eu\/lv\/wp-json\/wp\/v2\/product_tag?post=575942"}],"curies":[{"name":"wp","href":"https:\/\/api.w.org\/{rel}","templated":true}]}}