{"id":582855,"date":"2025-10-10T12:39:54","date_gmt":"2025-10-10T09:39:54","guid":{"rendered":"https:\/\/nbg.eu\/product\/barwarus-muzzle-break-bulldog-m24x1-5rh-black\/"},"modified":"2026-01-21T11:34:38","modified_gmt":"2026-01-21T08:34:38","slug":"barwarus-muzzle-break-bulldog-m24x1-5rh-black","status":"publish","type":"product","link":"https:\/\/nbg.eu\/lv\/product\/barwarus-muzzle-break-bulldog-m24x1-5rh-black\/","title":{"rendered":"BARWARUS MUZZLE BREAK BULLDOG M24X1.5RH BLACK"},"content":{"rendered":"<div class=\"product-description\">\n<h1>BARWARUS Bulldog 021 T\u0113rauda M24x1.5 RH Krievu Kompensators<\/h1>\n<p>BARWARUS Bulldog stobra bremzes II versija, paredz\u0113ta 5,45 un 7,62 kalibra \u0161aujamiero\u010diem. \u0160is kompensators ir izgatavots no augstas iztur\u012bbas t\u0113rauda ar melnu aizsargp\u0101rkl\u0101jumu.<\/p>\n<h2>Galven\u0101s Iez\u012bmes:<\/h2>\n<ul>\n<li>M24x1.5 RH (lab\u0101s puses) \u0101r\u0113j\u0101 v\u012btne<\/li>\n<li>Paredz\u0113ts atsitiena samazin\u0101\u0161anai<\/li>\n<li>Izgatavots no augstas iztur\u012bbas t\u0113rauda<\/li>\n<li>Melns aizsargp\u0101rkl\u0101jums<\/li>\n<\/ul>\n<p>BARWARUS Bulldog 021 kompensators samazina atsitienu, kas \u013cauj \u0101tr\u0101k veikt atk\u0101rtotus \u0161\u0101vienus un uzlabo precizit\u0101ti. T\u0101 konstrukcija nodro\u0161ina ilgsto\u0161u darb\u012bbu da\u017e\u0101dos \u0161au\u0161anas apst\u0101k\u013cos.<\/p>\n<p>BARWARUS Bulldog 021 var uzlabot \u0161au\u0161anas precizit\u0101ti un kontroli.<\/p>\n<\/div>\n","protected":false},"excerpt":{"rendered":"<p>T\u0113rauda stobra bremze \u0161auten\u0113m. Samazina atsitienu. M24x1.5 lab\u0101s puses v\u012btne.<\/p>\n","protected":false},"featured_media":582860,"template":"","meta":{"_acf_changed":false},"product_brand":[],"product_cat":[13843],"product_tag":[],"class_list":{"0":"post-582855","1":"product","2":"type-product","3":"status-publish","4":"has-post-thumbnail","6":"product_cat-nekategorizets","8":"first","9":"outofstock","10":"taxable","11":"shipping-taxable","12":"purchasable","13":"product-type-simple"},"acf":[],"_links":{"self":[{"href":"https:\/\/nbg.eu\/lv\/wp-json\/wp\/v2\/product\/582855","targetHints":{"allow":["GET"]}}],"collection":[{"href":"https:\/\/nbg.eu\/lv\/wp-json\/wp\/v2\/product"}],"about":[{"href":"https:\/\/nbg.eu\/lv\/wp-json\/wp\/v2\/types\/product"}],"wp:featuredmedia":[{"embeddable":true,"href":"https:\/\/nbg.eu\/lv\/wp-json\/wp\/v2\/media\/582860"}],"wp:attachment":[{"href":"https:\/\/nbg.eu\/lv\/wp-json\/wp\/v2\/media?parent=582855"}],"wp:term":[{"taxonomy":"product_brand","embeddable":true,"href":"https:\/\/nbg.eu\/lv\/wp-json\/wp\/v2\/product_brand?post=582855"},{"taxonomy":"product_cat","embeddable":true,"href":"https:\/\/nbg.eu\/lv\/wp-json\/wp\/v2\/product_cat?post=582855"},{"taxonomy":"product_tag","embeddable":true,"href":"https:\/\/nbg.eu\/lv\/wp-json\/wp\/v2\/product_tag?post=582855"}],"curies":[{"name":"wp","href":"https:\/\/api.w.org\/{rel}","templated":true}]}}