{"id":583015,"date":"2025-10-08T23:36:42","date_gmt":"2025-10-08T20:36:42","guid":{"rendered":"https:\/\/nbg.eu\/product\/utg-pro-m-lok-light-mount-for-mp5\/"},"modified":"2026-02-27T15:51:16","modified_gmt":"2026-02-27T12:51:16","slug":"utg-pro-m-lok-light-mount-for-mp5","status":"publish","type":"product","link":"https:\/\/nbg.eu\/lv\/product\/utg-pro-m-lok-light-mount-for-mp5\/","title":{"rendered":"UTG PRO\u00ae M-LOK\u00ae Light Mount, for MP5\u00ae"},"content":{"rendered":"<div class=\"product-description\">\n<h1>UTG PRO\u00ae M-LOK\u00ae Luktura Stiprin\u0101jums priek\u0161 MP5\u00ae<\/h1>\n<p><strong>SKU:<\/strong> MTU058SSM<\/p>\n<p>UTG PRO\u00ae M-LOK\u00ae Luktura Stiprin\u0101jums MP5\u00ae tipa pistol\u0113m vai \u0161auten\u0113m. \u0160is piederums dro\u0161i piestiprin\u0101s pie priek\u0161\u0113j\u0101 t\u0113mek\u013ca, netrauc\u0113jot rokturiem vai priek\u0161\u0113j\u0101m da\u013c\u0101m, nodro\u0161inot stabilu platformu lukturiem, sl\u0113d\u017eiem un citiem piederumiem.<\/p>\n<h2>Galven\u0101s Iez\u012bmes:<\/h2>\n<ul>\n<li>Izstr\u0101d\u0101ts un ra\u017eots ASV<\/li>\n<li>Viegls, mat\u0113ts melns anod\u0113ts alum\u012bnija konstrukcija<\/li>\n<li>M-LOK\u00ae spraugas 11, 12 un 1 pulkste\u0146a poz\u012bcij\u0101s<\/li>\n<li>Sader\u012bgs ar MP5 tipa pistol\u0113m un \u0161auten\u0113m (nav sader\u012bgs ar K tipa uztv\u0113r\u0113jiem)<\/li>\n<li>Dro\u0161a piestiprin\u0101\u0161ana pie priek\u0161\u0113j\u0101 t\u0113mek\u013ca<\/li>\n<\/ul>\n<p>Uzlabojiet savu MP5\u00ae ar \u0161o luktura stiprin\u0101jumu.<\/p>\n<\/div>\n","protected":false},"excerpt":{"rendered":"<p>ASV ra\u017eots MP5\u00ae luktura stiprin\u0101jums. M-LOK\u00ae sloti, dro\u0161a piestiprin\u0101\u0161ana, daudzpus\u012bgs.<\/p>\n","protected":false},"featured_media":583025,"template":"","meta":{"_acf_changed":false},"product_brand":[14415],"product_cat":[14963,369],"product_tag":[],"class_list":{"0":"post-583015","1":"product","2":"type-product","3":"status-publish","4":"has-post-thumbnail","6":"product_brand-leapers-inc","7":"product_cat-m-lok-rail-systems-lv","8":"product_cat-uncategorized","10":"first","11":"instock","12":"taxable","13":"shipping-taxable","14":"purchasable","15":"product-type-simple"},"acf":[],"_links":{"self":[{"href":"https:\/\/nbg.eu\/lv\/wp-json\/wp\/v2\/product\/583015","targetHints":{"allow":["GET"]}}],"collection":[{"href":"https:\/\/nbg.eu\/lv\/wp-json\/wp\/v2\/product"}],"about":[{"href":"https:\/\/nbg.eu\/lv\/wp-json\/wp\/v2\/types\/product"}],"wp:featuredmedia":[{"embeddable":true,"href":"https:\/\/nbg.eu\/lv\/wp-json\/wp\/v2\/media\/583025"}],"wp:attachment":[{"href":"https:\/\/nbg.eu\/lv\/wp-json\/wp\/v2\/media?parent=583015"}],"wp:term":[{"taxonomy":"product_brand","embeddable":true,"href":"https:\/\/nbg.eu\/lv\/wp-json\/wp\/v2\/product_brand?post=583015"},{"taxonomy":"product_cat","embeddable":true,"href":"https:\/\/nbg.eu\/lv\/wp-json\/wp\/v2\/product_cat?post=583015"},{"taxonomy":"product_tag","embeddable":true,"href":"https:\/\/nbg.eu\/lv\/wp-json\/wp\/v2\/product_tag?post=583015"}],"curies":[{"name":"wp","href":"https:\/\/api.w.org\/{rel}","templated":true}]}}