{"id":58401,"date":"2024-02-17T21:23:00","date_gmt":"2024-02-17T18:23:00","guid":{"rendered":"https:\/\/nbg.eu\/product\/magazine-well-reaction-block-geissele-vise-block\/"},"modified":"2026-04-21T17:59:28","modified_gmt":"2026-04-21T14:59:28","slug":"magazine-well-reaction-block-geissele-vise-block","status":"publish","type":"product","link":"https:\/\/nbg.eu\/lv\/product\/magazine-well-reaction-block-geissele-vise-block\/","title":{"rendered":"Geissele Skr\u016bvsp\u012b\u013cu Bloks Vise Block"},"content":{"rendered":"<p><strong>Geissele Automatics aptveres ietvara skr\u016bvsp\u012b\u013cu bloks<\/strong> ir r\u012bks AR15\/M4 un AR10\/SR25 uztv\u0113r\u0113jiem. \u0160\u012b ASV ra\u017eot\u0101 ier\u012bce nodro\u0161ina:<\/p>\n<ul>\n<li>Stabilu platformu apak\u0161\u0113j\u0101 uztv\u0113r\u0113ja darb\u012bb\u0101m<\/li>\n<li>MLOK uzgrie\u017e\u0146u uzst\u0101d\u012b\u0161anu<\/li>\n<li>Bufera caurules mont\u0101\u017eu<\/li>\n<li>Iesp\u0113ju str\u0101d\u0101t bez rok\u0101m<\/li>\n<\/ul>\n<p>Piestipriniet to pie darba galda iero\u010dmeistara darbiem.<\/p>\n","protected":false},"excerpt":{"rendered":"<p>Dro\u0161as AR15\/M4\/AR10\/SR25 apak\u0161\u0113j\u0101s deta\u013cas darbam bez rok\u0101m. Ra\u017eots ASV.<\/p>\n","protected":false},"featured_media":58402,"template":"","meta":{"_acf_changed":false},"product_brand":[11383],"product_cat":[13807],"product_tag":[],"class_list":{"0":"post-58401","1":"product","2":"type-product","3":"status-publish","4":"has-post-thumbnail","6":"product_brand-geissele","7":"product_cat-instrumenti","9":"first","10":"outofstock","11":"taxable","12":"shipping-taxable","13":"product-type-simple"},"acf":[],"_links":{"self":[{"href":"https:\/\/nbg.eu\/lv\/wp-json\/wp\/v2\/product\/58401","targetHints":{"allow":["GET"]}}],"collection":[{"href":"https:\/\/nbg.eu\/lv\/wp-json\/wp\/v2\/product"}],"about":[{"href":"https:\/\/nbg.eu\/lv\/wp-json\/wp\/v2\/types\/product"}],"wp:featuredmedia":[{"embeddable":true,"href":"https:\/\/nbg.eu\/lv\/wp-json\/wp\/v2\/media\/58402"}],"wp:attachment":[{"href":"https:\/\/nbg.eu\/lv\/wp-json\/wp\/v2\/media?parent=58401"}],"wp:term":[{"taxonomy":"product_brand","embeddable":true,"href":"https:\/\/nbg.eu\/lv\/wp-json\/wp\/v2\/product_brand?post=58401"},{"taxonomy":"product_cat","embeddable":true,"href":"https:\/\/nbg.eu\/lv\/wp-json\/wp\/v2\/product_cat?post=58401"},{"taxonomy":"product_tag","embeddable":true,"href":"https:\/\/nbg.eu\/lv\/wp-json\/wp\/v2\/product_tag?post=58401"}],"curies":[{"name":"wp","href":"https:\/\/api.w.org\/{rel}","templated":true}]}}