{"id":595892,"date":"2025-10-17T16:20:30","date_gmt":"2025-10-17T13:20:30","guid":{"rendered":"https:\/\/nbg.eu\/product\/holster-rhh-190-ho-aiwb-crocy\/"},"modified":"2026-01-21T12:31:23","modified_gmt":"2026-01-21T09:31:23","slug":"holster-rhh-190-ho-aiwb-crocy","status":"publish","type":"product","link":"https:\/\/nbg.eu\/lv\/product\/holster-rhh-190-ho-aiwb-crocy\/","title":{"rendered":"Holster RHH 190-HO AIWB Crocy"},"content":{"rendered":"<div class=\"product-description\">\n<h2>Maksts RHH 190-HO AIWB Crocy<\/h2>\n<p>Maksts RHH 190-HO AIWB Crocy ir paredz\u0113ta sl\u0113ptai n\u0113s\u0101\u0161anai jostas iek\u0161pus\u0113 priek\u0161pus\u0113 (AIWB). \u0160\u012b maksts nodro\u0161ina komfortu un dro\u0161\u012bbu.<\/p>\n<ul>\n<li>Izgatavota no Kydex materi\u0101la ilgm\u016b\u017e\u012bbai<\/li>\n<li>Piel\u0101gota, lai nodro\u0161in\u0101tu prec\u012bzu sader\u012bbu ar konkr\u0113tu iero\u010da modeli<\/li>\n<li>Regul\u0113jama fiks\u0101cija personaliz\u0113tam vilk\u0161anas sp\u0113kam<\/li>\n<li>Aizsargs pret sviedriem pasarg\u0101 ieroci no mitruma un \u0101du no kairin\u0101juma<\/li>\n<li>Klipsis \u013cauj dzi\u013ci pasl\u0113pt zem neieloc\u012bta krekla<\/li>\n<li>Pieejama lab\u0101s rokas vilk\u0161anas konfigur\u0101cij\u0101<\/li>\n<\/ul>\n<p>Maksts RHH 190-HO AIWB Crocy nodro\u0161ina komfortu, sl\u0113p\u0161anu un \u0101tru piek\u013cuvi.<\/p>\n<\/div>\n","protected":false},"excerpt":{"rendered":"<p>Dro\u0161s AIWB ietvars sl\u0113ptai iero\u010da n\u0113s\u0101\u0161anai. Iztur\u012bgs, \u0113rts piegulums.<\/p>\n","protected":false},"featured_media":595980,"template":"","meta":{"_acf_changed":false},"product_brand":[11644],"product_cat":[13833,13800],"product_tag":[],"class_list":{"0":"post-595892","1":"product","2":"type-product","3":"status-publish","4":"has-post-thumbnail","6":"product_brand-rh-holsters","7":"product_cat-holsters","8":"product_cat-taktiskais-maksts","10":"first","11":"instock","12":"taxable","13":"shipping-taxable","14":"purchasable","15":"product-type-variable","16":"wvs-archive-product-wrapper"},"acf":[],"_links":{"self":[{"href":"https:\/\/nbg.eu\/lv\/wp-json\/wp\/v2\/product\/595892","targetHints":{"allow":["GET"]}}],"collection":[{"href":"https:\/\/nbg.eu\/lv\/wp-json\/wp\/v2\/product"}],"about":[{"href":"https:\/\/nbg.eu\/lv\/wp-json\/wp\/v2\/types\/product"}],"wp:featuredmedia":[{"embeddable":true,"href":"https:\/\/nbg.eu\/lv\/wp-json\/wp\/v2\/media\/595980"}],"wp:attachment":[{"href":"https:\/\/nbg.eu\/lv\/wp-json\/wp\/v2\/media?parent=595892"}],"wp:term":[{"taxonomy":"product_brand","embeddable":true,"href":"https:\/\/nbg.eu\/lv\/wp-json\/wp\/v2\/product_brand?post=595892"},{"taxonomy":"product_cat","embeddable":true,"href":"https:\/\/nbg.eu\/lv\/wp-json\/wp\/v2\/product_cat?post=595892"},{"taxonomy":"product_tag","embeddable":true,"href":"https:\/\/nbg.eu\/lv\/wp-json\/wp\/v2\/product_tag?post=595892"}],"curies":[{"name":"wp","href":"https:\/\/api.w.org\/{rel}","templated":true}]}}