{"id":60422,"date":"2024-02-15T07:17:14","date_gmt":"2024-02-15T07:17:14","guid":{"rendered":"https:\/\/nbg.eu\/product\/geissele-super-42-rifle-length-spring\/"},"modified":"2026-01-21T11:47:31","modified_gmt":"2026-01-21T08:47:31","slug":"geissele-super-42-rifle-length-spring","status":"publish","type":"product","link":"https:\/\/nbg.eu\/lv\/product\/geissele-super-42-rifle-length-spring\/","title":{"rendered":"Geissele Super 42 Rifle Length Spring"},"content":{"rendered":"<p>\nUzlabojiet sava M-16\/AR-15 darb\u012bbu ar Geissele Super 42 \u0161autenes garuma atsperi. T\u0101s tr\u012bsk\u0101r\u0161\u0101s stieples konstrukcija darbojas k\u0101 harmoniskais sl\u0101p\u0113t\u0101js, absorb\u0113jot ener\u0123iju un samazinot atsperes boj\u0101jumus. T\u0101 uzlabo uzticam\u012bbu, samazina &#8220;zvan\u012b\u0161anas&#8221; ska\u0146u un ir sader\u012bga ar standarta \u0161autenes garuma buferiem un caurul\u0113m.<\/p>\n","protected":false},"excerpt":{"rendered":"<p>Uzlabojiet AR-15 sniegumu ar Geissele inovat\u012bvo 3 dz\u012bslu atsperi.<\/p>\n","protected":false},"featured_media":60423,"template":"","meta":{"_acf_changed":false},"product_brand":[11383],"product_cat":[13795,13827,13788],"product_tag":[],"class_list":{"0":"post-60422","1":"product","2":"type-product","3":"status-publish","4":"has-post-thumbnail","6":"product_brand-geissele","7":"product_cat-atsperes","8":"product_cat-sautene","9":"product_cat-sautenes-uzlabosana","11":"first","12":"instock","13":"taxable","14":"shipping-taxable","15":"product-type-simple"},"acf":[],"_links":{"self":[{"href":"https:\/\/nbg.eu\/lv\/wp-json\/wp\/v2\/product\/60422","targetHints":{"allow":["GET"]}}],"collection":[{"href":"https:\/\/nbg.eu\/lv\/wp-json\/wp\/v2\/product"}],"about":[{"href":"https:\/\/nbg.eu\/lv\/wp-json\/wp\/v2\/types\/product"}],"wp:featuredmedia":[{"embeddable":true,"href":"https:\/\/nbg.eu\/lv\/wp-json\/wp\/v2\/media\/60423"}],"wp:attachment":[{"href":"https:\/\/nbg.eu\/lv\/wp-json\/wp\/v2\/media?parent=60422"}],"wp:term":[{"taxonomy":"product_brand","embeddable":true,"href":"https:\/\/nbg.eu\/lv\/wp-json\/wp\/v2\/product_brand?post=60422"},{"taxonomy":"product_cat","embeddable":true,"href":"https:\/\/nbg.eu\/lv\/wp-json\/wp\/v2\/product_cat?post=60422"},{"taxonomy":"product_tag","embeddable":true,"href":"https:\/\/nbg.eu\/lv\/wp-json\/wp\/v2\/product_tag?post=60422"}],"curies":[{"name":"wp","href":"https:\/\/api.w.org\/{rel}","templated":true}]}}