{"id":61920,"date":"2024-02-14T11:24:38","date_gmt":"2024-09-16T11:18:29","guid":{"rendered":"https:\/\/nbg.eu\/product\/geissele-super-dynamic-3-gun-sd-3g-trigger\/"},"modified":"2026-01-21T12:22:11","modified_gmt":"2026-01-21T09:22:11","slug":"geissele-super-dynamic-3-gun-sd-3g-trigger","status":"publish","type":"product","link":"https:\/\/nbg.eu\/lv\/product\/geissele-super-dynamic-3-gun-sd-3g-trigger\/","title":{"rendered":"Geissele Super Dynamic 3 Gun (SD-3G) Trigger"},"content":{"rendered":"<div class=\"product-description\">\n<h2>Geissele Super Dynamic 3 Gun (SD-3G) m\u0113l\u012bte<\/h2>\n<p>Geissele SD-3G m\u0113l\u012btes \u012bpa\u0161\u012bbas:<\/p>\n<ul>\n<li>Plakana m\u0113l\u012btes forma samazin\u0101tam uztvertajam vilk\u0161anas svaram<\/li>\n<li>Hibr\u012bda dizains, kas apvieno vienpak\u0101pes un divpak\u0101pju m\u0113l\u012btes \u012bpa\u0161\u012bbas<\/li>\n<li>Sa\u012bsin\u0101ts vilk\u0161anas garums un \u0101trs atstat\u012b\u0161an\u0101s<\/li>\n<li>Uzlabota taktil\u0101 atgriezenisk\u0101 saite lab\u0101kai kontrolei<\/li>\n<li>Piem\u0113rota 3 Gun sacens\u012bbu \u0161au\u0161anai<\/li>\n<\/ul>\n<p>Piem\u0113rota tuv\u0101m sacens\u012bbu tras\u0113m, kur nepiecie\u0161ama \u0101tra m\u0113r\u0137u sasnieg\u0161ana un \u0101tri atk\u0101rtoti \u0161\u0101vieni. Nav ieteicama dienesta lieto\u0161anai, \u0161au\u0161anai no atbalsta vai prec\u012bzai \u0161au\u0161anai.<\/p>\n<p><strong>Piez\u012bme:<\/strong> SD-3G nodro\u0161ina lielu \u0101trumu, saglab\u0101jot divpak\u0101pju kaujas m\u0113l\u012btes dro\u0161\u012bbu un iztur\u012bbu.<\/p>\n<\/div>\n","protected":false},"excerpt":{"rendered":"<p>Plakans 3-iero\u010du spr\u016bds: \u012bpa\u0161i \u0101trs, \u012bss vilkums, \u0101tra atgrie\u0161an\u0101s s\u0101kotn\u0113j\u0101 poz\u012bcij\u0101.<\/p>\n","protected":false},"featured_media":61921,"template":"","meta":{"_acf_changed":false},"product_brand":[11383],"product_cat":[13839,13827,13788],"product_tag":[],"class_list":{"0":"post-61920","1":"product","2":"type-product","3":"status-publish","4":"has-post-thumbnail","6":"product_brand-geissele","7":"product_cat-atspoles","8":"product_cat-sautene","9":"product_cat-sautenes-uzlabosana","11":"first","12":"outofstock","13":"taxable","14":"shipping-taxable","15":"product-type-simple"},"acf":[],"_links":{"self":[{"href":"https:\/\/nbg.eu\/lv\/wp-json\/wp\/v2\/product\/61920","targetHints":{"allow":["GET"]}}],"collection":[{"href":"https:\/\/nbg.eu\/lv\/wp-json\/wp\/v2\/product"}],"about":[{"href":"https:\/\/nbg.eu\/lv\/wp-json\/wp\/v2\/types\/product"}],"wp:featuredmedia":[{"embeddable":true,"href":"https:\/\/nbg.eu\/lv\/wp-json\/wp\/v2\/media\/61921"}],"wp:attachment":[{"href":"https:\/\/nbg.eu\/lv\/wp-json\/wp\/v2\/media?parent=61920"}],"wp:term":[{"taxonomy":"product_brand","embeddable":true,"href":"https:\/\/nbg.eu\/lv\/wp-json\/wp\/v2\/product_brand?post=61920"},{"taxonomy":"product_cat","embeddable":true,"href":"https:\/\/nbg.eu\/lv\/wp-json\/wp\/v2\/product_cat?post=61920"},{"taxonomy":"product_tag","embeddable":true,"href":"https:\/\/nbg.eu\/lv\/wp-json\/wp\/v2\/product_tag?post=61920"}],"curies":[{"name":"wp","href":"https:\/\/api.w.org\/{rel}","templated":true}]}}