{"id":61982,"date":"2024-02-14T11:11:36","date_gmt":"2024-09-16T11:22:16","guid":{"rendered":"https:\/\/nbg.eu\/product\/geissele-super-dynamic-enhanced-sd-e-trigger\/"},"modified":"2026-01-21T11:48:27","modified_gmt":"2026-01-21T08:48:27","slug":"geissele-super-dynamic-enhanced-sd-e-trigger","status":"publish","type":"product","link":"https:\/\/nbg.eu\/lv\/product\/geissele-super-dynamic-enhanced-sd-e-trigger\/","title":{"rendered":"Geissele Super Dynamic Enhanced (SD-E) Trigger"},"content":{"rendered":"<div class=\"product-description\">\n<h2>Geissele Super Dynamic Enhanced (SD-E) m\u0113l\u012bte<\/h2>\n<p>Geissele SD-E m\u0113l\u012bte ir divu posmu m\u0113l\u012bte. T\u0101 ietver:<\/p>\n<ul>\n<li>Plakanu m\u0113l\u012btes formu<\/li>\n<li>Meh\u0101nismu lab\u0101kai kontrolei<\/li>\n<li>Uzlabotu iero\u010da precizit\u0101ti<\/li>\n<li>Uzticam\u012bbu kauj\u0101<\/li>\n<\/ul>\n<p>SD-E ir SSA-E variants ar plakanu m\u0113l\u012bti. T\u0101s dizains nodro\u0161ina:<\/p>\n<ul>\n<li>Prec\u012bzu darb\u012bbu<\/li>\n<li>Konsekventu vilk\u0161anas sp\u0113ku<\/li>\n<li>\u0100tr\u0101kus sekojo\u0161os \u0161\u0101vienus<\/li>\n<\/ul>\n<p>Geissele SD-E m\u0113l\u012bte uzlabo iero\u010da precizit\u0101ti un veiktsp\u0113ju.<\/p>\n<\/div>\n","protected":false},"excerpt":{"rendered":"<p>Prec\u012bzs l\u0113zens divpak\u0101pju spr\u016bds uzlabotai kontrolei un precizit\u0101tei.<\/p>\n","protected":false},"featured_media":61983,"template":"","meta":{"_acf_changed":false},"product_brand":[11383],"product_cat":[13839,13827,13788],"product_tag":[],"class_list":{"0":"post-61982","1":"product","2":"type-product","3":"status-publish","4":"has-post-thumbnail","6":"product_brand-geissele","7":"product_cat-atspoles","8":"product_cat-sautene","9":"product_cat-sautenes-uzlabosana","11":"first","12":"instock","13":"taxable","14":"shipping-taxable","15":"product-type-simple"},"acf":[],"_links":{"self":[{"href":"https:\/\/nbg.eu\/lv\/wp-json\/wp\/v2\/product\/61982","targetHints":{"allow":["GET"]}}],"collection":[{"href":"https:\/\/nbg.eu\/lv\/wp-json\/wp\/v2\/product"}],"about":[{"href":"https:\/\/nbg.eu\/lv\/wp-json\/wp\/v2\/types\/product"}],"wp:featuredmedia":[{"embeddable":true,"href":"https:\/\/nbg.eu\/lv\/wp-json\/wp\/v2\/media\/61983"}],"wp:attachment":[{"href":"https:\/\/nbg.eu\/lv\/wp-json\/wp\/v2\/media?parent=61982"}],"wp:term":[{"taxonomy":"product_brand","embeddable":true,"href":"https:\/\/nbg.eu\/lv\/wp-json\/wp\/v2\/product_brand?post=61982"},{"taxonomy":"product_cat","embeddable":true,"href":"https:\/\/nbg.eu\/lv\/wp-json\/wp\/v2\/product_cat?post=61982"},{"taxonomy":"product_tag","embeddable":true,"href":"https:\/\/nbg.eu\/lv\/wp-json\/wp\/v2\/product_tag?post=61982"}],"curies":[{"name":"wp","href":"https:\/\/api.w.org\/{rel}","templated":true}]}}