{"id":62251,"date":"2024-02-14T10:22:04","date_gmt":"2024-02-14T07:22:04","guid":{"rendered":"https:\/\/nbg.eu\/product\/geissele-super-semi-automatic-enhanced-ssa-e-trigger\/"},"modified":"2026-01-21T11:45:17","modified_gmt":"2026-01-21T08:45:17","slug":"geissele-super-semi-automatic-enhanced-ssa-e-trigger","status":"publish","type":"product","link":"https:\/\/nbg.eu\/lv\/product\/geissele-super-semi-automatic-enhanced-ssa-e-trigger\/","title":{"rendered":"Geissele Super Semi-Automatic Enhanced (SSA-E\u2122) Trigger"},"content":{"rendered":"<div class=\"product-description\">\n<h2>Geissele Super Semi-Autom\u0101tiskais Uzlabotais (SSA-E\u2122) Spr\u016bds<\/h2>\n<p>Geissele SSA-E\u2122 spr\u016bds ir balst\u012bts uz SSA\u00ae \u0161asijas. \u0160is uzlabotais divpak\u0101pju spr\u016bds pied\u0101v\u0101:<\/p>\n<ul>\n<li>Samazin\u0101tu vilk\u0161anas svaru<\/li>\n<li>Vieglu pirm\u0101s pak\u0101pes nostr\u0101di<\/li>\n<li>Prec\u012bzu otr\u0101s pak\u0101pes palai\u0161anu<\/li>\n<li>Uzticam\u012bbu kaujas apst\u0101k\u013cos<\/li>\n<li>Neregul\u0113jamu konstrukciju<\/li>\n<\/ul>\n<p>SSA-E\u2122 ir piem\u0113rots prec\u012bzas \u0161au\u0161anas iero\u010diem. Tas ir izstr\u0101d\u0101ts no piln\u012bb\u0101 autom\u0101tisk\u0101 kaujas spr\u016bda, ko izmanto ASV Speci\u0101l\u0101s oper\u0101cijas. \u0160\u012b pus-autom\u0101tisk\u0101 versija nodro\u0161ina veiktsp\u0113ju, kur uzticam\u012bba ir b\u016btiska.<\/p>\n<\/div>\n","protected":false},"excerpt":{"rendered":"<p>Uzlabots precizit\u0101tes spr\u016bds snaiperim: vienm\u0113r\u012bga novilk\u0161ana, ass nostr\u0101d\u0101\u0161anas punkts.<\/p>\n","protected":false},"featured_media":62252,"template":"","meta":{"_acf_changed":false},"product_brand":[11383],"product_cat":[13839,13827,13788],"product_tag":[],"class_list":{"0":"post-62251","1":"product","2":"type-product","3":"status-publish","4":"has-post-thumbnail","6":"product_brand-geissele","7":"product_cat-atspoles","8":"product_cat-sautene","9":"product_cat-sautenes-uzlabosana","11":"first","12":"outofstock","13":"taxable","14":"shipping-taxable","15":"product-type-simple"},"acf":[],"_links":{"self":[{"href":"https:\/\/nbg.eu\/lv\/wp-json\/wp\/v2\/product\/62251","targetHints":{"allow":["GET"]}}],"collection":[{"href":"https:\/\/nbg.eu\/lv\/wp-json\/wp\/v2\/product"}],"about":[{"href":"https:\/\/nbg.eu\/lv\/wp-json\/wp\/v2\/types\/product"}],"wp:featuredmedia":[{"embeddable":true,"href":"https:\/\/nbg.eu\/lv\/wp-json\/wp\/v2\/media\/62252"}],"wp:attachment":[{"href":"https:\/\/nbg.eu\/lv\/wp-json\/wp\/v2\/media?parent=62251"}],"wp:term":[{"taxonomy":"product_brand","embeddable":true,"href":"https:\/\/nbg.eu\/lv\/wp-json\/wp\/v2\/product_brand?post=62251"},{"taxonomy":"product_cat","embeddable":true,"href":"https:\/\/nbg.eu\/lv\/wp-json\/wp\/v2\/product_cat?post=62251"},{"taxonomy":"product_tag","embeddable":true,"href":"https:\/\/nbg.eu\/lv\/wp-json\/wp\/v2\/product_tag?post=62251"}],"curies":[{"name":"wp","href":"https:\/\/api.w.org\/{rel}","templated":true}]}}