{"id":62377,"date":"2024-02-14T06:58:29","date_gmt":"2024-09-16T11:50:02","guid":{"rendered":"https:\/\/nbg.eu\/product\/geissele-super-mcx-ssa-m4-curved-trigger\/"},"modified":"2026-01-21T12:21:56","modified_gmt":"2026-01-21T09:21:56","slug":"geissele-super-mcx-ssa-m4-curved-trigger","status":"publish","type":"product","link":"https:\/\/nbg.eu\/lv\/product\/geissele-super-mcx-ssa-m4-curved-trigger\/","title":{"rendered":"Geissele Super MCX SSA &#8211; M4 Curved Trigger"},"content":{"rendered":"<div class=\"product-description\">\n<h2>Geissele Super MCX SSA &#8211; M4 liektais spr\u016bds<\/h2>\n<p>Geissele Super MCX SSA ir divu pak\u0101pju spr\u016bds. Tas ir izstr\u0101d\u0101ts no m\u016bsu CRANE dro\u0161\u012bbas sertific\u0113t\u0101 M4 karab\u012bnes spr\u016bda. \u0160is aptuveni 4,5 m\u0101rci\u0146u neregul\u0113jamais spr\u016bds pied\u0101v\u0101:<\/p>\n<ul>\n<li>Prec\u012bzu spr\u016bda kontroli<\/li>\n<li>Piem\u0113rots precizit\u0101tes lietojumiem<\/li>\n<li>Piem\u0113rots pras\u012bgiem scen\u0101rijiem, piem\u0113ram, tuvc\u012b\u0146ai<\/li>\n<li>Piem\u0113rots med\u012bb\u0101m, ties\u012bbsarg\u0101jo\u0161\u0101m iest\u0101d\u0113m un milit\u0101ram lietojumam<\/li>\n<\/ul>\n<p>Super MCX SSA apvieno veiktsp\u0113ju, uzticam\u012bbu, dro\u0161\u012bbu un daudzpus\u012bbu, padarot to par vispus\u012bgu spr\u016bdu j\u016bsu \u0161aujamierocim.<\/p>\n<\/div>\n","protected":false},"excerpt":{"rendered":"<p>Augstas veiktsp\u0113jas 2 posmu m\u0113l\u012bte precizit\u0101tei un tuv\u0101s distances kaujai. 2 kg vilkmes sp\u0113ks.<\/p>\n","protected":false},"featured_media":62378,"template":"","meta":{"_acf_changed":false},"product_brand":[11383],"product_cat":[13839,13827,13788],"product_tag":[],"class_list":{"0":"post-62377","1":"product","2":"type-product","3":"status-publish","4":"has-post-thumbnail","6":"product_brand-geissele","7":"product_cat-atspoles","8":"product_cat-sautene","9":"product_cat-sautenes-uzlabosana","11":"first","12":"instock","13":"taxable","14":"shipping-taxable","15":"product-type-simple"},"acf":[],"_links":{"self":[{"href":"https:\/\/nbg.eu\/lv\/wp-json\/wp\/v2\/product\/62377","targetHints":{"allow":["GET"]}}],"collection":[{"href":"https:\/\/nbg.eu\/lv\/wp-json\/wp\/v2\/product"}],"about":[{"href":"https:\/\/nbg.eu\/lv\/wp-json\/wp\/v2\/types\/product"}],"wp:featuredmedia":[{"embeddable":true,"href":"https:\/\/nbg.eu\/lv\/wp-json\/wp\/v2\/media\/62378"}],"wp:attachment":[{"href":"https:\/\/nbg.eu\/lv\/wp-json\/wp\/v2\/media?parent=62377"}],"wp:term":[{"taxonomy":"product_brand","embeddable":true,"href":"https:\/\/nbg.eu\/lv\/wp-json\/wp\/v2\/product_brand?post=62377"},{"taxonomy":"product_cat","embeddable":true,"href":"https:\/\/nbg.eu\/lv\/wp-json\/wp\/v2\/product_cat?post=62377"},{"taxonomy":"product_tag","embeddable":true,"href":"https:\/\/nbg.eu\/lv\/wp-json\/wp\/v2\/product_tag?post=62377"}],"curies":[{"name":"wp","href":"https:\/\/api.w.org\/{rel}","templated":true}]}}