{"id":63055,"date":"2024-01-24T18:50:37","date_gmt":"2024-01-24T18:50:37","guid":{"rendered":"https:\/\/nbg.eu\/product\/iosso-cleaning-brush-2-sided-2-pk\/"},"modified":"2026-01-21T11:40:20","modified_gmt":"2026-01-21T08:40:20","slug":"iosso-cleaning-brush-2-sided-2-pk","status":"publish","type":"product","link":"https:\/\/nbg.eu\/lv\/product\/iosso-cleaning-brush-2-sided-2-pk\/","title":{"rendered":"Iosso Cleaning Brush 2 Sided &#8211; 2\/pk."},"content":{"rendered":"<p>\nIosso t\u012br\u012b\u0161anas suka ar 2 pus\u0113m &#8211; 2 gab. iepakojum\u0101 ir ar iztur\u012bgiem neilona sariem efekt\u012bvai t\u012br\u012b\u0161anai. Katr\u0101 iepakojum\u0101 ir divas sukas ar platu, garu pusi un \u0161auru pusi. Piem\u0113rota lieto\u0161anai ar Iosso Triple Action e\u013c\u013cu, stobra t\u012br\u012bt\u0101ju vai met\u0101la pul\u0113\u0161anas l\u012bdzekli. Paredz\u0113ta oglek\u013ca nogul\u0161\u0146u un pulvera net\u012brumu no\u0146em\u0161anai \u0161aujamiero\u010du vai r\u016bpnieciskos pielietojumos.<\/p>\n","protected":false},"excerpt":{"rendered":"<p>Divpus\u0113ja neilona birste daudzpus\u012bgai t\u012br\u012b\u0161anai. Komplekt\u0101 2 gab.<\/p>\n","protected":false},"featured_media":63056,"template":"","meta":{"_acf_changed":false},"product_brand":[11480],"product_cat":[13769,13786],"product_tag":[],"class_list":{"0":"post-63055","1":"product","2":"type-product","3":"status-publish","4":"has-post-thumbnail","6":"product_brand-iosso","7":"product_cat-ierocu-tirisana","8":"product_cat-sukas","10":"first","11":"instock","12":"taxable","13":"shipping-taxable","14":"purchasable","15":"product-type-simple"},"acf":[],"_links":{"self":[{"href":"https:\/\/nbg.eu\/lv\/wp-json\/wp\/v2\/product\/63055","targetHints":{"allow":["GET"]}}],"collection":[{"href":"https:\/\/nbg.eu\/lv\/wp-json\/wp\/v2\/product"}],"about":[{"href":"https:\/\/nbg.eu\/lv\/wp-json\/wp\/v2\/types\/product"}],"wp:featuredmedia":[{"embeddable":true,"href":"https:\/\/nbg.eu\/lv\/wp-json\/wp\/v2\/media\/63056"}],"wp:attachment":[{"href":"https:\/\/nbg.eu\/lv\/wp-json\/wp\/v2\/media?parent=63055"}],"wp:term":[{"taxonomy":"product_brand","embeddable":true,"href":"https:\/\/nbg.eu\/lv\/wp-json\/wp\/v2\/product_brand?post=63055"},{"taxonomy":"product_cat","embeddable":true,"href":"https:\/\/nbg.eu\/lv\/wp-json\/wp\/v2\/product_cat?post=63055"},{"taxonomy":"product_tag","embeddable":true,"href":"https:\/\/nbg.eu\/lv\/wp-json\/wp\/v2\/product_tag?post=63055"}],"curies":[{"name":"wp","href":"https:\/\/api.w.org\/{rel}","templated":true}]}}