{"id":63097,"date":"2024-01-24T18:43:40","date_gmt":"2024-01-24T18:43:40","guid":{"rendered":"https:\/\/nbg.eu\/product\/iosso-ar-bolt-carrier-key-tube-brush\/"},"modified":"2026-05-13T16:03:05","modified_gmt":"2026-05-13T13:03:05","slug":"iosso-ar-bolt-carrier-key-tube-brush","status":"publish","type":"product","link":"https:\/\/nbg.eu\/lv\/product\/iosso-ar-bolt-carrier-key-tube-brush\/","title":{"rendered":"Iosso AR Bolt Carrier Key Tube Brush"},"content":{"rendered":"<p>\nIosso AR stobra nes\u0113ja atsl\u0113gas caurules suka: Piem\u0113rota izm\u0113ram, not\u012bra oglek\u013ca nogulsnes. Lietot ar Iosso e\u013c\u013cu. Neatst\u0101j p\u016bku atliekas. Paredz\u0113ta AR apkopei.<\/p>\n","protected":false},"excerpt":{"rendered":"<p>Iosso AR iero\u010dn\u012bcas atsl\u0113gas caurules suka: Efekt\u012bvi not\u012bra oglek\u013ca nogulsnes.<\/p>\n","protected":false},"featured_media":102286,"template":"","meta":{"_acf_changed":false},"product_brand":[11480],"product_cat":[13769,13786],"product_tag":[],"class_list":{"0":"post-63097","1":"product","2":"type-product","3":"status-publish","4":"has-post-thumbnail","6":"product_brand-iosso","7":"product_cat-ierocu-tirisana","8":"product_cat-sukas","10":"first","11":"instock","12":"taxable","13":"shipping-taxable","14":"purchasable","15":"product-type-simple"},"acf":[],"_links":{"self":[{"href":"https:\/\/nbg.eu\/lv\/wp-json\/wp\/v2\/product\/63097","targetHints":{"allow":["GET"]}}],"collection":[{"href":"https:\/\/nbg.eu\/lv\/wp-json\/wp\/v2\/product"}],"about":[{"href":"https:\/\/nbg.eu\/lv\/wp-json\/wp\/v2\/types\/product"}],"wp:featuredmedia":[{"embeddable":true,"href":"https:\/\/nbg.eu\/lv\/wp-json\/wp\/v2\/media\/102286"}],"wp:attachment":[{"href":"https:\/\/nbg.eu\/lv\/wp-json\/wp\/v2\/media?parent=63097"}],"wp:term":[{"taxonomy":"product_brand","embeddable":true,"href":"https:\/\/nbg.eu\/lv\/wp-json\/wp\/v2\/product_brand?post=63097"},{"taxonomy":"product_cat","embeddable":true,"href":"https:\/\/nbg.eu\/lv\/wp-json\/wp\/v2\/product_cat?post=63097"},{"taxonomy":"product_tag","embeddable":true,"href":"https:\/\/nbg.eu\/lv\/wp-json\/wp\/v2\/product_tag?post=63097"}],"curies":[{"name":"wp","href":"https:\/\/api.w.org\/{rel}","templated":true}]}}