{"id":63236,"date":"2024-01-23T19:51:36","date_gmt":"2024-09-16T13:03:09","guid":{"rendered":"https:\/\/nbg.eu\/product\/iosso-sizing-lubricant-and-cleaner\/"},"modified":"2026-01-21T11:38:29","modified_gmt":"2026-01-21T08:38:29","slug":"iosso-sizing-lubricant-and-cleaner","status":"publish","type":"product","link":"https:\/\/nbg.eu\/lv\/product\/iosso-sizing-lubricant-and-cleaner\/","title":{"rendered":"Iosso Sizing Lubricant and Cleaner"},"content":{"rendered":"<p>\nIosso izm\u0113ra sm\u0113rviela un t\u012br\u012bt\u0101js: Biolo\u0123iskas izcelsmes \u0161\u0137\u012bdums \u010daulu izm\u0113ra piel\u0101go\u0161anai. \u0160is 4 un\u010du produkts t\u012bra un iee\u013c\u013co, nov\u0113r\u0161ot iespr\u016bdu\u0161as \u010daulas un pagarinot matrices kalpo\u0161anas laiku. Viegli lietojams, neatst\u0101j atliekas vai smar\u017eu. \u016aden\u012b \u0161\u0137\u012bsto\u0161s, biolo\u0123iski no\u0101rd\u0101ms un nedego\u0161s. Kav\u0113 koroziju un r\u016bsu. Vienk\u0101r\u0161i p\u0101rkl\u0101jiet \u010daulas, piel\u0101gojiet izm\u0113ru, p\u0113c tam noslaukiet vai noskalojiet pirms atk\u0101rtotas uzpild\u012b\u0161anas.<\/p>\n","protected":false},"excerpt":{"rendered":"<p>Biolo\u0123iskas izcelsmes t\u012br\u012bt\u0101js un sm\u0113rviela vienm\u0113r\u012bg\u0101kai izm\u0113ru noteik\u0161anai un ilg\u0101k kalpojo\u0161\u0101m matric\u0113m.<\/p>\n","protected":false},"featured_media":107662,"template":"","meta":{"_acf_changed":false},"product_brand":[11480],"product_cat":[13813,13842],"product_tag":[],"class_list":{"0":"post-63236","1":"product","2":"type-product","3":"status-publish","4":"has-post-thumbnail","6":"product_brand-iosso","7":"product_cat-parladesana","8":"product_cat-tirisanas-lidzekli","10":"first","11":"instock","12":"taxable","13":"shipping-taxable","14":"purchasable","15":"product-type-variable","16":"wvs-archive-product-wrapper"},"acf":[],"_links":{"self":[{"href":"https:\/\/nbg.eu\/lv\/wp-json\/wp\/v2\/product\/63236","targetHints":{"allow":["GET"]}}],"collection":[{"href":"https:\/\/nbg.eu\/lv\/wp-json\/wp\/v2\/product"}],"about":[{"href":"https:\/\/nbg.eu\/lv\/wp-json\/wp\/v2\/types\/product"}],"wp:featuredmedia":[{"embeddable":true,"href":"https:\/\/nbg.eu\/lv\/wp-json\/wp\/v2\/media\/107662"}],"wp:attachment":[{"href":"https:\/\/nbg.eu\/lv\/wp-json\/wp\/v2\/media?parent=63236"}],"wp:term":[{"taxonomy":"product_brand","embeddable":true,"href":"https:\/\/nbg.eu\/lv\/wp-json\/wp\/v2\/product_brand?post=63236"},{"taxonomy":"product_cat","embeddable":true,"href":"https:\/\/nbg.eu\/lv\/wp-json\/wp\/v2\/product_cat?post=63236"},{"taxonomy":"product_tag","embeddable":true,"href":"https:\/\/nbg.eu\/lv\/wp-json\/wp\/v2\/product_tag?post=63236"}],"curies":[{"name":"wp","href":"https:\/\/api.w.org\/{rel}","templated":true}]}}