{"id":63536,"date":"2024-01-23T18:50:53","date_gmt":"2024-09-16T13:21:12","guid":{"rendered":"https:\/\/nbg.eu\/product\/iosso-case-polish\/"},"modified":"2026-01-21T12:29:03","modified_gmt":"2026-01-21T09:29:03","slug":"iosso-case-polish","status":"publish","type":"product","link":"https:\/\/nbg.eu\/lv\/product\/iosso-case-polish\/","title":{"rendered":"Iosso Case Polish"},"content":{"rendered":"<p>\nIosso \u010daulu pul\u0113\u0161anas l\u012bdzeklis: Risin\u0101jums misi\u0146a \u010daul\u0101m<\/p>\n<ul>\n<li>T\u012bra un pul\u0113 l\u012bdz sp\u012bdumam<\/li>\n<li>No\u0146em net\u012brumus, atliekas un oksid\u0101ciju<\/li>\n<li>Samazina sl\u012bp\u0113\u0161anas laiku<\/li>\n<li>Aizsarg\u0101 pret turpm\u0101ku oksid\u0101ciju<\/li>\n<li>Jauna formula uz biolo\u0123iskas b\u0101zes<\/li>\n<li>Dro\u0161s lietot\u0101jiem un videi<\/li>\n<\/ul>\n<p>Atjaunojiet misi\u0146a \u010daulu izskatu ar Iosso \u010daulu pul\u0113\u0161anas l\u012bdzekli. Piem\u0113rots net\u012br\u0101m vai iepriek\u0161 t\u012br\u012bt\u0101m \u010daul\u0101m.<\/p>\n","protected":false},"excerpt":{"rendered":"<p>Iosso \u010daul\u012b\u0161u pul\u0113\u0161anas l\u012bdzeklis: Atjauno misi\u0146a \u010daul\u012btes l\u012bdz spo\u017eam mirdzumam.<\/p>\n","protected":false},"featured_media":102449,"template":"","meta":{"_acf_changed":false},"product_brand":[11480],"product_cat":[13770,13813],"product_tag":[],"class_list":{"0":"post-63536","1":"product","2":"type-product","3":"status-publish","4":"has-post-thumbnail","6":"product_brand-iosso","7":"product_cat-caulu-sagatavosana","8":"product_cat-parladesana","10":"first","11":"instock","12":"taxable","13":"shipping-taxable","14":"purchasable","15":"product-type-variable","16":"wvs-archive-product-wrapper"},"acf":[],"_links":{"self":[{"href":"https:\/\/nbg.eu\/lv\/wp-json\/wp\/v2\/product\/63536","targetHints":{"allow":["GET"]}}],"collection":[{"href":"https:\/\/nbg.eu\/lv\/wp-json\/wp\/v2\/product"}],"about":[{"href":"https:\/\/nbg.eu\/lv\/wp-json\/wp\/v2\/types\/product"}],"wp:featuredmedia":[{"embeddable":true,"href":"https:\/\/nbg.eu\/lv\/wp-json\/wp\/v2\/media\/102449"}],"wp:attachment":[{"href":"https:\/\/nbg.eu\/lv\/wp-json\/wp\/v2\/media?parent=63536"}],"wp:term":[{"taxonomy":"product_brand","embeddable":true,"href":"https:\/\/nbg.eu\/lv\/wp-json\/wp\/v2\/product_brand?post=63536"},{"taxonomy":"product_cat","embeddable":true,"href":"https:\/\/nbg.eu\/lv\/wp-json\/wp\/v2\/product_cat?post=63536"},{"taxonomy":"product_tag","embeddable":true,"href":"https:\/\/nbg.eu\/lv\/wp-json\/wp\/v2\/product_tag?post=63536"}],"curies":[{"name":"wp","href":"https:\/\/api.w.org\/{rel}","templated":true}]}}