{"id":672190,"date":"2025-11-17T17:17:59","date_gmt":"2025-11-17T14:17:59","guid":{"rendered":"https:\/\/nbg.eu\/product\/termokamera-nocpix-vista-s50r-ar-lrf-1280x1024-15mk-netd\/"},"modified":"2026-04-14T16:05:46","modified_gmt":"2026-04-14T13:05:46","slug":"termokamera-nocpix-vista-s50r-ar-lrf-1280x1024-15mk-netd","status":"publish","type":"product","link":"https:\/\/nbg.eu\/lv\/product\/termokamera-nocpix-vista-s50r-ar-lrf-1280x1024-15mk-netd\/","title":{"rendered":"Nocpix Termokamera VISTA S50R LRF"},"content":{"rendered":"<h2>Termisk\u0101 kamera Nocpix VISTA S50R ar LRF 1280&#215;1024 \u226415mK NETD<\/h2>\n<p>Vista&#8217;s Vision+ sist\u0113ma, ar t\u0101s 2560\u00d72560 AMOLED displeju un 8mm pupillas diametru, pied\u0101v\u0101 ieskaut\u0101 skat\u012bjuma pieredzi. Apr\u012bkots ar augstv\u0113rt\u012bgu sensoru un integr\u0113tu LRF, Vista sniedz augst\u0101ko veiktsp\u0113ju nozar\u0113. T\u0101s lietot\u0101jam draudz\u012bgais dizains un uzlabotais akumulatora risin\u0101jums to padara par ide\u0101lu pavadoni, lai p\u0101rvar\u0113tu \u0101rtelpu izaicin\u0101jumus.<\/p>\n<h2>Vision+ sist\u0113ma: ieskautais skat\u012bjums<\/h2>\n<p>Apa\u013c\u0161 AMOLED 2560\u00d72560 displejs optimiz\u0113 telpisko efektivit\u0101ti, nodro\u0161inot dz\u012bvas vizu\u0101l\u0101s uztveres. Ar 8mm pupillas diametru un Pure Vision re\u017e\u012bmu Vista sniedz komfortablu un ieskautu skat\u012bjuma pieredzi.<\/p>\n<h2>Augstv\u0113rt\u012bgs sensors: pirm\u0161\u0137ir\u012bga att\u0113la kvalit\u0101te<\/h2>\n<p>M\u016bsu pa\u0161i izstr\u0101d\u0101tais NETD \u226415mk 1280\u00d71024@12\u03bcm sensors nodro\u0161ina augstu att\u0113la kvalit\u0101ti un stabilu veiktsp\u0113ju. Dz\u012bvnieku aprises, anatomija un uzved\u012bbas iez\u012bmes k\u013c\u016bst viegli at\u0161\u0137iramas.<\/p>\n<h2>Integr\u0113ts LRF: precizit\u0101te un p\u0101rn\u0113s\u0101jam\u012bba<\/h2>\n<p>M\u016bsu 2-in-1 integr\u0113tais t\u0101lm\u0113rs (LRF 1200m) sapl\u016bst est\u0113tik\u0101 ar patiesi optisko asi. \u0160is vieglais, kompaktais dizains nodro\u0161ina minim\u0101lu l\u0113cas laukuma izmanto\u0161anu, saglab\u0101jot nevainojamu att\u0113la kvalit\u0101ti.<\/p>\n<h2>60Hz kadru \u0101trums: pl\u016bsto\u0161a kust\u012bbu uztvere<\/h2>\n<p>Apr\u012bkots ar 60Hz detektoru, Vista pied\u0101v\u0101 augst\u0101ku vienm\u0113r\u012bbu, \u013caujot prec\u012bzi uztvert kust\u012bgus dz\u012bvniekus un augst\u0101tr\u0101zu skatus. \u0160is b\u016btisks uzlabojums no 50Hz nodro\u0161ina glud\u0101kas un prec\u012bz\u0101kas vizualiz\u0101cijas.<\/p>\n<h2>F0.9 l\u0113ca: uzlabota gaismas uztver\u0161ana<\/h2>\n<p>F0.9 l\u0113ca ir izstr\u0101d\u0101ta, lai uzlabotu gaismas uztver\u0161anu par 20%, iev\u0113rojami palielinot spilgtumu un att\u0113la kvalit\u0101ti sal\u012bdzin\u0101jum\u0101 ar tradicion\u0101laj\u0101m F1.0 l\u0113c\u0101m. \u0160is uzlabojums nodro\u0161ina, ka katra deta\u013ca ir spilgti skaidra, padarot Vista par ide\u0101lu pal\u012bgu nakts nov\u0113ro\u0161anai.<\/p>\n<h2>Elast\u012bga uzl\u0101de: nomain\u0101mi akumulatori pagarin\u0101tai darb\u012bbai<\/h2>\n<p>Vista pied\u0101v\u0101 divas uzl\u0101des iesp\u0113jas: nomain\u0101mus IBP-7\/4400mAh akumulatorus, ko var viegli nomain\u012bt, vai ar\u012b tie\u0161u uzl\u0101di ar ieb\u016bv\u0113to piesl\u0113gvietu. Tas nodro\u0161ina nep\u0101rtrauktu darb\u012bbu, lai j\u016bs var\u0113tu koncentr\u0113ties uz med\u012bb\u0101m bez akumulatoru probl\u0113m\u0101m.<\/p>\n<h2>Pla\u0161s skata lauks: uzlabota vides uztvere<\/h2>\n<p>Ar t\u0101s augsto 2X prim\u0101r\u0101 palielin\u0101jumu un pla\u0161o skata lauku, Vista S50R sniedz izcilu apk\u0101rtnes uztveres perspekt\u012bvu. Tas \u013cauj jums viegli paman\u012bt un sekot vair\u0101kiem m\u0113r\u0137iem pla\u0161os ain\u0101s, nodro\u0161inot, ka katras kust\u012bba tiek uztverta ar skaidr\u012bbu.<\/p>\n<h2>Da\u017e\u0101du kr\u0101su paletes<\/h2>\n<p>Vista pied\u0101v\u0101 7 da\u017e\u0101das kr\u0101su paletes, tostarp sarkano un t\u012bri za\u013co melnbalt\u0101s re\u017e\u012bmus. \u0160\u012bs acs draudz\u012bg\u0101s opcijas pal\u012bdz samazin\u0101t acu nogurumu, nodro\u0161inot piep\u016bles br\u012bvu lieto\u0161anu ilgsto\u0161os laika periodos.<\/p>\n<h2>Lietot\u0101jam draudz\u012bgs dizains<\/h2>\n<p>Vista klusa pogu dizains nodro\u0161ina klusumu tums\u0101, kam\u0113r rot\u0113jo\u0161ais acu aizsargs nov\u0113r\u0161 gaismas nopl\u016bdi, padarot j\u016bsu kl\u0101tb\u016btni neredzamu dz\u012bvniekiem. Piln\u012bb\u0101 iesai\u0146ots TPU \u0101das tekst\u016bras materi\u0101ls nodro\u0161ina \u0113rtu satver\u0161anu, padarot ilgsto\u0161u lieto\u0161anu vienk\u0101r\u0161u.<\/p>\n","protected":false},"excerpt":{"rendered":"<p>Nocpix VISTA S50R ar LRF 1280&#215;1024 &lt;15mK NETD: izk\u013c\u016bties 2560&#215;2560 AMOLED displejs, augstv\u0113rt\u012bgs 1280&#215;1024 sensors, integr\u0113ts LRF, F0.9 objekt\u012bvs, 60Hz kadru \u0101trums, elast\u012bga uzl\u0101de, pla\u0161s redzes lauks un lietot\u0101jam draudz\u012bgs dizains.<\/p>\n<p>Ja prece nav pieejama, l\u016bdzu, sazinieties ar mums: shop@nbg.eu vai +359896147790<\/p>\n","protected":false},"featured_media":672931,"template":"","meta":{"_acf_changed":false},"product_brand":[14459],"product_cat":[13798,16084],"product_tag":[],"class_list":{"0":"post-672190","1":"product","2":"type-product","3":"status-publish","4":"has-post-thumbnail","6":"product_brand-nocpix","7":"product_cat-termiska","8":"product_cat-thermal-cameras-lv","10":"first","11":"instock","12":"taxable","13":"shipping-taxable","14":"purchasable","15":"product-type-simple"},"acf":[],"_links":{"self":[{"href":"https:\/\/nbg.eu\/lv\/wp-json\/wp\/v2\/product\/672190","targetHints":{"allow":["GET"]}}],"collection":[{"href":"https:\/\/nbg.eu\/lv\/wp-json\/wp\/v2\/product"}],"about":[{"href":"https:\/\/nbg.eu\/lv\/wp-json\/wp\/v2\/types\/product"}],"wp:featuredmedia":[{"embeddable":true,"href":"https:\/\/nbg.eu\/lv\/wp-json\/wp\/v2\/media\/672931"}],"wp:attachment":[{"href":"https:\/\/nbg.eu\/lv\/wp-json\/wp\/v2\/media?parent=672190"}],"wp:term":[{"taxonomy":"product_brand","embeddable":true,"href":"https:\/\/nbg.eu\/lv\/wp-json\/wp\/v2\/product_brand?post=672190"},{"taxonomy":"product_cat","embeddable":true,"href":"https:\/\/nbg.eu\/lv\/wp-json\/wp\/v2\/product_cat?post=672190"},{"taxonomy":"product_tag","embeddable":true,"href":"https:\/\/nbg.eu\/lv\/wp-json\/wp\/v2\/product_tag?post=672190"}],"curies":[{"name":"wp","href":"https:\/\/api.w.org\/{rel}","templated":true}]}}