{"id":67277,"date":"2024-01-13T13:21:56","date_gmt":"2024-01-13T13:21:56","guid":{"rendered":"https:\/\/nbg.eu\/product\/surefire-switch-st07\/"},"modified":"2026-01-21T12:14:42","modified_gmt":"2026-01-21T09:14:42","slug":"surefire-switch-st07","status":"publish","type":"product","link":"https:\/\/nbg.eu\/lv\/product\/surefire-switch-st07\/","title":{"rendered":"SureFire Switch ST07"},"content":{"rendered":"<p>\nSureFire Switch ST07 nodro\u0161ina att\u0101lin\u0101tu aktiviz\u0101ciju sader\u012bgiem iero\u010dgaismek\u013ciem. \u012apa\u0161\u012bbas:<\/p>\n<ul>\n<li>17,8 cm gar\u0161 kabelis lieto\u0161anai ar \u0161auteni\/karab\u012bni<\/li>\n<li>O-gredzena bl\u012bv\u0113ts spraudnis aizsardz\u012bbai pret laika apst\u0101k\u013ciem<\/li>\n<li>Velcro\u00ae stiprin\u0101jums da\u017e\u0101d\u0101m novieto\u0161anas iesp\u0113j\u0101m<\/li>\n<\/ul>\n<p>\u0160is iztur\u012bgais att\u0101lin\u0101tais sl\u0113dzis uzlabo taktisko kontroli.<\/p>\n","protected":false},"excerpt":{"rendered":"<p>T\u0101lvad\u012bbas sl\u0113dzis SureFire iero\u010dgaism\u0101m. 17,8 cm (7 collu) kabelis, aizsarg\u0101ts pret laikapst\u0101k\u013ciem.<\/p>\n","protected":false},"featured_media":67278,"template":"","meta":{"_acf_changed":false},"product_brand":[11865],"product_cat":[13758,13779,13816],"product_tag":[],"class_list":{"0":"post-67277","1":"product","2":"type-product","3":"status-publish","4":"has-post-thumbnail","6":"product_brand-surefire","7":"product_cat-gaismas","8":"product_cat-gaismas-aksesuari","9":"product_cat-sautenes-lukturi","11":"first","12":"instock","13":"taxable","14":"shipping-taxable","15":"purchasable","16":"product-type-simple"},"acf":[],"_links":{"self":[{"href":"https:\/\/nbg.eu\/lv\/wp-json\/wp\/v2\/product\/67277","targetHints":{"allow":["GET"]}}],"collection":[{"href":"https:\/\/nbg.eu\/lv\/wp-json\/wp\/v2\/product"}],"about":[{"href":"https:\/\/nbg.eu\/lv\/wp-json\/wp\/v2\/types\/product"}],"wp:featuredmedia":[{"embeddable":true,"href":"https:\/\/nbg.eu\/lv\/wp-json\/wp\/v2\/media\/67278"}],"wp:attachment":[{"href":"https:\/\/nbg.eu\/lv\/wp-json\/wp\/v2\/media?parent=67277"}],"wp:term":[{"taxonomy":"product_brand","embeddable":true,"href":"https:\/\/nbg.eu\/lv\/wp-json\/wp\/v2\/product_brand?post=67277"},{"taxonomy":"product_cat","embeddable":true,"href":"https:\/\/nbg.eu\/lv\/wp-json\/wp\/v2\/product_cat?post=67277"},{"taxonomy":"product_tag","embeddable":true,"href":"https:\/\/nbg.eu\/lv\/wp-json\/wp\/v2\/product_tag?post=67277"}],"curies":[{"name":"wp","href":"https:\/\/api.w.org\/{rel}","templated":true}]}}