{"id":673434,"date":"2025-11-17T17:24:54","date_gmt":"2025-11-17T14:24:54","guid":{"rendered":"https:\/\/nbg.eu\/product\/termografiska-kamera-nocpix-vista-h50r-ar-lrf-50mm-12um-640x512-15mk-netd\/"},"modified":"2026-04-14T16:05:43","modified_gmt":"2026-04-14T13:05:43","slug":"termografiska-kamera-nocpix-vista-h50r-ar-lrf-50mm-12um-640x512-15mk-netd","status":"publish","type":"product","link":"https:\/\/nbg.eu\/lv\/product\/termografiska-kamera-nocpix-vista-h50r-ar-lrf-50mm-12um-640x512-15mk-netd\/","title":{"rendered":"Nocpix Termokamera VISTA H50R LRF"},"content":{"rendered":"<h2>Nocpix VISTA H50R &#8211; Term\u0101l\u0101s att\u0113lveido\u0161anas kamera ar l\u0101zera t\u0101lm\u0113ru<\/h2>\n<p>Nocpix VISTA H50R ir term\u0101l\u0101s att\u0113lveido\u0161anas kamera ar ieb\u016bv\u0113tu l\u0101zera t\u0101lm\u0113ru, kas paredz\u0113ta lieto\u0161anai gan dien\u0101, gan nakt\u012b. T\u0101 nodro\u0161ina izcilu att\u0113la kvalit\u0101ti pat nelabv\u0113l\u012bgos laikapst\u0101k\u013cos, piem\u0113ram, migl\u0101, smog\u0101 un liet\u016b, un var konstat\u0113t m\u0113r\u0137us cauri \u0161\u0137\u0113r\u0161\u013ciem, piem\u0113ram, zarojiem, augstas z\u0101les un bieziem kr\u016bmiem, kas parasti aizsedz redzam\u012bbu.<\/p>\n<p>VISTA H50R ir \u013coti daudzpus\u012bga un piem\u0113rota da\u017e\u0101diem pielietojumiem, tostarp med\u012bb\u0101m, dro\u0161\u012bbai, nov\u0113ro\u0161anai, teritorijas navig\u0101cijai un mekl\u0113\u0161anas un gl\u0101b\u0161anas oper\u0101cij\u0101m. T\u0101s progres\u012bv\u0101 term\u0101l\u0101 tehnolo\u0123ija nodro\u0161ina uzticamu darb\u012bbu, sniedzot skaidrus att\u0113lus un prec\u012bzus m\u0113r\u012bjumus sare\u017e\u0123\u012bt\u0101s vid\u0113s.<\/p>\n<h2>Specifik\u0101cijas:<\/h2>\n<p>Iz\u0161\u0137irtsp\u0113ja: 640 x 512<br \/>\nPikse\u013ca izm\u0113rs: 12<br \/>\nNETD, mK: \u226415<br \/>\nKadru \u0101trums: 50<br \/>\nObjekt\u012bvs: 50 mm F0.9<br \/>\nRedzam\u012bbas lauks: 8,8 x 7,0<br \/>\nRedzam\u012bbas lauks (line\u0101rs): 15 x 12<br \/>\nPalielin\u0101\u0161ana: 4~40<br \/>\nKonstat\u0113\u0161anas diapazons: 2600<br \/>\nAtt\u0101lums l\u012bdz ac\u012bm: 25<br \/>\nPupillas diametrs: 8<br \/>\nDioptras: -4 ~ +6<br \/>\nDispleja veids: AMOLED<br \/>\nDispleja iz\u0161\u0137irtsp\u0113ja: 2560 x 2560<br \/>\nAkumulators: Nomain\u0101ms litija-jonu akumulators IBP-7 \/ 4400mAh<br \/>\nMaksim\u0101lais darb\u012bbas laiks: 5,5<br \/>\nT\u0101lm\u0113r\u012b\u0161anas att\u0101lums: 1200<br \/>\nL\u0101zers: 1. klase<br \/>\nWi-Fi\/Lietotne: J\u0100<br \/>\nMikrofons: J\u0100<br \/>\nAtmi\u0146as ietilp\u012bba: 64GB<br \/>\nIP aizsardz\u012bba: IP67<br \/>\nMaksim\u0101l\u0101 darb\u012bbas temperat\u016bra: -20 ~ +50<br \/>\nSvars (unces): 22,93<br \/>\nSvars (g): 650<br \/>\nIzm\u0113ri (collas): 7,64 x 2,76 x 3,23<br \/>\nIzm\u0113ri (mm): 194 x 70 x 82<\/p>\n<p>640\u00d7512 12\u03bcm detektors<br \/>\nNETD\u226415mK<br \/>\n60Hz augsta kadru \u0101trums<br \/>\nF0.9 objekt\u012bvs<br \/>\nAMOLED 2560\u00d72560 apa\u013c\u0161 displejs<br \/>\nIBP-7 \u0101tri main\u0101ms uzl\u0101d\u0113jams akumulators<br \/>\nGluda digit\u0101l\u0101 palielin\u0101\u0161ana: 1\u00d7~8\u00d7<br \/>\nUltra t\u012brs re\u017e\u012bms<br \/>\nAcu aizsardz\u012bba ar zemu spilgtumu, kr\u0101su paleti un siltu nokr\u0101su<br \/>\nElektroniska att\u0113lu stabiliz\u0101cija<\/p>\n","protected":false},"excerpt":{"rendered":"<p>Nocpix VISTA H50R ir 640&#215;512 12um termogr\u0101fisk\u0101 kamera ar \u226415mK NETD, 50mm F0.9 objekt\u012bvu un ieb\u016bv\u0113tu l\u0101zera t\u0101lm\u0113ru, kas piem\u0113rota med\u012bb\u0101m, dro\u0161\u012bbai un cit\u0101m vajadz\u012bb\u0101m.<\/p>\n","protected":false},"featured_media":673758,"template":"","meta":{"_acf_changed":false},"product_brand":[14459],"product_cat":[13798,16084],"product_tag":[],"class_list":{"0":"post-673434","1":"product","2":"type-product","3":"status-publish","4":"has-post-thumbnail","6":"product_brand-nocpix","7":"product_cat-termiska","8":"product_cat-thermal-cameras-lv","10":"first","11":"instock","12":"taxable","13":"shipping-taxable","14":"purchasable","15":"product-type-simple"},"acf":[],"_links":{"self":[{"href":"https:\/\/nbg.eu\/lv\/wp-json\/wp\/v2\/product\/673434","targetHints":{"allow":["GET"]}}],"collection":[{"href":"https:\/\/nbg.eu\/lv\/wp-json\/wp\/v2\/product"}],"about":[{"href":"https:\/\/nbg.eu\/lv\/wp-json\/wp\/v2\/types\/product"}],"wp:featuredmedia":[{"embeddable":true,"href":"https:\/\/nbg.eu\/lv\/wp-json\/wp\/v2\/media\/673758"}],"wp:attachment":[{"href":"https:\/\/nbg.eu\/lv\/wp-json\/wp\/v2\/media?parent=673434"}],"wp:term":[{"taxonomy":"product_brand","embeddable":true,"href":"https:\/\/nbg.eu\/lv\/wp-json\/wp\/v2\/product_brand?post=673434"},{"taxonomy":"product_cat","embeddable":true,"href":"https:\/\/nbg.eu\/lv\/wp-json\/wp\/v2\/product_cat?post=673434"},{"taxonomy":"product_tag","embeddable":true,"href":"https:\/\/nbg.eu\/lv\/wp-json\/wp\/v2\/product_tag?post=673434"}],"curies":[{"name":"wp","href":"https:\/\/api.w.org\/{rel}","templated":true}]}}