{"id":673794,"date":"2025-11-17T17:24:57","date_gmt":"2025-11-17T14:24:57","guid":{"rendered":"https:\/\/nbg.eu\/product\/thermal-camera-nocpix-vista-h35r-ar-lrf-35mm-12um-640x512-15mk-net\/"},"modified":"2026-04-14T16:05:39","modified_gmt":"2026-04-14T13:05:39","slug":"thermal-camera-nocpix-vista-h35r-ar-lrf-35mm-12um-640x512-15mk-net","status":"publish","type":"product","link":"https:\/\/nbg.eu\/lv\/product\/thermal-camera-nocpix-vista-h35r-ar-lrf-35mm-12um-640x512-15mk-net\/","title":{"rendered":"Nocpix Termokamera VISTA H35R LRF"},"content":{"rendered":"<h2>Nocpix VISTA H35R term\u0101lais monokls ar l\u0101zera t\u0101lumm\u0113r\u012bt\u0101ju<\/h2>\n<p>Nocpix VISTA H35R ir daudzfunkcion\u0101ls term\u0101lais monokls, apr\u012bkots ar ieb\u016bv\u0113tu l\u0101zera t\u0101lumm\u0113r\u012bt\u0101ju (LRF), kas ir paredz\u0113ts uzticamai lieto\u0161anai gan dien\u0101, gan nakt\u012b. \u0160\u012b progres\u012bv\u0101 ier\u012bce pied\u0101v\u0101 izcilu term\u0101l\u0101s att\u0113lveido\u0161anas veiktsp\u0113ju, nodro\u0161inot skaidru un detaliz\u0113tu vizu\u0101lo att\u0113lu pat sare\u017e\u0123\u012btos laika apst\u0101k\u013cos, piem\u0113ram, migl\u0101, smog\u0101 un liet\u016b. T\u0101 sp\u0113j konstat\u0113t m\u0113r\u0137us caur \u0161\u0137\u0113r\u0161\u013ciem, piem\u0113ram, zariem, augstu z\u0101li un bieziem kr\u016bmiem, nodro\u0161inot efekt\u012bvu darb\u012bbu apk\u0101rtn\u0113s, kur tradicion\u0101l\u0101 optika ir nepietiekama.<\/p>\n<p>VISTA H35R ir piem\u0113rots da\u017e\u0101diem pielietojumiem, piem\u0113ram, med\u012bb\u0101m, nov\u0113ro\u0161anai, dro\u0161\u012bbai, teritorijas navig\u0101cijai un mekl\u0113\u0161anas un gl\u0101b\u0161anas oper\u0101cij\u0101m. Pateicoties modernai tehnolo\u0123ijai un iztur\u012bgai konstrukcijai, VISTA H35R garant\u0113 prec\u012bzu konstat\u0113\u0161anu un m\u0113r\u012b\u0161anu pat vissmag\u0101kos apst\u0101k\u013cos.<\/p>\n<h2>Specifik\u0101cijas<\/h2>\n<p>Iz\u0161\u0137irtsp\u0113ja: 640 x 512<br \/>\nPikse\u013ca izm\u0113rs: 12<br \/>\nNETD, mK: \u226415<br \/>\nKadru \u0101trums: 50<br \/>\nObjekt\u012bvs: 35mm F0.9<br \/>\nRedzam\u012bbas lauks: 12.5 x 10.0<br \/>\nRedzam\u012bbas lauks (line\u0101ri): 22 x 18<br \/>\nPalielin\u0101jums: 3~28<br \/>\nKonstat\u0113\u0161anas diapazons: 1800<br \/>\nAtt\u0101lums no ac\u012bm: 25<br \/>\nIzejo\u0161\u0101 pupillas diametrs: 8<br \/>\nDioptrs: -4 ~ +6<br \/>\nDispleja tips: AMOLED<br \/>\nDispleja iz\u0161\u0137irtsp\u0113ja: 2560 x 2560<br \/>\nBaterija: Nomain\u0101ma litija-jonu baterija IBP-7 \/ 4400mAh<br \/>\nMaks. darb\u012bbas laiks: 5.5<br \/>\nT\u0101lumm\u0113r\u012b\u0161anas att\u0101lums: 1200<br \/>\nL\u0101zers: 1. klase<br \/>\nWi-Fi\/lietotne: J\u0100<br \/>\nMikrofons: J\u0100<br \/>\nAtmi\u0146as ietilp\u012bba: 64GB<br \/>\nIP kategorija: IP67<br \/>\nMaks. darba temperat\u016bra: -20 ~ +50<br \/>\nSvars (unces): 22.58<br \/>\nSvars (g): 640<br \/>\nIzm\u0113ri (in): 7.48 x 2.64 x 3.11<br \/>\nIzm\u0113ri (mm): 190 x 67 x 79<\/p>\n<h2>Funkcijas<\/h2>\n<p>640\u00d7512 12\u03bcm detektors<br \/>\nNETD\u226415mK<br \/>\n60Hz augsta kadru k\u0101rums<br \/>\nF0.9 objekt\u012bvs<br \/>\nAMOLED 2560\u00d72560 apa\u013cais displejs<br \/>\nIBP-7 \u0101tri nomain\u0101ma uzl\u0101d\u0113jam\u0101 baterija<br \/>\nVienm\u0113r\u012bgs digit\u0101lais t\u0101lumm\u0113r\u012bt\u0101js: 1\u00d7~8\u00d7<br \/>\nUltra t\u012brais re\u017e\u012bms<br \/>\nAcu aizsardz\u012bba ar zemu spilgtumu, kr\u0101su paleti un siltu nokr\u0101su<br \/>\nElektroniska att\u0113la stabiliz\u0101cija<\/p>\n","protected":false},"excerpt":{"rendered":"<p>Termogr\u0101fisk\u0101 kamera Nocpix VISTA H35R ar 35mm 12um 640&#215;512 &lt;15mk NET un LRF, uzticamai dienas\/nakts lieto\u0161anai sare\u017e\u0123\u012btos apst\u0101k\u013cos.<\/p>\n<p>Ja prece nav pieejama, l\u016bdzu, sazinieties ar mums: shop@nbg.eu vai +359896147790<\/p>\n","protected":false},"featured_media":673822,"template":"","meta":{"_acf_changed":false},"product_brand":[14459],"product_cat":[13798,16084],"product_tag":[],"class_list":{"0":"post-673794","1":"product","2":"type-product","3":"status-publish","4":"has-post-thumbnail","6":"product_brand-nocpix","7":"product_cat-termiska","8":"product_cat-thermal-cameras-lv","10":"first","11":"instock","12":"taxable","13":"shipping-taxable","14":"purchasable","15":"product-type-simple"},"acf":[],"_links":{"self":[{"href":"https:\/\/nbg.eu\/lv\/wp-json\/wp\/v2\/product\/673794","targetHints":{"allow":["GET"]}}],"collection":[{"href":"https:\/\/nbg.eu\/lv\/wp-json\/wp\/v2\/product"}],"about":[{"href":"https:\/\/nbg.eu\/lv\/wp-json\/wp\/v2\/types\/product"}],"wp:featuredmedia":[{"embeddable":true,"href":"https:\/\/nbg.eu\/lv\/wp-json\/wp\/v2\/media\/673822"}],"wp:attachment":[{"href":"https:\/\/nbg.eu\/lv\/wp-json\/wp\/v2\/media?parent=673794"}],"wp:term":[{"taxonomy":"product_brand","embeddable":true,"href":"https:\/\/nbg.eu\/lv\/wp-json\/wp\/v2\/product_brand?post=673794"},{"taxonomy":"product_cat","embeddable":true,"href":"https:\/\/nbg.eu\/lv\/wp-json\/wp\/v2\/product_cat?post=673794"},{"taxonomy":"product_tag","embeddable":true,"href":"https:\/\/nbg.eu\/lv\/wp-json\/wp\/v2\/product_tag?post=673794"}],"curies":[{"name":"wp","href":"https:\/\/api.w.org\/{rel}","templated":true}]}}