{"id":673988,"date":"2025-11-17T17:25:01","date_gmt":"2025-11-17T14:25:01","guid":{"rendered":"https:\/\/nbg.eu\/product\/termala-redzamiba-nocpix-slim-l35\/"},"modified":"2026-04-14T16:05:36","modified_gmt":"2026-04-14T13:05:36","slug":"termala-redzamiba-nocpix-slim-l35","status":"publish","type":"product","link":"https:\/\/nbg.eu\/lv\/product\/termala-redzamiba-nocpix-slim-l35\/","title":{"rendered":"Nocpix Termot\u0113m\u0113klis Slim L35"},"content":{"rendered":"<h2>Term\u0101l\u0101 redzam\u012bba Nocpix Slim L35: nep\u0101rsp\u0113jama med\u012bbu sniegums<\/h2>\n<p>Iepaz\u012bstiet SLIM s\u0113rijas t\u0101lskati: 2 vien\u0101 rokas MONOK\u016aLS vai 3,5x (L35) t\u0101lskats. Izv\u0113lieties starp div\u0101m augstas veiktsp\u0113jas kodoliem, izbaudiet 1024&#215;768 OLED displeju un ieg\u016bstiet aizst\u0101jamu 18650 bateriju 10 stundu darb\u012bbas laikam. Fiks\u0113jiet katru momentu ar ietekmes ierakst\u012b\u0161anu, lai nepalaistu gar\u0101m nevienu kadru.<\/p>\n<p>P\u0101rsl\u0113dzieties bez probl\u0113m\u0101m no manu\u0101l\u0101s uz optiskaj\u0101m atz\u012bm\u0113m, nesagrozot, pateicoties 2 vien\u0101 dizainam ar QD stiprin\u0101jumu. Izbaudiet nogurumbr\u012bvu skatu ar 1024&#215;768 AMOLED displeju, jaunu okul\u0101ra dizainu un \u0113rtu 10 mm izejas pupil\u0101ru diametru. Svars tikai 500 g, \u0161\u012b ultrapl\u0101n\u0101 konstrukcija padar\u012bs ilgsto\u0161u lieto\u0161anu par p\u016bl\u0113m, saglab\u0101jot j\u016bs agres\u012bvu lauk\u0101.<\/p>\n<p>Galven\u0101s augstas veiktsp\u0113jas opcijas &#8211; 384\u00d7288@12\u03bcm vai 640\u00d7512@12\u03bcm, NETD\u226418 mK nodro\u0161ina nep\u0101rsp\u0113jamu att\u0113la kvalit\u0101ti, lai ikviens s\u012bkums b\u016btu fiks\u0113ts ar apburo\u0161u skaidr\u012bbu neatkar\u012bgi no med\u012bbu apst\u0101k\u013ciem. Ar Reality+ tehnolo\u0123ijas pievienoto jaudu Slim sasniedz att\u0113la kvalit\u0101ti, kas p\u0101rsp\u0113j citas z\u012bmolu ier\u012bces ar t\u0101 pa\u0161a klases sensoriem.<\/p>\n<p>Nekad nepalaist gar\u0101m \u0161\u0101vienu ar RAV funkciju, kas \u013cauj p\u0101rdz\u012bvot un dal\u012bties ar j\u016bsu visuzbudin\u0101\u0161ajiem med\u012bbu br\u012b\u017eiem. Turpiniet med\u012b\u0161anu ar no\u0146emamu, zemas temperat\u016bras iztur\u012bgu 18650 bateriju, kas pied\u0101v\u0101 l\u012bdz 8 stundu gaid\u012b\u0161anas laiku pat ekstr\u0113mos apst\u0101k\u013cos. Ar 3,5x prim\u0101ro palielin\u0101\u0161anu, SLIM L35 ir j\u016bsu izv\u0113le t\u0101laj\u0101m med\u012bb\u0101m, padarot kojotu med\u012bbas prec\u012bz\u0101kas un efekt\u012bv\u0101kas.<\/p>\n","protected":false},"excerpt":{"rendered":"<p>R\u016bp\u012bgi konstru\u0113tais SLIM s\u0113rijas t\u0101lskatis: 2-in-1 rokas MONOKUL\u0100RS vai 3,5x (L35) t\u0101lskatis ar 1024&#215;768 OLED, 18650 akumulatoru, trieciena ierakst\u012b\u0161anu, term\u0101lajiem sensoriem un \u0101tri nomain\u0101mu elast\u012bbu.<\/p>\n","protected":false},"featured_media":674494,"template":"","meta":{"_acf_changed":false},"product_brand":[14459],"product_cat":[16084],"product_tag":[],"class_list":{"0":"post-673988","1":"product","2":"type-product","3":"status-publish","4":"has-post-thumbnail","6":"product_brand-nocpix","7":"product_cat-thermal-cameras-lv","9":"first","10":"instock","11":"taxable","12":"shipping-taxable","13":"purchasable","14":"product-type-simple"},"acf":[],"_links":{"self":[{"href":"https:\/\/nbg.eu\/lv\/wp-json\/wp\/v2\/product\/673988","targetHints":{"allow":["GET"]}}],"collection":[{"href":"https:\/\/nbg.eu\/lv\/wp-json\/wp\/v2\/product"}],"about":[{"href":"https:\/\/nbg.eu\/lv\/wp-json\/wp\/v2\/types\/product"}],"wp:featuredmedia":[{"embeddable":true,"href":"https:\/\/nbg.eu\/lv\/wp-json\/wp\/v2\/media\/674494"}],"wp:attachment":[{"href":"https:\/\/nbg.eu\/lv\/wp-json\/wp\/v2\/media?parent=673988"}],"wp:term":[{"taxonomy":"product_brand","embeddable":true,"href":"https:\/\/nbg.eu\/lv\/wp-json\/wp\/v2\/product_brand?post=673988"},{"taxonomy":"product_cat","embeddable":true,"href":"https:\/\/nbg.eu\/lv\/wp-json\/wp\/v2\/product_cat?post=673988"},{"taxonomy":"product_tag","embeddable":true,"href":"https:\/\/nbg.eu\/lv\/wp-json\/wp\/v2\/product_tag?post=673988"}],"curies":[{"name":"wp","href":"https:\/\/api.w.org\/{rel}","templated":true}]}}