{"id":674757,"date":"2025-11-17T17:25:02","date_gmt":"2025-11-17T14:25:02","guid":{"rendered":"https:\/\/nbg.eu\/product\/thermal-sight-nocpix-slim-h35\/"},"modified":"2026-04-14T16:05:32","modified_gmt":"2026-04-14T13:05:32","slug":"thermal-sight-nocpix-slim-h35","status":"publish","type":"product","link":"https:\/\/nbg.eu\/lv\/product\/thermal-sight-nocpix-slim-h35\/","title":{"rendered":"Nocpix Termot\u0113m\u0113klis Slim H35"},"content":{"rendered":"<h2>Term\u0101l\u0101s ainas Nocpix Slim H35 &#8211; ultrazviegla term\u0101l\u0101 att\u0113lo\u0161ana ar apbr\u012bnojamu att\u0113la kvalit\u0101ti<\/h2>\n<p>Iepaz\u012bstin\u0101m ar SLIM s\u0113rijas t\u0101lskata ier\u012bci: 2 vien\u0101 rokas MONOKULU vai 3,5x (L35) t\u0101lskatu. Izv\u0113lies starp diviem augstas veiktsp\u0113jas kodoliem, priec\u0101jies par 1024&#215;768 OLED displeju un izmanto nomain\u012bto 18650 akumulatoru l\u012bdz 10 stundu darb\u012bbas laikam. Fiks\u0113 katru br\u012bdi ar ietekmes ierakst\u012b\u0161anu, nodro\u0161inot, ka nepaliek nekas nepaman\u012bts.<\/p>\n<p>Baudi noguruma br\u012bvu skat\u012b\u0161anos ar 1024&#215;768 AMOLED displeju, jaunu okul\u0101ra dizainu un \u0113rtu 10 mm pupillas diametru.<\/p>\n<p>Svars tikai 500 g, \u0161is ultrazvieglais dizains padara pagarin\u0101tu lieto\u0161anu par piep\u016bles br\u012bvu, saglab\u0101jot j\u016bs \u017eiglu lauka darb\u0101.<\/p>\n<p>Augstas veiktsp\u0113jas galven\u0101s opcijas &#8211; 384\u00d7288@12\u03bcm vai 640\u00d7512@12\u03bcm, NETD\u226418 mK, nodro\u0161ina nep\u0101rsp\u0113jamu att\u0113la kvalit\u0101ti, garant\u0113jot, ka katrs s\u012bkums tiek uztverts ar apbr\u012bnojamu skaidr\u012bbu neatkar\u012bgi no med\u012bbu apst\u0101k\u013ciem. Ar pievienoto realit\u0101tes+ tehnolo\u0123iju, Slim sasniedz att\u0113la kvalit\u0101ti, kas p\u0101rsp\u0113j citu z\u012bmolu sensorus taj\u0101 pa\u0161\u0101 kategorij\u0101.<\/p>\n<p>Nekad nezaud\u0113 \u0161\u0101vienu ar RAV funkciju, kas \u013cauj atdz\u012bvin\u0101t un dal\u012bties ar saviem visuzbudin\u0101\u0161an\u0101kajiem med\u012bbu br\u012b\u017eiem.<\/p>\n<p>Turpiniet med\u012bbas ar no\u0146emamu, zemas temperat\u016bras iztur\u012bgu 18650 akumulatoru, kas pied\u0101v\u0101 l\u012bdz 8 stundu gaid\u012b\u0161anas laiku pat ekstr\u0113mos apst\u0101k\u013cos. Tam ar\u012b ir magn\u0113tisk\u0101 uzl\u0101des piesl\u0113gvieta, kas \u013cauj viegli uzl\u0101d\u0113t pat piln\u012bg\u0101 tums\u0101.<\/p>\n","protected":false},"excerpt":{"rendered":"<p>Termisk\u0101 Redze Nocpix Slim H35: 2-in-1 monokular\/3.5x teleskops ar 1024&#215;768 OLED, 18650 akumulators, ietekmes ierakst\u012b\u0161ana.<\/p>\n<p>Ja prece nav pieejama, l\u016bdzu, sazinieties ar mums: shop@nbg.eu vai +359896147790<\/p>\n","protected":false},"featured_media":675210,"template":"","meta":{"_acf_changed":false},"product_brand":[14459],"product_cat":[16084],"product_tag":[],"class_list":{"0":"post-674757","1":"product","2":"type-product","3":"status-publish","4":"has-post-thumbnail","6":"product_brand-nocpix","7":"product_cat-thermal-cameras-lv","9":"first","10":"instock","11":"taxable","12":"shipping-taxable","13":"purchasable","14":"product-type-simple"},"acf":[],"_links":{"self":[{"href":"https:\/\/nbg.eu\/lv\/wp-json\/wp\/v2\/product\/674757","targetHints":{"allow":["GET"]}}],"collection":[{"href":"https:\/\/nbg.eu\/lv\/wp-json\/wp\/v2\/product"}],"about":[{"href":"https:\/\/nbg.eu\/lv\/wp-json\/wp\/v2\/types\/product"}],"wp:featuredmedia":[{"embeddable":true,"href":"https:\/\/nbg.eu\/lv\/wp-json\/wp\/v2\/media\/675210"}],"wp:attachment":[{"href":"https:\/\/nbg.eu\/lv\/wp-json\/wp\/v2\/media?parent=674757"}],"wp:term":[{"taxonomy":"product_brand","embeddable":true,"href":"https:\/\/nbg.eu\/lv\/wp-json\/wp\/v2\/product_brand?post=674757"},{"taxonomy":"product_cat","embeddable":true,"href":"https:\/\/nbg.eu\/lv\/wp-json\/wp\/v2\/product_cat?post=674757"},{"taxonomy":"product_tag","embeddable":true,"href":"https:\/\/nbg.eu\/lv\/wp-json\/wp\/v2\/product_tag?post=674757"}],"curies":[{"name":"wp","href":"https:\/\/api.w.org\/{rel}","templated":true}]}}