{"id":676618,"date":"2025-11-17T17:25:14","date_gmt":"2025-11-17T14:25:14","guid":{"rendered":"https:\/\/nbg.eu\/product\/termala-acu-redze-nocpix-rico-2-s75r\/"},"modified":"2026-04-14T16:05:29","modified_gmt":"2026-04-14T13:05:29","slug":"termala-acu-redze-nocpix-rico-2-s75r","status":"publish","type":"product","link":"https:\/\/nbg.eu\/lv\/product\/termala-acu-redze-nocpix-rico-2-s75r\/","title":{"rendered":"Nocpix Termot\u0113m\u0113klis Rico 2 S75R"},"content":{"rendered":"<h2>Nocpix Rico 2 S75R: Perfekta \u0161\u0101vienu distanc\u0113<\/h2>\n<p>Nocpix RICO 2 S75R termov\u012bzijas t\u0113mek\u013cu s\u0113rija ir izstr\u0101d\u0101ta medniekiem, kas prasa vislab\u0101ko skaidr\u012bbu, diapazonu un komfortu. Apr\u012bkots ar nozares vado\u0161o termisko sensoru un augstas kadr\u0113\u0161anas frekvenci, tas nodro\u0161ina \u0101rk\u0101rt\u012bgi augstu att\u0113la kvalit\u0101ti, kas atvieglo m\u0113r\u0137a atpaz\u012b\u0161anu un izseko\u0161anu. T\u0101 garie fokusa garumi un ieb\u016bv\u0113tais l\u0101zera t\u0101lm\u0113rs nodro\u0161ina prec\u012bzu t\u0101l\u0101ku m\u0113r\u0137u m\u0113r\u012b\u0161anu, kam\u0113r progres\u012bvais optiskais dizains nodro\u0161ina iegremd\u0113jo\u0161u skat\u012b\u0161an\u0101s pieredzi bez distorzijas. Ar bezpak\u0101penisko palielin\u0101\u0161anas sviru un izcilo acu atstarpi Nocpix RICO 2 S75R s\u0113rija \u013cauj medniekiem vienk\u0101r\u0161i piel\u0101got palielin\u0101jumu un justies \u0113rti ilgsto\u0161\u0101s med\u012bb\u0101s. Ar sav\u0101m inovat\u012bvaj\u0101m tehnolo\u0123ij\u0101m un lietot\u0101jorient\u0113to dizainu Nocpix RICO 2 S75R s\u0113rija patie\u0161\u0101m \u013cauj jums med\u012bt \u0101rpus iesp\u0113jam\u0101 robe\u017e\u0101m.<\/p>\n<h2>Visjaun\u0101k\u0101s veiktsp\u0113jas<\/h2>\n<p>Ieg\u016bstiet priek\u0161roc\u012bbas no otr\u0101s paaudzes 12\u03bcm@60Hz sensora ar NETD \u226415mK, lai ieg\u016btu asus, ar augstu kontrastu att\u0113lus un uzlabotu m\u0113r\u0137a identific\u0113\u0161anu. Nocpix RICO 2 S75R ir apr\u012bkots ar liel\u0101kiem objekt\u012bvu l\u0113c\u0101m (75 mm\/F1.0, 50 mm\/F1.0, 42 mm\/F1.0), kas nodro\u0161ina uzlabotu gaismas uztver\u0161anas sp\u0113jas, lai ieg\u016btu izcilu att\u0113lu skaidr\u012bbu un pagarin\u0101tu atkl\u0101\u0161anas diapazonu. RICO 2 s\u0113rija \u013cauj jums ar bezpak\u0101penisko palielin\u0101\u0161anas sviru effortless to preciz\u0113t palielin\u0101\u0161anu, nodro\u0161inot \u0101tru un vienk\u0101r\u0161u piel\u0101go\u0161anos, lai p\u0101rliecino\u0161i iesaist\u012btos m\u0113r\u0137os jebkur\u0101 distanc\u0113 ar precizit\u0101ti. RICO 2 s\u0113rija var lepoties ar iespaid\u012bgu atkl\u0101\u0161anas diapazonu l\u012bdz pat 3896 m, kas dod jums iev\u0113rojamu priek\u0161roc\u012bbu t\u0101l\u0101s distances med\u012bb\u0101s un prec\u012bz\u0101 m\u0113r\u0137o\u0161an\u0101.<\/p>\n<h2>Elast\u012bga un prec\u012bza m\u0113r\u0137o\u0161ana<\/h2>\n<p>Nocpix RICO 2 S75R ir apr\u012bkots ar integr\u0113tu l\u0101zera t\u0101lm\u0113ru, pied\u0101v\u0101jot l\u0101zera noteik\u0161anu diapazon\u0101 l\u012bdz 1200 m ar patieso optisk\u0101s ass saska\u0146o\u0161anu, nodro\u0161inot prec\u012bzus att\u0101lumu m\u0113r\u012bjumus, vienlaikus saglab\u0101jot elegantu dizainu. Vienk\u0101r\u0161ojiet savas \u0161\u0101vienu novieto\u0161anu ar autom\u0101tisk\u0101m ballistisk\u0101m apr\u0113\u0137iniem, izmantojot integr\u0113to l\u0101zera t\u0101lm\u0113ru, lai vienk\u0101r\u0161i pan\u0101ktu prec\u012bzus triecienus liel\u0101 distanc\u0113.<\/p>\n<h2>\u013boti skaidra un \u0113rta skat\u012b\u0161an\u0101s<\/h2>\n<p>1.03&#8243; 2560\u00d72560 OLED displejs (S75R), bez distorzijas acs da\u013ca, 70 mm acu atstarpe un 23 mm pupillas diametrs nodro\u0161ina skaidru, \u0113rtu skat\u012b\u0161an\u0101s pieredzi ilgsto\u0161\u0101m sesij\u0101m. S75R modelis ir apr\u012bkots ar nebiju\u0161u 70 mm att\u0101lumu, kas nodro\u0161ina maksim\u0101lu komfortu ilgtermi\u0146a lieto\u0161anai bez acu spriedzes un nodro\u0161ina acu dro\u0161\u012bbu.<\/p>\n","protected":false},"excerpt":{"rendered":"<p>Pirm\u0101s l\u012bnijas sensoru 1280&#215;1024, elast\u012bgs un prec\u012bzs integr\u0113ts LRF, ekstr\u0113mi skaidra un \u0113rta skat\u012b\u0161an\u0101s, dro\u0161\u012bba un komfortabla acu atstarpe. Nocpix Rico 2 S75R \u2013 T\u0101la diapazona \u0161au\u0161anas eksperts.<\/p>\n","protected":false},"featured_media":676844,"template":"","meta":{"_acf_changed":false},"product_brand":[14459],"product_cat":[16084],"product_tag":[],"class_list":{"0":"post-676618","1":"product","2":"type-product","3":"status-publish","4":"has-post-thumbnail","6":"product_brand-nocpix","7":"product_cat-thermal-cameras-lv","9":"first","10":"instock","11":"taxable","12":"shipping-taxable","13":"purchasable","14":"product-type-simple"},"acf":[],"_links":{"self":[{"href":"https:\/\/nbg.eu\/lv\/wp-json\/wp\/v2\/product\/676618","targetHints":{"allow":["GET"]}}],"collection":[{"href":"https:\/\/nbg.eu\/lv\/wp-json\/wp\/v2\/product"}],"about":[{"href":"https:\/\/nbg.eu\/lv\/wp-json\/wp\/v2\/types\/product"}],"wp:featuredmedia":[{"embeddable":true,"href":"https:\/\/nbg.eu\/lv\/wp-json\/wp\/v2\/media\/676844"}],"wp:attachment":[{"href":"https:\/\/nbg.eu\/lv\/wp-json\/wp\/v2\/media?parent=676618"}],"wp:term":[{"taxonomy":"product_brand","embeddable":true,"href":"https:\/\/nbg.eu\/lv\/wp-json\/wp\/v2\/product_brand?post=676618"},{"taxonomy":"product_cat","embeddable":true,"href":"https:\/\/nbg.eu\/lv\/wp-json\/wp\/v2\/product_cat?post=676618"},{"taxonomy":"product_tag","embeddable":true,"href":"https:\/\/nbg.eu\/lv\/wp-json\/wp\/v2\/product_tag?post=676618"}],"curies":[{"name":"wp","href":"https:\/\/api.w.org\/{rel}","templated":true}]}}