{"id":676861,"date":"2025-11-17T17:25:15","date_gmt":"2025-11-17T14:25:15","guid":{"rendered":"https:\/\/nbg.eu\/product\/termals-skata-nocpix-rico-2-h75r\/"},"modified":"2026-04-14T16:05:25","modified_gmt":"2026-04-14T13:05:25","slug":"termals-skata-nocpix-rico-2-h75r","status":"publish","type":"product","link":"https:\/\/nbg.eu\/lv\/product\/termals-skata-nocpix-rico-2-h75r\/","title":{"rendered":"Nocpix Termot\u0113m\u0113klis Rico 2 H75R"},"content":{"rendered":"<h2>Nocpix Rico 2 H75R: T\u0101l\u0161au\u0161anas piln\u012bba<\/h2>\n<p>Nocpix RICO 2 H75R term\u0101l\u0101s att\u0113lveido\u0161anas ier\u012b\u010du s\u0113rija ir izstr\u0101d\u0101ta medniekiem, kas prasa vislab\u0101ko skaidr\u012bbu, darb\u012bbas diapazonu un komfortu. Ar nozares vado\u0161o term\u0101lo sensoru un augstu kadru \u0101trumu t\u0101 nodro\u0161ina ultra augstv\u0113rt\u012bgu att\u0113lu kvalit\u0101ti, kas atvieglo m\u0113r\u0137a identific\u0113\u0161anu un izseko\u0161anu. T\u0101s gara fokusa garums un ieb\u016bv\u0113tais LRF nodro\u0161ina prec\u012bzu t\u0101lu m\u0113r\u0137u m\u0113r\u012b\u0161anu, savuk\u0101rt progres\u012bvais optiskais dizains sniedz netrauc\u0113tu skat\u012b\u0161anas pieredzi bez izkrop\u013cojumiem. Ar bezstupe\u0146u palielin\u0101\u0161anas sviru un izcilu acs reljefu RICO 2 H75R s\u0113rija \u013cauj medniekiem viegli piel\u0101got palielin\u0101\u0161anu un justies \u0113rti ilgsto\u0161os med\u012bjumos. Inovat\u012bvas tehnolo\u0123ijas un lietot\u0101jcentr\u0113ts dizains padara RICO 2 H75R s\u0113riju par t\u0101l\u0161au\u0161anas med\u012bbu veik\u0161anas augst\u0101ko sasniegumu.<\/p>\n<h2>Modern\u0101k\u0101 term\u0101l\u0101 att\u0113lveido\u0161ana<\/h2>\n<p>Izmantojiet otr\u0101s paaudzes pr\u0113miju 640@12\u03bcm@60Hz sensoru, ar NETD \u226415mK, lai ieg\u016btu asu, augstas kontrasta att\u0113lu un uzlabotu m\u0113r\u0137a identific\u0113\u0161anu.<\/p>\n<h2>Uzlabota skaidr\u012bba ar liel\u0101k\u0101m l\u0113c\u0101m<\/h2>\n<p>RICO 2 H75R ir apr\u012bkots ar liel\u0101k\u0101m objekt\u012bvu l\u0113c\u0101m (75 mm\/F1.0, 50 mm\/F1.0, 42 mm\/F1.0), kas uzlabo gaismas sav\u0101k\u0161anas sp\u0113jas, nodro\u0161inot izcilu att\u0113lu skaidr\u012bbu un papla\u0161in\u0101tu atkl\u0101\u0161anas diapazonu.<\/p>\n<h2>Vienk\u0101r\u0161a palielin\u0101\u0161anas piel\u0101go\u0161ana<\/h2>\n<p>RICO 2 s\u0113rija \u013cauj jums prec\u012bzi piel\u0101got palielin\u0101\u0161anu ar bezstupe\u0146u LPVO stila palielin\u0101\u0161anas sviru, nodro\u0161inot \u0101tru un nevainojamu regul\u0113\u0161anu, lai ar precizit\u0101ti iesaist\u012btu m\u0113r\u0137us jebkur\u0101 att\u0101lum\u0101.<\/p>\n<h2>Rad\u012bts t\u0101lai med\u012bbai<\/h2>\n<p>RICO 2 s\u0113rija var atkl\u0101t m\u0113r\u0137us l\u012bdz pat 3896 m att\u0101lum\u0101, sniedzot jums noz\u012bm\u012bgu priek\u0161roc\u012bbu t\u0101l\u0101s med\u012bb\u0101s un prec\u012bz\u0101 m\u0113r\u0137a tr\u0101p\u012b\u0161an\u0101.<\/p>\n<h2>Elast\u012bgs un prec\u012bzs integr\u0113tais LRF<\/h2>\n<p>RICO 2 H75R ir apr\u012bkots ar integr\u0113tu LRF, kas pied\u0101v\u0101 l\u0101zera noteik\u0161anu l\u012bdz 1200m att\u0101lumam ar patieso optisko asi, nodro\u0161inot prec\u012bzus att\u0101luma m\u0113r\u012bjumus, saglab\u0101jot eleganta dizaina.<\/p>\n<h2>P\u0101rdom\u0101tas ballistikas apr\u0113\u0137ini<\/h2>\n<p>Vienk\u0101r\u0161ojiet savas \u0161\u0101viena izvietojumu ar autom\u0101tiskiem ballistikas apr\u0113\u0137iniem, izmantojot integr\u0113to LRF, lai viegli sasniegtu prec\u012bzus triecienus liel\u0101 att\u0101lum\u0101.<\/p>\n<h2>\u013boti skaidra, \u0113rt\u0101 skat\u012b\u0161ana<\/h2>\n<p>1.03&#8243; 2560\u00d72560 OLED displejs (S75R), bez izkrop\u013cojumiem acs l\u0113ca, 70mm acs reljefu un 23mm izejas pupila nodro\u0161ina asus, \u0113rtus skatus ilgsto\u0161ai lieto\u0161anai.<\/p>\n<h2>Dro\u0161\u012bba un komforts<\/h2>\n<p>H75R modelis ir apr\u012bkots ar bez precedenta 70 mm acs reljefu, kas nodro\u0161ina maksim\u0101lu komfortu ilgsto\u0161ai lieto\u0161anai bez acu noguruma un garant\u0113 acu dro\u0161\u012bbu.<\/p>\n","protected":false},"excerpt":{"rendered":"<p>Nocpix Rico 2 H75R &#8211; T\u0101lskata \u0161au\u0161anas eksperts ar 640&#215;512 sensoru, 60Hz, integr\u0113tu LRF un nep\u0101rtrauktu palielin\u0101\u0161anu.<\/p>\n<p>Ja prece nav pieejama, l\u016bdzu, sazinieties ar mums: shop@nbg.eu vai +359896147790<\/p>\n","protected":false},"featured_media":676935,"template":"","meta":{"_acf_changed":false},"product_brand":[14459],"product_cat":[16084],"product_tag":[],"class_list":{"0":"post-676861","1":"product","2":"type-product","3":"status-publish","4":"has-post-thumbnail","6":"product_brand-nocpix","7":"product_cat-thermal-cameras-lv","9":"first","10":"instock","11":"taxable","12":"shipping-taxable","13":"purchasable","14":"product-type-simple"},"acf":[],"_links":{"self":[{"href":"https:\/\/nbg.eu\/lv\/wp-json\/wp\/v2\/product\/676861","targetHints":{"allow":["GET"]}}],"collection":[{"href":"https:\/\/nbg.eu\/lv\/wp-json\/wp\/v2\/product"}],"about":[{"href":"https:\/\/nbg.eu\/lv\/wp-json\/wp\/v2\/types\/product"}],"wp:featuredmedia":[{"embeddable":true,"href":"https:\/\/nbg.eu\/lv\/wp-json\/wp\/v2\/media\/676935"}],"wp:attachment":[{"href":"https:\/\/nbg.eu\/lv\/wp-json\/wp\/v2\/media?parent=676861"}],"wp:term":[{"taxonomy":"product_brand","embeddable":true,"href":"https:\/\/nbg.eu\/lv\/wp-json\/wp\/v2\/product_brand?post=676861"},{"taxonomy":"product_cat","embeddable":true,"href":"https:\/\/nbg.eu\/lv\/wp-json\/wp\/v2\/product_cat?post=676861"},{"taxonomy":"product_tag","embeddable":true,"href":"https:\/\/nbg.eu\/lv\/wp-json\/wp\/v2\/product_tag?post=676861"}],"curies":[{"name":"wp","href":"https:\/\/api.w.org\/{rel}","templated":true}]}}