{"id":676973,"date":"2025-11-17T17:25:28","date_gmt":"2025-11-17T14:25:28","guid":{"rendered":"https:\/\/nbg.eu\/product\/termo-redzesloks-nocpix-ace-s60r-rail-zeiss\/"},"modified":"2026-04-14T17:21:21","modified_gmt":"2026-04-14T14:21:21","slug":"termo-redzesloks-nocpix-ace-s60r-rail-zeiss","status":"publish","type":"product","link":"https:\/\/nbg.eu\/lv\/product\/termo-redzesloks-nocpix-ace-s60r-rail-zeiss\/","title":{"rendered":"Nocpix Termot\u0113m\u0113klis ACE S60R ZEISS RAIL"},"content":{"rendered":"<h2>NocPix ACE S60R termiskais vizors<\/h2>\n<p>NocPix ACE S60R termiskais vizors ir pavisam jauns, modern\u0101kais instruments, kas izstr\u0101d\u0101ts elit\u0101rajiem medniekiem, kuri pieprasa augst\u0101ko veiktsp\u0113ju vissare\u017e\u0123\u012bt\u0101kajos apst\u0101k\u013cos. Ar savu modern\u0101ko tehnolo\u0123iju un iztur\u012bgo konstrukciju \u0161is vado\u0161ais termiskais vizors ir paredz\u0113ts, lai jums pal\u012bdz\u0113tu vald\u012bt nakt\u012b un pievar\u0113t savva\u013cas dz\u012bvniekus. Vai j\u016bs sken\u0113jat pl\u0113s\u0113ju t\u0101lum\u0101 vai izsekojat \u0101tri kusto\u0161iem m\u0113r\u0137iem, ACE S60R pied\u0101v\u0101 nebiju\u0161u skaidr\u012bbu, precizit\u0101ti un uzticam\u012bbu.<\/p>\n<p>\u0160\u012b \u0101rk\u0101rt\u0113j\u0101 vizora kodols ir 2. paaudzes HD termiskais sensors ar \u0432\u043f\u0435\u0447\u0430\u0442\u043b\u044f\u044e\u0449\u0438\u043c 1280\u00d71024 iz\u0161\u0137irtsp\u0113ju un ultra jut\u012bgu NETD no \u226415mK. \u0160is n\u0101kam\u0101s paaudzes sensors \u013cauj ACE S60R noteikt pat vismaz\u0101k\u0101s temperat\u016bras izmai\u0146as, nodro\u0161inot skaidras, detaliz\u0113tas termisk\u0101s att\u0113lus re\u0101laj\u0101 laik\u0101. Ar kadru \u0101trumu 50 Hz vizors nodro\u0161ina gludo video, kas turpina savu m\u0113r\u0137i, \u013caujot jums to aiz\u0146emties ar nebiju\u0161u precizit\u0101ti.<\/p>\n<p>NocPix ACE S60R ir ar\u012b apr\u012bkots ar 60mm\/F1.0 l\u0113cu, kas uztver par 20% vair\u0101k gaismas nek\u0101 standarta vizori, nodro\u0161inot jums spilgt\u0101kas un skaidr\u0101kas att\u0113lus pat vistum\u0161\u0101kos apst\u0101k\u013cos. T\u0101 izcil\u0101s ilg\u0101s darb\u012bbas konstat\u0113\u0161ana l\u012bdz pat 3100 metriem \u013cauj jums viegli identific\u0113t un izsekot t\u0101liem m\u0113r\u0137iem, nodro\u0161inot kritisko priek\u0161roc\u012bbu t\u0101l\u0101s med\u012bbu un \u0161au\u0161anas scen\u0101rijos. Kombin\u0101cij\u0101 ar NocPix patent\u0113tu Reality+ att\u0113la apstr\u0101des algoritmu ACE S60R dramatiski samazina apk\u0101rt\u0113j\u0101 trok\u0161\u0146a l\u012bmeni, nodro\u0161inot asus, augstas kontrasta att\u0113lus katru reizi.<\/p>\n<p>Tiem, kas v\u0113las v\u0113l liel\u0101ku vizu\u0101lo skaidr\u012bbu, ACE S60R ir apr\u012bkots ar novatorisko Vision+ sist\u0113mu. Apa\u013cais 1.03 collu 2560\u00d72560 AMOLED displejs, apvienots ar vado\u0161o nozar\u0113 akul\u0101ro palielin\u0101jumu, nodro\u0161ina nebiju\u0161u optisko palielin\u0101jumu bez tipisk\u0101s izpl\u016b\u0161anas vai izkrop\u013cojuma, ko rada elektroniskie palielin\u0101t\u0101ji. \u0160\u012b p\u0101rr\u0101vuma tehnolo\u0123ija nodro\u0161ina krist\u0101lt\u012bru skatu un pla\u0161u skata lauku, vai nu j\u016bs tuvojaties m\u0113r\u0137im, vai sken\u0113jat apk\u0101rtni.<\/p>\n<p>Precizit\u0101te ir svar\u012bga med\u012bbu laik\u0101, un ACE S60R nep\u0101rvilcin\u0101mi atbilst \u0161ai pras\u012bbai. T\u0101 ieb\u016bv\u0113tais l\u0101zera t\u0101lm\u0113r\u012bt\u0101js (LRF) nodro\u0161ina prec\u012bzus m\u0113r\u012bjumus l\u012bdz pat 1200 metriem. LRF ir savienots ar sl\u012bp\u0101 dizainu, saglab\u0101jot patieso optisko asi un \u013caujot jums apr\u0113\u0137in\u0101t prec\u012bzus att\u0101lumus, netrauc\u0113jot fokus\u0113\u0161anu. Un ar ieb\u016bv\u0113tu ballistikas apr\u0113\u0137inu funkcionalit\u0101ti ACE S60R nodro\u0161ina, ka j\u016bsu \u0161\u0101vieni ir prec\u012bzi, \u0146emot v\u0113r\u0101 visus faktorus ide\u0101lai precizit\u0101tei.<\/p>\n<p>Izstr\u0101d\u0101jot medniekiem, NocPix ACE S60R ir ar\u012b apr\u012bkots ar divu akumulatoru sist\u0113mu ar ieb\u016bv\u0113tu 4000mAh akumulatoru un no\u0146emamu 18650 akumulatoru pagarin\u0101tai lieto\u0161anai lauk\u0101. Vair\u0101k neuztraucieties par baro\u0161anas zudumu med\u012bbu laik\u0101 &#8211; \u0161\u012b sist\u0113ma ir paredz\u0113ta, lai iztur\u0113tu j\u016bsu piedz\u012bvojumu garumu. Papildus funkcijas, piem\u0113ram, autom\u0101tiska ekr\u0101na izsl\u0113g\u0161ana, satricin\u0101juma aktiviz\u0113ta video ierakst\u012b\u0161ana un bezapvalka dizains padara \u0161o termisko vizoru par patie\u0161\u0101m revolucion\u0101ru lauk\u0101.<\/p>\n<p>Izgatavots visbardz\u012bg\u0101kajiem \u0101r\u0113jiem apst\u0101k\u013ciem, ACE S60R ir izgatavotas no augstas iztur\u012bbas alum\u012bnija sakaus\u0113juma, kas r\u016bp\u012bgi p\u0101rbaud\u012bts, lai iztur\u0113tu ekstr\u0113mus triecienus un rupju lieto\u0161anu. Ar IP67 nov\u0113rt\u0113jumu \u016bdens notur\u012bbai, tas darbojas bez probl\u0113m\u0101m liet\u016b, putek\u013cos un izaicino\u0161os apst\u0101k\u013cos, nodro\u0161inot, ka j\u016bsu vizors ir tik iztur\u012bgs k\u0101 j\u016bsu med\u012bbu instinkti.<\/p>\n<p>NocPix ACE S60R ir vair\u0101k nek\u0101 tikai termiskais t\u0113meklis &#8211; tas ir galvenais med\u012bbu pavadonis. Ar modern\u0101kaj\u0101m tehnolo\u0123ij\u0101m, izcilu iztur\u012bbu un daudz papildu funkciju, kas izstr\u0101d\u0101tas, lai uzlabotu j\u016bsu med\u012bbu pieredzi, \u0161is t\u0113meklis p\u0101rdefin\u0113s to, ko j\u016bs gaid\u0101t no j\u016bsu apr\u012bkojuma. Sagatavojieties vald\u012bt nakt\u012b.<\/p>\n","protected":false},"excerpt":{"rendered":"<p>Nocpix ACE S60R termisk\u0101 aptvere ir pirmklas\u012bgs r\u012bks, kas rad\u012bts elit\u0101rajiem medniekiem, ar att\u012bst\u012btu tehnolo\u0123iju, iztur\u012bgu konstrukciju un l\u012bdzek\u013ciem, piem\u0113ram, Gen-2 HD termisko sensoru, Vision+ sist\u0113mu, integr\u0113tu l\u0101zera t\u0101lm\u0113ru un divk\u0101r\u0161u akumulatoru sist\u0113mu, lai sniegtu maksim\u0101lu veiktsp\u0113ju sare\u017e\u0123\u012bt\u0101 vid\u0113.<\/p>\n<p>Ja prece nav pieejama, l\u016bdzu, sazinieties ar mums: shop@nbg.eu vai +359896147790.<\/p>\n","protected":false},"featured_media":677163,"template":"","meta":{"_acf_changed":false},"product_brand":[14459],"product_cat":[13798],"product_tag":[],"class_list":{"0":"post-676973","1":"product","2":"type-product","3":"status-publish","4":"has-post-thumbnail","6":"product_brand-nocpix","7":"product_cat-termiska","9":"first","10":"instock","11":"taxable","12":"shipping-taxable","13":"purchasable","14":"product-type-simple"},"acf":[],"_links":{"self":[{"href":"https:\/\/nbg.eu\/lv\/wp-json\/wp\/v2\/product\/676973","targetHints":{"allow":["GET"]}}],"collection":[{"href":"https:\/\/nbg.eu\/lv\/wp-json\/wp\/v2\/product"}],"about":[{"href":"https:\/\/nbg.eu\/lv\/wp-json\/wp\/v2\/types\/product"}],"wp:featuredmedia":[{"embeddable":true,"href":"https:\/\/nbg.eu\/lv\/wp-json\/wp\/v2\/media\/677163"}],"wp:attachment":[{"href":"https:\/\/nbg.eu\/lv\/wp-json\/wp\/v2\/media?parent=676973"}],"wp:term":[{"taxonomy":"product_brand","embeddable":true,"href":"https:\/\/nbg.eu\/lv\/wp-json\/wp\/v2\/product_brand?post=676973"},{"taxonomy":"product_cat","embeddable":true,"href":"https:\/\/nbg.eu\/lv\/wp-json\/wp\/v2\/product_cat?post=676973"},{"taxonomy":"product_tag","embeddable":true,"href":"https:\/\/nbg.eu\/lv\/wp-json\/wp\/v2\/product_tag?post=676973"}],"curies":[{"name":"wp","href":"https:\/\/api.w.org\/{rel}","templated":true}]}}