{"id":677688,"date":"2025-11-17T17:25:33","date_gmt":"2025-11-17T14:25:33","guid":{"rendered":"https:\/\/nbg.eu\/product\/termovizors-nocpix-ace-h50r-12um-640x512-15mk-netd\/"},"modified":"2026-04-14T16:05:18","modified_gmt":"2026-04-14T13:05:18","slug":"termovizors-nocpix-ace-h50r-12um-640x512-15mk-netd","status":"publish","type":"product","link":"https:\/\/nbg.eu\/lv\/product\/termovizors-nocpix-ace-h50r-12um-640x512-15mk-netd\/","title":{"rendered":"Nocpix Termot\u0113m\u0113klis ACE H50R"},"content":{"rendered":"<h2>NocPix ACE H50R Term\u0101l\u0101 \u0161autuvju teleskops<\/h2>\n<p>NocPix ACE H50R term\u0101lais \u0161autuvju teleskops apvieno progres\u012bvu tehnolo\u0123iju ar iztur\u012bgu iztur\u012bbu, lai nodro\u0161in\u0101tu nep\u0101rsp\u0113jamu med\u012bbu pieredzi. Tam ir 640&#215;512 iz\u0161\u0137irtsp\u0113jas term\u0101lais sensors ar \u226412mK NETD, nodro\u0161inot izcilu att\u0113lu skaidr\u012bbu, 3100 metru noteik\u0161anas diapazonu un integr\u0113tu l\u0101zera t\u0101lumm\u0113r\u012bt\u0101ju prec\u012bziem m\u0113r\u012bjumiem l\u012bdz 1200 metriem. Inovat\u012bv\u0101 Vision+ sist\u0113ma pied\u0101v\u0101 oku\u013c\u0101ro palielin\u0101\u0161anu skaidriem tuvumiem, savuk\u0101rt divk\u0101r\u0161\u0101 akumulatoru sist\u0113ma nodro\u0161ina ilgsto\u0161u darb\u012bbu.<\/p>\n<p>Nocpix ACE H50 term\u0101l\u0101 \u0161autuvju teleskopa pamat\u0101 ir t\u0101 G2 HD term\u0101lais sensors ar 640&#215;512 iz\u0161\u0137irtsp\u0113ju un 60 kadri\/sekund\u0113, nodro\u0161inot nevainojamu veiktsp\u0113ju. Ar NETD \u226412mK \u0161is teleskops uztver pat viss\u012bk\u0101k\u0101s temperat\u016bras at\u0161\u0137ir\u012bbas, sniedzot detaliz\u0113tus un vienm\u0113r\u012bgus term\u0101lus att\u0113lus, ide\u0101lus \u0101tri kust\u012bgu m\u0113r\u0137u izseko\u0161anai re\u0101laj\u0101 laik\u0101.<\/p>\n<p>ACE H50R ir apr\u012bkots ar 50 mm\/F0.9 l\u0113cu, kas \u013cauj 20% vair\u0101k gaismas nok\u013c\u016bt uz sensora, radot gai\u0161\u0101kus un skaidr\u0101kus att\u0113lus. Tas ir b\u016btiski medniekiem, kuri st\u0101v par precizit\u0101ti, jo uzlabot\u0101 gaismas p\u0101rraide nodro\u0161ina lab\u0101ku redzam\u012bbu zemas apgaismot\u012bbas apst\u0101k\u013cos.<\/p>\n<p>Ieb\u016bv\u0113t\u0101 Vision+ sist\u0113ma uzlabo vizu\u0101lo pieredzi ar 1.03 collu apa\u013cu AMOLED displeju ar 2560&#215;2560 iz\u0161\u0137irtsp\u0113ju. T\u0101 optikas palielin\u0101\u0161anas sist\u0113ma nov\u0113r\u0161 miglo\u0161anos un izkrop\u013cojumus, kas parasti saist\u012bti ar tradicion\u0101lajiem elektroniskajiem palielin\u0101jumiem, nodro\u0161inot medniekiem skaidru, augstas iz\u0161\u0137irtsp\u0113jas tuv\u0113jo skatu bez deta\u013cu zaud\u0113\u0161anas.<\/p>\n<p>Ar iztur\u012bgu konstrukciju no augstprieguma alum\u012bnija sakaus\u0113juma un IP67 \u016bdensiztur\u012bbas nov\u0113rt\u0113jumu, ACE iztur bargas \u0101ra vides un intens\u012bvu lietojumu, nodro\u0161inot medniekiem miera pr\u0101tu neatkar\u012bgi no apst\u0101k\u013ciem.<\/p>\n","protected":false},"excerpt":{"rendered":"<p>Nocpix ACE H50R term\u0101lais \u0161autuvgraizis ar 640&#215;512 term\u0101lu sensoru ar \u226412mK NETD, 3100m konstat\u0113\u0161anu, integr\u0113tu LRF un Vision+ sist\u0113mu neaizsniedzamas med\u012bbu pieredzes nodro\u0161in\u0101\u0161anai.<\/p>\n","protected":false},"featured_media":677965,"template":"","meta":{"_acf_changed":false},"product_brand":[14459],"product_cat":[13798],"product_tag":[],"class_list":{"0":"post-677688","1":"product","2":"type-product","3":"status-publish","4":"has-post-thumbnail","6":"product_brand-nocpix","7":"product_cat-termiska","9":"first","10":"outofstock","11":"taxable","12":"shipping-taxable","13":"purchasable","14":"product-type-simple"},"acf":[],"_links":{"self":[{"href":"https:\/\/nbg.eu\/lv\/wp-json\/wp\/v2\/product\/677688","targetHints":{"allow":["GET"]}}],"collection":[{"href":"https:\/\/nbg.eu\/lv\/wp-json\/wp\/v2\/product"}],"about":[{"href":"https:\/\/nbg.eu\/lv\/wp-json\/wp\/v2\/types\/product"}],"wp:featuredmedia":[{"embeddable":true,"href":"https:\/\/nbg.eu\/lv\/wp-json\/wp\/v2\/media\/677965"}],"wp:attachment":[{"href":"https:\/\/nbg.eu\/lv\/wp-json\/wp\/v2\/media?parent=677688"}],"wp:term":[{"taxonomy":"product_brand","embeddable":true,"href":"https:\/\/nbg.eu\/lv\/wp-json\/wp\/v2\/product_brand?post=677688"},{"taxonomy":"product_cat","embeddable":true,"href":"https:\/\/nbg.eu\/lv\/wp-json\/wp\/v2\/product_cat?post=677688"},{"taxonomy":"product_tag","embeddable":true,"href":"https:\/\/nbg.eu\/lv\/wp-json\/wp\/v2\/product_tag?post=677688"}],"curies":[{"name":"wp","href":"https:\/\/api.w.org\/{rel}","templated":true}]}}