{"id":678111,"date":"2025-11-17T17:25:36","date_gmt":"2025-11-17T14:25:36","guid":{"rendered":"https:\/\/nbg.eu\/product\/termiskais-monokulars-nocpix-lumi-l35\/"},"modified":"2026-01-21T11:39:11","modified_gmt":"2026-01-21T08:39:11","slug":"termiskais-monokulars-nocpix-lumi-l35","status":"publish","type":"product","link":"https:\/\/nbg.eu\/lv\/product\/termiskais-monokulars-nocpix-lumi-l35\/","title":{"rendered":"Termiskais monokul\u0101rs Nocpix LUMI L35"},"content":{"rendered":"<h2>Maksim\u0101la veiktsp\u0113ja ar minim\u0101lu svaru &#8211; Nocpix LUMI L35: J\u016bsu neaizst\u0101jamais pal\u012bgs j\u016bsu darb\u0101<\/h2>\n<p>LUMI term\u0101l\u0101s att\u0113lo\u0161anas monokulas s\u0113rija ir paredz\u0113ta lieto\u0161anai gan dien\u0101, gan nakt\u012b, un pied\u0101v\u0101 jums izcilu att\u0113la kvalit\u0101ti pat sare\u017e\u0123\u012btos laikapst\u0101k\u013cos, piem\u0113ram, migl\u0101, smog\u0101 vai liet\u016b. Pat ja \u0161\u0137\u0113r\u0161\u013ci, k\u0101 zari, augsta z\u0101le vai bl\u012bva lapotne apgr\u016btina redzam\u012bbu, pateicoties \u0161ai tehnolo\u0123ijai, j\u016bs vienm\u0113r skaidri redz\u0113siet, kas jums priek\u0161\u0101. T\u0101s ir ar\u012b tik kompaktas un vieglas, ka varat t\u0101s \u0113rti p\u0101rn\u0113s\u0101t jebkur.<\/p>\n<p>LUMI term\u0101lie kameru ir ide\u0101li piem\u0113roti da\u017e\u0101diem pielietojumiem, piem\u0113ram, med\u012bb\u0101m, uzraudz\u012bbai, dro\u0161\u012bbai, teritorijas orient\u0101cijai vai mekl\u0113\u0161anas un gl\u0101b\u0161anas oper\u0101cij\u0101m.<\/p>\n<h2>Nep\u0101rsp\u0113ta att\u0113lu veiktsp\u0113ja asu att\u0113lu ieg\u016b\u0161anai<\/h2>\n<p>LUMI s\u0113rija izvirza jaunus standartus att\u0113la kvalit\u0101tes zi\u0146\u0101. Apr\u012bkotas ar vismodern\u0101kajiem att\u0113lu apstr\u0101des algoritmiem un jaud\u012bgu term\u0101lo sensoru ar NETD &lt; 18 mK, kameras nodro\u0161ina asus un re\u0101liskas att\u0113lus. AMOLED displejs ar 1024 x 768 pikse\u013cu iz\u0161\u0137irtsp\u0113ju nodro\u0161ina izcilu att\u0113la att\u0113lojumu, savuk\u0101rt Ultra Clear re\u017e\u012bms papildus optimiz\u0113 att\u0113la skaidr\u012bbu, \u012bpa\u0161i sare\u017e\u0123\u012btos laikapst\u0101k\u013cos.<\/p>\n<h2>Personaliz\u0113ta skat\u012b\u0161anas pieredze &#8211; Piln\u012bb\u0101 piel\u0101gojiet savu ier\u012bci<\/h2>\n<p>Pateicoties vid\u0113ja izm\u0113ra 384 x 288 px sensoram un da\u017e\u0101d\u0101m iestat\u012bjumu opcij\u0101m, varat piel\u0101got ier\u012bci prec\u012bzi p\u0113c sav\u0101m vajadz\u012bb\u0101m. Izv\u0113lieties no 5 kr\u0101su re\u017e\u012bmiem un optimiz\u0113jiet savu skatu ar 10 spilgtuma, asuma un kontrasta l\u012bme\u0146iem &#8211; lai neviens s\u012bkums nepaliktu nepaman\u012bts.<\/p>\n<h2>Vienk\u0101r\u0161a pieredzes koplieto\u0161ana<\/h2>\n<p>\u012apa\u0161u mirk\u013cu fiks\u0113\u0161ana ir b\u016btiska m\u016bsdienu mednieka dz\u012bv\u0113. Ar Nocpix LUMI L35 j\u016bs ne tikai \u0113rti var\u0113siet kop\u012bgot ierakstus ar lietotni, bet ar\u012b atska\u0146ot tos tie\u0161i ier\u012bc\u0113 &#8211; ide\u0101li, lai uzreiz dal\u012btos ar saviem piedz\u012bvojumiem ar citiem.<\/p>\n<h2>Var izmantot elast\u012bgi, pateicoties no\u0146emamai bateriju sist\u0113mai<\/h2>\n<p>LUMI s\u0113rija ir apr\u012bkota ar standarta 18650 baterij\u0101m, nodro\u0161inot jums maksim\u0101lu elast\u012bbu. Neatkar\u012bgi no t\u0101, kur j\u016bs esat, ar iek\u013cauto bateriju l\u0101d\u0113t\u0101ju j\u016bs b\u016bsiet atkal gatavi darbam jau p\u0113c neilga laika &#8211; un var\u0113siet turpin\u0101t savu misiju.<\/p>\n","protected":false},"excerpt":{"rendered":"<p>Maksim\u0101la veiktsp\u0113ja ar minim\u0101lu svaru \u2013 Nocpix LUMI L35: J\u016bsu neaizst\u0101jamais pal\u012bgs j\u016bsu darb\u0101. 384 sensoru ar 18 mK, AMOLED displejs ar 1024 \u00d7 768 pikse\u013ciem, no\u0146emama 18650 baterija, detekt\u0113\u0161anas diapazons aptuveni 1800 metri, liela pamata palielin\u0101jums lauka med\u012bb\u0101m, kompakts dizains.<\/p>\n","protected":false},"featured_media":678304,"template":"","meta":{"_acf_changed":false},"product_brand":[14459],"product_cat":[13798,369],"product_tag":[],"class_list":{"0":"post-678111","1":"product","2":"type-product","3":"status-publish","4":"has-post-thumbnail","6":"product_brand-nocpix","7":"product_cat-termiska","8":"product_cat-uncategorized","10":"first","11":"instock","12":"taxable","13":"shipping-taxable","14":"purchasable","15":"product-type-simple"},"acf":[],"_links":{"self":[{"href":"https:\/\/nbg.eu\/lv\/wp-json\/wp\/v2\/product\/678111","targetHints":{"allow":["GET"]}}],"collection":[{"href":"https:\/\/nbg.eu\/lv\/wp-json\/wp\/v2\/product"}],"about":[{"href":"https:\/\/nbg.eu\/lv\/wp-json\/wp\/v2\/types\/product"}],"wp:featuredmedia":[{"embeddable":true,"href":"https:\/\/nbg.eu\/lv\/wp-json\/wp\/v2\/media\/678304"}],"wp:attachment":[{"href":"https:\/\/nbg.eu\/lv\/wp-json\/wp\/v2\/media?parent=678111"}],"wp:term":[{"taxonomy":"product_brand","embeddable":true,"href":"https:\/\/nbg.eu\/lv\/wp-json\/wp\/v2\/product_brand?post=678111"},{"taxonomy":"product_cat","embeddable":true,"href":"https:\/\/nbg.eu\/lv\/wp-json\/wp\/v2\/product_cat?post=678111"},{"taxonomy":"product_tag","embeddable":true,"href":"https:\/\/nbg.eu\/lv\/wp-json\/wp\/v2\/product_tag?post=678111"}],"curies":[{"name":"wp","href":"https:\/\/api.w.org\/{rel}","templated":true}]}}