{"id":678360,"date":"2025-11-18T18:19:28","date_gmt":"2025-11-18T15:19:28","guid":{"rendered":"https:\/\/nbg.eu\/product\/nocpix-quest-l35r-384x288-netd-15mk\/"},"modified":"2026-04-14T16:05:11","modified_gmt":"2026-04-14T13:05:11","slug":"nocpix-quest-l35r-384x288-netd-15mk","status":"publish","type":"product","link":"https:\/\/nbg.eu\/lv\/product\/nocpix-quest-l35r-384x288-netd-15mk\/","title":{"rendered":"Nocpix Termobinoklis Quest L35R"},"content":{"rendered":"<h2>Nocpix Quest L35R 384&#215;288 NETD \u226415mK: Atkl\u0101j savu term\u0101lredzam\u012bbu<\/h2>\n<p>QUEST ir viegls un p\u0101rn\u0113s\u0101jams, pied\u0101v\u0101jot atkl\u0101\u0161anas diapazonu l\u012bdz 2600 m un ieb\u016bv\u0113tu sl\u0113pto LRF ar diapazona 1000 m, lai nodro\u0161in\u0101tu liel\u0101ku precizit\u0101ti un redzam\u012bbu. T\u0101 tradicion\u0101l\u0101 binok\u013ca dizains ir apr\u012bkots ar pilnu gumijas apvalku un IP67 nov\u0113rt\u0113jumu, lai nodro\u0161in\u0101tu iztur\u012bbu un komfortu sare\u017e\u0123\u012btos apst\u0101k\u013cos. Apr\u012bkots ar augstas veiktsp\u0113jas 640&#215;512 sensoru (NETD \u226415mK, 60Hz), QUEST nodro\u0161ina izcilu att\u0113la kvalit\u0101ti, augst\u0101ku termisko jut\u012bgumu un probl\u0113mu br\u012bvu darb\u012bbu sare\u017e\u0123\u012bt\u0101 vid\u0113.<\/p>\n<h2>Izcila att\u0113la kvalit\u0101te un skaidr\u012bba<\/h2>\n<p>Nocpix QUEST funkcionalit\u0101te R+ att\u0113la uzlabo\u0161ana nodro\u0161ina augst\u0101ku skaidr\u012bbu un precizit\u0101ti, apvienojot to ar 1920&#215;1200 AMOLED displeju, lai rad\u012btu iegrimu\u0161u, acu draudz\u012bgu skat\u012b\u0161an\u0101s pieredzi.<\/p>\n<h2>Augstv\u0113rt\u012bgs sensors izcil\u012bbai<\/h2>\n<p>Nocpix QUEST ir apr\u012bkots ar augstas veiktsp\u0113jas sensoru (640&#215;512@12\u00b5m), kas nodro\u0161ina izcilu att\u0113la kvalit\u0101ti. Ar NETD \u226415mK un 60Hz kadru \u0101trumu, tas nodro\u0161ina augst\u0101ku termisko jut\u012bgumu, sniedzot skaidrus un vizu\u0101lus att\u0113lus pat vissare\u017e\u0123\u012bt\u0101kaj\u0101 vid\u0113.<\/p>\n<h2>Sp\u0113c\u012bgas atkl\u0101\u0161anas sp\u0113jas<\/h2>\n<p>Nocpix QUEST nodro\u0161ina atkl\u0101\u0161anas diapazonu l\u012bdz 2600 m un ieb\u016bv\u0113tu sl\u0113pto LRF ar diapazonu l\u012bdz 1000 m, \u013caujot redz\u0113t t\u0101l\u0101k un prec\u012bz\u0101k nek\u0101 jebkad agr\u0101k. Tas ar\u012b atbalsta ballistikas apr\u0113\u0137inus, nodro\u0161inot datu atbalstu kooperat\u012bvam med\u012bjumam.<\/p>\n<h2>Ergonomiska vienas rokas darb\u012bba<\/h2>\n<p>Nocpix QUEST pied\u0101v\u0101 ergonomisku, nesl\u012bdo\u0161u rokturi ar vienk\u0101r\u0161u 4 pogu izk\u0101rtojumu un centr\u0101li izvietotiem ritenti\u0146iem, lai atvieglotu vienas rokas darb\u012bbu un dro\u0161u satver\u0161anu visos apst\u0101k\u013cos.<\/p>\n<h2>Viegls un p\u0101rn\u0113s\u0101jams<\/h2>\n<p>QUEST sver tikai 700g un ietver piel\u0101gotu nesamo maisu, pied\u0101v\u0101jot vieglu p\u0101rn\u0113s\u0101\u0161anu un komfortu \u0101ra aktivit\u0101t\u0113m, piem\u0113ram, med\u012bb\u0101m un izp\u0113tei.<\/p>\n<h2>Uzticama energoapg\u0101des veiktsp\u0113ja<\/h2>\n<p>QUEST s\u0113rija ir apr\u012bkota ar dubultas baterijas dizainu ar ieb\u016bv\u0113tu un nomain\u0101mu 18650 bateriju, nodro\u0161inot bezr\u016bp\u012bgu nomai\u0146u un nep\u0101rtrauktu lieto\u0161anu j\u016bsu piedz\u012bvojuma laik\u0101.<\/p>\n<h2>Iztur\u012bgs un \u0113rts dizains<\/h2>\n<p>QUEST ir apr\u012bkots ar tradicion\u0101lu binok\u013ca dizainu ar rafin\u0113tu pilno gumijas p\u0101rkl\u0101jumu un IP67 nov\u0113rt\u0113jumu \u016bdens un putek\u013cu iztur\u012bbai, nodro\u0161inot gan iztur\u012bbu, gan visp\u0101r\u0113jo komfortu.<\/p>\n","protected":false},"excerpt":{"rendered":"<p>Nocpix QUEST L35R 384&#215;288 NETD &lt;15mK: Viegls, portat\u012bvs term\u0101lais t\u0113lveidot\u0101js ar 2600m atkl\u0101\u0161anas diapazona, ieb\u016bv\u0113tu 1000m l\u0101zera t\u0101lm\u0113ru un izcilu att\u0113la skaidr\u012bbu.<\/p>\n<p>Ja prece nav pieejama, l\u016bdzu, sazinieties ar mums: shop@nbg.eu vai +359896147790<\/p><\/p>\n","protected":false},"featured_media":678733,"template":"","meta":{"_acf_changed":false},"product_brand":[14459],"product_cat":[14687,13798,16084],"product_tag":[],"class_list":{"0":"post-678360","1":"product","2":"type-product","3":"status-publish","4":"has-post-thumbnail","6":"product_brand-nocpix","7":"product_cat-binokli","8":"product_cat-termiska","9":"product_cat-thermal-cameras-lv","11":"first","12":"instock","13":"taxable","14":"shipping-taxable","15":"purchasable","16":"product-type-simple"},"acf":[],"_links":{"self":[{"href":"https:\/\/nbg.eu\/lv\/wp-json\/wp\/v2\/product\/678360","targetHints":{"allow":["GET"]}}],"collection":[{"href":"https:\/\/nbg.eu\/lv\/wp-json\/wp\/v2\/product"}],"about":[{"href":"https:\/\/nbg.eu\/lv\/wp-json\/wp\/v2\/types\/product"}],"wp:featuredmedia":[{"embeddable":true,"href":"https:\/\/nbg.eu\/lv\/wp-json\/wp\/v2\/media\/678733"}],"wp:attachment":[{"href":"https:\/\/nbg.eu\/lv\/wp-json\/wp\/v2\/media?parent=678360"}],"wp:term":[{"taxonomy":"product_brand","embeddable":true,"href":"https:\/\/nbg.eu\/lv\/wp-json\/wp\/v2\/product_brand?post=678360"},{"taxonomy":"product_cat","embeddable":true,"href":"https:\/\/nbg.eu\/lv\/wp-json\/wp\/v2\/product_cat?post=678360"},{"taxonomy":"product_tag","embeddable":true,"href":"https:\/\/nbg.eu\/lv\/wp-json\/wp\/v2\/product_tag?post=678360"}],"curies":[{"name":"wp","href":"https:\/\/api.w.org\/{rel}","templated":true}]}}