{"id":679458,"date":"2025-11-18T18:19:37","date_gmt":"2025-11-18T15:19:37","guid":{"rendered":"https:\/\/nbg.eu\/product\/nocpix-quest-h50r-lrf-640x512-netd-15mk\/"},"modified":"2026-04-14T16:05:08","modified_gmt":"2026-04-14T13:05:08","slug":"nocpix-quest-h50r-lrf-640x512-netd-15mk","status":"publish","type":"product","link":"https:\/\/nbg.eu\/lv\/product\/nocpix-quest-h50r-lrf-640x512-netd-15mk\/","title":{"rendered":"Nocpix Termobinoklis Quest H50R LRF"},"content":{"rendered":"<h2>Nocpix Quest H50R LRF 640&#215;512 NETD \u226415mK<\/h2>\n<p>QUEST ir viegls un p\u0101rn\u0113s\u0101jams, pied\u0101v\u0101jot konstat\u0113\u0161anas diapazonu l\u012bdz 2600m un ieb\u016bv\u0113tu mask\u0113tu l\u0101zera t\u0101lm\u0113ru ar diapazonu l\u012bdz 1000m, nodro\u0161inot augst\u0101ku precizit\u0101ti un redzam\u012bbu. T\u0101 tradicion\u0101lajam binokul\u0101r\u0101 dizainam ir piln\u012bb\u0101 gumijots apvalks un IP67 aizsardz\u012bba, lai garant\u0113tu iztur\u012bbu un komfortu skarstajos apst\u0101k\u013cos. Apr\u012bkots ar augstas veiktsp\u0113jas 640&#215;512 sensoru (NETD \u226415mK, 60Hz), QUEST nodro\u0161ina izcilu att\u0113la skaidr\u012bbu, augstu termisko jut\u012bbu un bezvainojamu darb\u012bbu sare\u017e\u0123\u012bt\u0101 vid\u0113.<\/p>\n<h2>Term\u0101lais sensors<\/h2>\n<p>Nocpix QUEST ir apr\u012bkots ar R+ att\u0113la uzlabo\u0161anu, lai nodro\u0161in\u0101tu augst\u0101ku skaidr\u012bbu un precizit\u0101ti, kombin\u0113ts ar 1920&#215;1200 AMOLED displeju \u0113rtai un acu draudz\u012bgai skat\u012b\u0161an\u0101s pieredzei.<\/p>\n<h2>Izcils sensors nodro\u0161ina izcil\u012bbu<\/h2>\n<p>Nocpix QUEST ir apr\u012bkots ar augstas veiktsp\u0113jas sensoru (640&#215;512@12\u00b5m), kas nodro\u0161ina izcilu att\u0113lu skaidr\u012bbu. Ar NETD \u226415mK un 60Hz kadru \u0101trumu tas nodro\u0161ina augstu termisko jut\u012bbu, sniedzot skaidrus un vizu\u0101lus att\u0113lus pat vissare\u017e\u0123\u012bt\u0101kajos apst\u0101k\u013cos.<\/p>\n<h2>Sp\u0113c\u012bgas konstat\u0113\u0161anas sp\u0113jas<\/h2>\n<p>Nocpix QUEST pied\u0101v\u0101 konstat\u0113\u0161anas diapazonu l\u012bdz 2600 m un ieb\u016bv\u0113tu sl\u0113pto l\u0101zera t\u0101lm\u0113ru ar diapazonu l\u012bdz 1000 m, \u013caujot redz\u0113t t\u0101l\u0101k un prec\u012bz\u0101k, nek\u0101 jebkad agr\u0101k. Tas ar\u012b atbalsta ballistiskos apr\u0113\u0137inus, nodro\u0161inot datu atbalstu kooperat\u012bvajai med\u012bb\u0101m.<\/p>\n<h2>Vienroc\u012bga lieto\u0161ana<\/h2>\n<p>Nocpix QUEST pied\u0101v\u0101 ergonomisku, nesl\u012bdo\u0161u lieto\u0161anu ar vienk\u0101r\u0161otu 4 pogu izk\u0101rtojumu un centr\u0101li izvietotiem ritenti\u0146iem vieglai vienroc\u012bgai lieto\u0161anai un dro\u0161a tv\u0113riena vis\u0101s situ\u0101cij\u0101s.<\/p>\n<h2>Viegls un p\u0101rn\u0113s\u0101jams<\/h2>\n<p>QUEST sver tikai 700g un ietver \u012bpa\u0161u p\u0101rn\u0113s\u0101\u0161anas sumu, pied\u0101v\u0101jot vieglu p\u0101rvieto\u0161anu un komfortu \u0101r\u0113j\u0101m aktivit\u0101t\u0113m, piem\u0113ram, med\u012bb\u0101m un izp\u0113tei.<\/p>\n<h2>Nov\u0113rsiet bailes par baro\u0161anu<\/h2>\n<p>QUEST s\u0113rija pied\u0101v\u0101 dubult\u0101s baterijas dizainu ar ieb\u016bv\u0113tu un nomain\u0101mu 18650 bateriju, nodro\u0161inot bezr\u016bp\u012bgu nomai\u0146u un nep\u0101rtrauktu lieto\u0161anu j\u016bsu piedz\u012bvojuma laik\u0101.<\/p>\n<h2>Tradicion\u0101l\u0101 binokul\u0101r\u0101 pieredze<\/h2>\n<p>QUEST pied\u0101v\u0101 tradicion\u0101lo binokul\u0101ro dizainu ar izstr\u0101d\u0101tu piln\u012bb\u0101 gum\u0113tu p\u0101rkl\u0101jumu un IP67 aizsardz\u012bbu pret \u016bdeni un putek\u013ciem, nodro\u0161inot gan iztur\u012bbu, gan visp\u0101r\u0113jo komfortu.<\/p>\n","protected":false},"excerpt":{"rendered":"<p>Nocpix Quest H50R LRF 640&#215;512 NETD &lt;15mK: Viegls, portat\u012bvs termokamera ar 2600m atkl\u0101\u0161anas diapazonu, 1000m LRF un augstas kvalit\u0101tes 640&#215;512 sensoru.<br \/>\nJa prece nav pieejama, l\u016bdzu, sazinieties ar mums: shop@nbg.eu vai +359896147790<\/p>\n","protected":false},"featured_media":680030,"template":"","meta":{"_acf_changed":false},"product_brand":[14459],"product_cat":[14687,13798,16084],"product_tag":[],"class_list":{"0":"post-679458","1":"product","2":"type-product","3":"status-publish","4":"has-post-thumbnail","6":"product_brand-nocpix","7":"product_cat-binokli","8":"product_cat-termiska","9":"product_cat-thermal-cameras-lv","11":"first","12":"instock","13":"taxable","14":"shipping-taxable","15":"purchasable","16":"product-type-simple"},"acf":[],"_links":{"self":[{"href":"https:\/\/nbg.eu\/lv\/wp-json\/wp\/v2\/product\/679458","targetHints":{"allow":["GET"]}}],"collection":[{"href":"https:\/\/nbg.eu\/lv\/wp-json\/wp\/v2\/product"}],"about":[{"href":"https:\/\/nbg.eu\/lv\/wp-json\/wp\/v2\/types\/product"}],"wp:featuredmedia":[{"embeddable":true,"href":"https:\/\/nbg.eu\/lv\/wp-json\/wp\/v2\/media\/680030"}],"wp:attachment":[{"href":"https:\/\/nbg.eu\/lv\/wp-json\/wp\/v2\/media?parent=679458"}],"wp:term":[{"taxonomy":"product_brand","embeddable":true,"href":"https:\/\/nbg.eu\/lv\/wp-json\/wp\/v2\/product_brand?post=679458"},{"taxonomy":"product_cat","embeddable":true,"href":"https:\/\/nbg.eu\/lv\/wp-json\/wp\/v2\/product_cat?post=679458"},{"taxonomy":"product_tag","embeddable":true,"href":"https:\/\/nbg.eu\/lv\/wp-json\/wp\/v2\/product_tag?post=679458"}],"curies":[{"name":"wp","href":"https:\/\/api.w.org\/{rel}","templated":true}]}}