{"id":681039,"date":"2025-12-17T14:06:52","date_gmt":"2025-12-17T11:06:52","guid":{"rendered":"https:\/\/nbg.eu\/product\/manly-peak-g10-melns-cpm-s90v\/"},"modified":"2026-01-21T11:41:29","modified_gmt":"2026-01-21T08:41:29","slug":"manly-peak-g10-melns-cpm-s90v","status":"publish","type":"product","link":"https:\/\/nbg.eu\/lv\/product\/manly-peak-g10-melns-cpm-s90v\/","title":{"rendered":"Manly PEAK G10 MELNS CPM S90V"},"content":{"rendered":"<h2>Manly PEAK G10 MELNS CPM S90V &#8211; Iz\u0146emams vienas rokas saloc\u0101mais nazis<\/h2>\n<p>Izj\u016btiet izcilo Manly PEAK G10 MELNS CPM S90V saloc\u0101mo nazi, unik\u0101lu un daudzpus\u012bgu instrumentu, kas paredz\u0113ts da\u017e\u0101d\u0101m aktivit\u0101t\u0113m. At\u0161\u0137irot no Comrade mode\u013ca, \u0161is nazis lepojas ar iespaid\u012bgu dizainu, kas to padara par ide\u0101lu pavadoni jebkuram uzdevumam.<\/p>\n<p>Pieejams div\u0101s at\u0161\u0137ir\u012bg\u0101s versij\u0101s, PEAK pied\u0101v\u0101 \u0113rt\u012bbu atv\u0113rt ar vienu vai div\u0101m rok\u0101m, \u0146emot v\u0113r\u0101 j\u016bsu personisk\u0101s preferences. Prec\u012bzi izgatavots, asmens ir izgatavots no augstas veiktsp\u0113jas CPM S90V t\u0113rauda, nodro\u0161inot izcilu griez\u0113j\u0161\u0137autnes notur\u012bbu un korozijas iztur\u012bbu.<\/p>\n<p>Iztur\u012bg\u0101 G10 rokturis nodro\u0161ina dro\u0161u un \u0113rtu tv\u0113rumu, padarot PEAK uzticamu izv\u0113li ikdienas ne\u0161anai vai \u0101ra piedz\u012bvojumiem. Ar \u012bk\u0161\u0137a atveres meh\u0101nismu un manu\u0101lo Backlock sist\u0113mu \u0161is nazis pied\u0101v\u0101 vienk\u0101r\u0161u vienas rokas darb\u012bbu, \u013caujot jums viegli paveikt savus uzdevumus.<\/p>\n<p>Sv\u0113rot tikai 115 gramus, PEAK ir viegls, tom\u0113r iztur\u012bgs instruments, kas j\u016bs neapgr\u016btin\u0101s. Vai esat dabas cien\u012bt\u0101js, taktisks operators vai vienk\u0101r\u0161i mekl\u0113jat daudzpus\u012bgu un labi izstr\u0101d\u0101tu saloc\u0101mo nazi, Manly PEAK G10 MELNS CPM S90V ir atbilde.<\/p>\n","protected":false},"excerpt":{"rendered":"<p>PEAK CPM S90V melns vienrokas nazis, lieliski piem\u0113rots jebkur\u0101m aktivit\u0101t\u0113m.<\/p>\n","protected":false},"featured_media":681065,"template":"","meta":{"_acf_changed":false},"product_brand":[15087],"product_cat":[13812,15385,15365],"product_tag":[],"class_list":{"0":"post-681039","1":"product","2":"type-product","3":"status-publish","4":"has-post-thumbnail","6":"product_brand-manly-knives","7":"product_cat-edc","8":"product_cat-folding-knives-lv","9":"product_cat-knives-lv","11":"first","12":"outofstock","13":"taxable","14":"shipping-taxable","15":"purchasable","16":"product-type-simple"},"acf":[],"_links":{"self":[{"href":"https:\/\/nbg.eu\/lv\/wp-json\/wp\/v2\/product\/681039","targetHints":{"allow":["GET"]}}],"collection":[{"href":"https:\/\/nbg.eu\/lv\/wp-json\/wp\/v2\/product"}],"about":[{"href":"https:\/\/nbg.eu\/lv\/wp-json\/wp\/v2\/types\/product"}],"wp:featuredmedia":[{"embeddable":true,"href":"https:\/\/nbg.eu\/lv\/wp-json\/wp\/v2\/media\/681065"}],"wp:attachment":[{"href":"https:\/\/nbg.eu\/lv\/wp-json\/wp\/v2\/media?parent=681039"}],"wp:term":[{"taxonomy":"product_brand","embeddable":true,"href":"https:\/\/nbg.eu\/lv\/wp-json\/wp\/v2\/product_brand?post=681039"},{"taxonomy":"product_cat","embeddable":true,"href":"https:\/\/nbg.eu\/lv\/wp-json\/wp\/v2\/product_cat?post=681039"},{"taxonomy":"product_tag","embeddable":true,"href":"https:\/\/nbg.eu\/lv\/wp-json\/wp\/v2\/product_tag?post=681039"}],"curies":[{"name":"wp","href":"https:\/\/api.w.org\/{rel}","templated":true}]}}