{"id":681148,"date":"2026-01-08T18:14:00","date_gmt":"2026-01-08T15:14:00","guid":{"rendered":"https:\/\/nbg.eu\/product\/manly-peak-black-14c28n\/"},"modified":"2026-01-21T11:41:26","modified_gmt":"2026-01-21T08:41:26","slug":"manly-peak-black-14c28n","status":"publish","type":"product","link":"https:\/\/nbg.eu\/lv\/product\/manly-peak-black-14c28n\/","title":{"rendered":"Manly PEAK BLACK 14C28N"},"content":{"rendered":"<h2>Manly PEAK BLACK 14C28N \u2013 ikdieni\u0161\u0137ais kabatas nazis<\/h2>\n<p>Turpinot Manly trad\u012bciju nodro\u0161in\u0101t pamatoti l\u0113tas, augstas kvalit\u0101tes kabatas na\u017eus, PEAK \u2013 14C28N Black (One Hand) ir universalit\u0101tes un praktiskuma iemiesojums. Ar precizit\u0101ti izgatavots \u0161is saliekamais nazis ar 14C28N Zviedrijas t\u0113rauda asmeni un G10 rokturi nodro\u0161ina iztur\u012bgu un uzticamu griez\u0113jr\u012bku ikdienas uzdevumiem.<\/p>\n<p>Paredz\u0113ts abpus\u0113jam lietojumam, revers\u012bvais klips nodro\u0161ina vieglu piek\u013cuvi kreisaj\u0101 vai labaj\u0101 rok\u0101, padarot to par ide\u0101lu pavadoni gan labaj\u0101s, gan kreisaj\u0101s rok\u0101s. Aizmugur\u0113jais blo\u0137\u0113\u0161anas meh\u0101nisms nodro\u0161ina dro\u0161u un uzticamu blo\u0137\u0113\u0161anu, lai asmens lieto\u0161anas laik\u0101 paliek sav\u0101 viet\u0101.<\/p>\n<p>Ar kop\u0113jo garumu 22 cm un asme\u0146a garumu 9,4 cm PEAK \u2013 14C28N Black (One Hand) pied\u0101v\u0101 \u0113rtus un p\u0101rvald\u0101mus izm\u0113rus, kas piem\u0113roti daudz\u0101m lieto\u0161anas jom\u0101m, s\u0101kot no atv\u0113rtu telpu piedz\u012bvojumiem l\u012bdz ikdienas lieto\u0161anas uzdevumiem. Svara zi\u0146\u0101 115 g nazis atrod ide\u0101lu l\u012bdzsvaru starp smagumu un p\u0101rn\u0113s\u0101jam\u012bbu, padarot to par uzticamu un univers\u0101lu izv\u0113li ikdienas n\u0113s\u0101\u0161anai.<\/p>\n<p>Ar mat\u0113tu 14C28N asmeni un elegantiem melnu G10 rokturiem PEAK \u2013 14C28N Black (One Hand) ne tikai nodro\u0161ina izcilu veiktsp\u0113ju, bet ar\u012b izce\u013cas ar stil\u012bgu un modernu izskatu, kas piest\u0101v jebkuram person\u012bgajam stilam. Neatkar\u012bgi no t\u0101, vai esat \u0101ra entuziasts, amatnieks vai vienk\u0101r\u0161i cilv\u0113ks, kas nov\u0113rt\u0113 labi izgatavotu instrumentu, Manly PEAK \u2013 14C28N Black (One Hand) ir ide\u0101la izv\u0113le j\u016bsu ikdienas n\u0113s\u0101\u0161anas kolekcijai.<\/p>\n","protected":false},"excerpt":{"rendered":"<p>V\u012bri\u0161\u0137\u012bgs PEAK BLACK 14C28N &#8211; Sapr\u0101t\u012bgi cenas kabatas nazis ar 14C28N Zviedru t\u0113raudu, apgriezamu spr\u016bdu un aizmugur\u0113jo fiksatoru.<\/p>\n","protected":false},"featured_media":685052,"template":"","meta":{"_acf_changed":false},"product_brand":[15087],"product_cat":[13812],"product_tag":[],"class_list":{"0":"post-681148","1":"product","2":"type-product","3":"status-publish","4":"has-post-thumbnail","6":"product_brand-manly-knives","7":"product_cat-edc","9":"first","10":"instock","11":"taxable","12":"shipping-taxable","13":"purchasable","14":"product-type-simple"},"acf":[],"_links":{"self":[{"href":"https:\/\/nbg.eu\/lv\/wp-json\/wp\/v2\/product\/681148","targetHints":{"allow":["GET"]}}],"collection":[{"href":"https:\/\/nbg.eu\/lv\/wp-json\/wp\/v2\/product"}],"about":[{"href":"https:\/\/nbg.eu\/lv\/wp-json\/wp\/v2\/types\/product"}],"wp:featuredmedia":[{"embeddable":true,"href":"https:\/\/nbg.eu\/lv\/wp-json\/wp\/v2\/media\/685052"}],"wp:attachment":[{"href":"https:\/\/nbg.eu\/lv\/wp-json\/wp\/v2\/media?parent=681148"}],"wp:term":[{"taxonomy":"product_brand","embeddable":true,"href":"https:\/\/nbg.eu\/lv\/wp-json\/wp\/v2\/product_brand?post=681148"},{"taxonomy":"product_cat","embeddable":true,"href":"https:\/\/nbg.eu\/lv\/wp-json\/wp\/v2\/product_cat?post=681148"},{"taxonomy":"product_tag","embeddable":true,"href":"https:\/\/nbg.eu\/lv\/wp-json\/wp\/v2\/product_tag?post=681148"}],"curies":[{"name":"wp","href":"https:\/\/api.w.org\/{rel}","templated":true}]}}