{"id":681286,"date":"2025-12-17T14:50:21","date_gmt":"2025-12-17T11:50:21","guid":{"rendered":"https:\/\/nbg.eu\/product\/manly-patriot-m-zals-rwl-34\/"},"modified":"2026-01-21T11:39:47","modified_gmt":"2026-01-21T08:39:47","slug":"manly-patriot-m-zals-rwl-34","status":"publish","type":"product","link":"https:\/\/nbg.eu\/lv\/product\/manly-patriot-m-zals-rwl-34\/","title":{"rendered":"Manly PATRIOT M.ZA\u013b\u0160 RWL-34"},"content":{"rendered":"<h2>Manly PATRIOT M.GREEN RWL-34 \u2013 Univers\u0101ls fiks\u0113tais nazis ikdienas lieto\u0161anai<\/h2>\n<p>Ar PATRIOT &#8211; RWL-34 Military Green Manly pied\u0101v\u0101 fiks\u0113to versiju no vi\u0146u veiksm\u012bg\u0101 Comrade saliekam\u0101 na\u017ea. Gandr\u012bz t\u0101du pa\u0161u izm\u0113ru, PATRIOT ir ide\u0101l\u0101 izv\u0113le ikdienai, med\u012bb\u0101m un kempingam. Ar mat\u0113tu asmeni, kas izgatavots no augstas kvalit\u0101tes RWL-34 t\u0113rauda, \u0161is nazis apvieno iztur\u012bbu un grie\u0161anas efektivit\u0101ti. Ar G10 vai riekstu koka rokturiem PATRIOT nodro\u0161ina \u0113rtu un dro\u0161u tv\u0113rienu, garant\u0113jot p\u0101rliecin\u0101tu lieto\u0161anu da\u017e\u0101d\u0101s situ\u0101cij\u0101s.<\/p>\n<p>Ar kop\u0113jo garumu 21 cm un 9,1 cm garu asmeni, PATRIOT ir kompakts un univers\u0101ls instruments. T\u0101 4 mm biezais asmens nodro\u0161ina pietiekamu stipr\u012bbu un stingr\u012bbu, savuk\u0101rt kop\u0113jais svars 126g rada labi l\u012bdzsvarotu saj\u016btu. Aizsarg\u0101ts ar iztur\u012bgu Kydex maksti, PATRIOT ir uzticams pal\u012bgs gan \u0101ra entuziastiem, gan ikdienas lieto\u0161anas entuziastiem.<\/p>\n","protected":false},"excerpt":{"rendered":"<p>Manly PATRIOT M.ZA\u013b\u0160 RWL-34 &#8211; Stingras asmens milit\u0101ri za\u013c\u0161 nazis ar mat\u0113ta RWL-34 t\u0113rauda asmeni un G10 rokturi.<\/p>\n","protected":false},"featured_media":681412,"template":"","meta":{"_acf_changed":false},"product_brand":[15087],"product_cat":[2876],"product_tag":[],"class_list":{"0":"post-681286","1":"product","2":"type-product","3":"status-publish","4":"has-post-thumbnail","6":"product_brand-manly-knives","7":"product_cat-rahohvatki","9":"first","10":"instock","11":"taxable","12":"shipping-taxable","13":"purchasable","14":"product-type-simple"},"acf":[],"_links":{"self":[{"href":"https:\/\/nbg.eu\/lv\/wp-json\/wp\/v2\/product\/681286","targetHints":{"allow":["GET"]}}],"collection":[{"href":"https:\/\/nbg.eu\/lv\/wp-json\/wp\/v2\/product"}],"about":[{"href":"https:\/\/nbg.eu\/lv\/wp-json\/wp\/v2\/types\/product"}],"wp:featuredmedia":[{"embeddable":true,"href":"https:\/\/nbg.eu\/lv\/wp-json\/wp\/v2\/media\/681412"}],"wp:attachment":[{"href":"https:\/\/nbg.eu\/lv\/wp-json\/wp\/v2\/media?parent=681286"}],"wp:term":[{"taxonomy":"product_brand","embeddable":true,"href":"https:\/\/nbg.eu\/lv\/wp-json\/wp\/v2\/product_brand?post=681286"},{"taxonomy":"product_cat","embeddable":true,"href":"https:\/\/nbg.eu\/lv\/wp-json\/wp\/v2\/product_cat?post=681286"},{"taxonomy":"product_tag","embeddable":true,"href":"https:\/\/nbg.eu\/lv\/wp-json\/wp\/v2\/product_tag?post=681286"}],"curies":[{"name":"wp","href":"https:\/\/api.w.org\/{rel}","templated":true}]}}