{"id":68144,"date":"2024-01-30T18:09:06","date_gmt":"2024-01-30T18:09:06","guid":{"rendered":"https:\/\/nbg.eu\/product\/surefire-m640dft-pro\/"},"modified":"2026-01-21T12:22:20","modified_gmt":"2026-01-21T09:22:20","slug":"surefire-m640dft-pro","status":"publish","type":"product","link":"https:\/\/nbg.eu\/lv\/product\/surefire-m640dft-pro\/","title":{"rendered":"SureFire M640DFT-PRO"},"content":{"rendered":"<div class=\"product-description\">\n<h2>SureFire M640DFT-PRO Turbo Scout Light Pro<\/h2>\n<p>M640DFT-PRO Turbo Scout Light Pro iez\u012bmes:<\/p>\n<ul>\n<li>100 000 kandelu maksim\u0101l\u0101 stara intensit\u0101te ar iek\u013cauto SF18650B akumulatoru<\/li>\n<li>Turbo stara raksts t\u0101lu m\u0113r\u0137u identific\u0113\u0161anai<\/li>\n<li>Zema profila stiprin\u0101jums (sader\u012bgs ar MIL-STD-1913 un M-LOK)<\/li>\n<li>Du\u0101l\u0101 baro\u0161ana: izmanto SF18650B uzl\u0101d\u0113jamo vai divas 123A litija baterijas<\/li>\n<li>Iztur\u012bba un t\u0101lvad\u012bbas sl\u0113d\u017eu iesp\u0113jas<\/li>\n<\/ul>\n<p>Izgatavots no viegla avi\u0101cijas alum\u012bnija ar milit\u0101ro specifik\u0101ciju cieto anod\u0113\u0161anu, \u0161is O-gredzena bl\u012bv\u0113tais ierocis gaismeklis ir piem\u0113rots lieto\u0161anai lielos att\u0101lumos.<\/p>\n<\/div>\n","protected":false},"excerpt":{"rendered":"<p>Augstas jaudas taktiskais lukturis ar 100 000 kande\u013cu staru t\u0101lam darb\u012bbas r\u0101diusam.<\/p>\n","protected":false},"featured_media":68145,"template":"","meta":{"_acf_changed":false},"product_brand":[11865],"product_cat":[13758,13827,13816],"product_tag":[],"class_list":{"0":"post-68144","1":"product","2":"type-product","3":"status-publish","4":"has-post-thumbnail","6":"product_brand-surefire","7":"product_cat-gaismas","8":"product_cat-sautene","9":"product_cat-sautenes-lukturi","11":"first","12":"instock","13":"taxable","14":"shipping-taxable","15":"purchasable","16":"product-type-variable","17":"wvs-archive-product-wrapper"},"acf":[],"_links":{"self":[{"href":"https:\/\/nbg.eu\/lv\/wp-json\/wp\/v2\/product\/68144","targetHints":{"allow":["GET"]}}],"collection":[{"href":"https:\/\/nbg.eu\/lv\/wp-json\/wp\/v2\/product"}],"about":[{"href":"https:\/\/nbg.eu\/lv\/wp-json\/wp\/v2\/types\/product"}],"wp:featuredmedia":[{"embeddable":true,"href":"https:\/\/nbg.eu\/lv\/wp-json\/wp\/v2\/media\/68145"}],"wp:attachment":[{"href":"https:\/\/nbg.eu\/lv\/wp-json\/wp\/v2\/media?parent=68144"}],"wp:term":[{"taxonomy":"product_brand","embeddable":true,"href":"https:\/\/nbg.eu\/lv\/wp-json\/wp\/v2\/product_brand?post=68144"},{"taxonomy":"product_cat","embeddable":true,"href":"https:\/\/nbg.eu\/lv\/wp-json\/wp\/v2\/product_cat?post=68144"},{"taxonomy":"product_tag","embeddable":true,"href":"https:\/\/nbg.eu\/lv\/wp-json\/wp\/v2\/product_tag?post=68144"}],"curies":[{"name":"wp","href":"https:\/\/api.w.org\/{rel}","templated":true}]}}