{"id":681526,"date":"2025-12-17T15:41:02","date_gmt":"2025-12-17T12:41:02","guid":{"rendered":"https:\/\/nbg.eu\/product\/manly-patriots-d2-melns\/"},"modified":"2026-01-21T11:39:36","modified_gmt":"2026-01-21T08:39:36","slug":"manly-patriots-d2-melns","status":"publish","type":"product","link":"https:\/\/nbg.eu\/lv\/product\/manly-patriots-d2-melns\/","title":{"rendered":"Manly PATRIOTS D2 MELNS"},"content":{"rendered":"<h2>Manly PATRIOT D2 BLACK: Ikdienas \u0113rt\u012bba un \u0101ra daudzveid\u012bba<\/h2>\n<p>Iepaz\u012bstin\u0101m ar Manly PATRIOT D2 BLACK, fiks\u0113tas asmens nazi, kas apvieno Comrade saliekam\u0101 na\u017ea veiksm\u012bgo dizainu ar uzlabotu ikdienas praktiskumu. Veidots ar gandr\u012bz identisk\u0101m dimensij\u0101m, PATRIOT ir ide\u0101l\u0101 izv\u0113le pla\u0161am uzdevumu lokam, no ikdienas lieto\u0161anas l\u012bdz med\u012bb\u0101m un kempingam.<\/p>\n<p>Ar mat\u0113ta apdares asmeni, kas izgatavots no 1.2379 (D2) t\u0113rauda, PATRIOT pied\u0101v\u0101 izcilu veiktsp\u0113ju un iztur\u012bbu. Pilna stie\u0146a konstrukcija nodro\u0161ina uzticamu stipr\u012bbu un stabilit\u0101ti, padarot \u0161o nazi uzticamu pavadoni jebkur\u0101 situ\u0101cij\u0101.<\/p>\n<p>Pieejams ar izv\u0113li starp G10 vai riekstv\u012bna koka rokturiem, PATRIOT pied\u0101v\u0101 \u0113rtu un dro\u0161u satver\u0161anu, uzlabojot t\u0101 daudzveid\u012bbu un lietot\u0101ja \u0113rt\u012bbas. Kydex maksts nodro\u0161ina dro\u0161u un \u0113rt\u0101ku na\u017eu n\u0113s\u0101\u0161anu, garant\u0113jot vieglu piek\u013cuvi, kad tas nepiecie\u0161ams.<\/p>\n<p>Ar kop\u0113jo garumu 21 cm un asmens garumu 9,1 cm, PATRIOT ir kompakts un manevr\u0113jams fiks\u0113ta asmens nazis, kas izcelas da\u017e\u0101dos pielietojumos. T\u0101 4 mm asmens biezums un 126g svars nodro\u0161ina iztur\u012bgu un l\u012bdzsvarotu saj\u016btu, padarot to par uzticamu r\u012bku jebkuram \u0101ra entuziastam vai ikdienas lietot\u0101jam.<\/p>\n<p>Neatkar\u012bgi no t\u0101, vai j\u016bs gatavojaties atkl\u0101t piedz\u012bvojumus \u0101rpus telp\u0101m, kempingam, med\u012bb\u0101m vai vienk\u0101r\u0161i nepiecie\u0161ams uzticams ikdienas nazis, Manly PATRIOT D2 BLACK ir ide\u0101l\u0101 izv\u0113le. Apvienojot funkcionalit\u0101ti, iztur\u012bbu un modernu dizainu, \u0161is fiks\u0113t\u0101 asmens nazis ir neaizvietojams katram, kas mekl\u0113 daudzveid\u012bgu un uzticamu griez\u0113jinstrumentu.<\/p>\n","protected":false},"excerpt":{"rendered":"<p>V\u012bri\u0161\u0137\u012bgs PATRIOT D2 MELNS: ikdienas fiks\u0113tas asme\u0146a na\u017ea kop\u0113jais garums 21 cm, 9,1 cm D2 t\u0113rauda asmens, masa 126 g, G10 rokturis.<\/p>\n","protected":false},"featured_media":681719,"template":"","meta":{"_acf_changed":false},"product_brand":[15087],"product_cat":[2876],"product_tag":[],"class_list":{"0":"post-681526","1":"product","2":"type-product","3":"status-publish","4":"has-post-thumbnail","6":"product_brand-manly-knives","7":"product_cat-rahohvatki","9":"first","10":"instock","11":"taxable","12":"shipping-taxable","13":"purchasable","14":"product-type-simple"},"acf":[],"_links":{"self":[{"href":"https:\/\/nbg.eu\/lv\/wp-json\/wp\/v2\/product\/681526","targetHints":{"allow":["GET"]}}],"collection":[{"href":"https:\/\/nbg.eu\/lv\/wp-json\/wp\/v2\/product"}],"about":[{"href":"https:\/\/nbg.eu\/lv\/wp-json\/wp\/v2\/types\/product"}],"wp:featuredmedia":[{"embeddable":true,"href":"https:\/\/nbg.eu\/lv\/wp-json\/wp\/v2\/media\/681719"}],"wp:attachment":[{"href":"https:\/\/nbg.eu\/lv\/wp-json\/wp\/v2\/media?parent=681526"}],"wp:term":[{"taxonomy":"product_brand","embeddable":true,"href":"https:\/\/nbg.eu\/lv\/wp-json\/wp\/v2\/product_brand?post=681526"},{"taxonomy":"product_cat","embeddable":true,"href":"https:\/\/nbg.eu\/lv\/wp-json\/wp\/v2\/product_cat?post=681526"},{"taxonomy":"product_tag","embeddable":true,"href":"https:\/\/nbg.eu\/lv\/wp-json\/wp\/v2\/product_tag?post=681526"}],"curies":[{"name":"wp","href":"https:\/\/api.w.org\/{rel}","templated":true}]}}