{"id":681791,"date":"2025-12-17T15:55:16","date_gmt":"2025-12-17T12:55:16","guid":{"rendered":"https:\/\/nbg.eu\/product\/manly-city-orange-cpm-s90v-latviesu-valoda-ir-manly-city-orange-cpm-s90v\/"},"modified":"2026-01-21T12:29:09","modified_gmt":"2026-01-21T09:29:09","slug":"manly-city-orange-cpm-s90v-latviesu-valoda-ir-manly-city-orange-cpm-s90v","status":"publish","type":"product","link":"https:\/\/nbg.eu\/lv\/product\/manly-city-orange-cpm-s90v-latviesu-valoda-ir-manly-city-orange-cpm-s90v\/","title":{"rendered":"Manly City Orange CPM S90V&#8221; latvie\u0161u valod\u0101 ir &#8220;Manly City Orange CPM S90V&#8221;."},"content":{"rendered":"<h2>Manly City CPM S90V &#8211; Ikdienas lieto\u0161anas salok\u0101mais nazis<\/h2>\n<p>K\u0101 nor\u0101da t\u0101 nosaukums, Manly City CPM S90V ir izcils ikdienas pils\u0113tas nazis. Tas ietver Manly filosofiju pied\u0101v\u0101t lietot\u0101jiem r\u016bp\u012bgi atlas\u012btus premium materi\u0101lus par sapr\u0101t\u012bgu cenu. Piln\u012bb\u0101 nosl\u012bp\u0113tais asmens ir izgatavots no augstas veiktsp\u0113jas CPM S90V t\u0113rauda ar Rockwell ciet\u012bbu 60-62 HRC, nodro\u0161inot izcilu griez\u0113jmalas notur\u012bbu un korozijas iztur\u012bbu.<\/p>\n<p>\u0160is modelis ir paredz\u0113ts ambidekstriem lietot\u0101jiem, tam ir revers\u012bvs kabatas klipsis un divpoz\u012bciju tapu izvietojums, kas to padara piem\u0113rotu gan kreilis, gan labrokus lietot\u0101jiem. G10 rokturis nodro\u0161ina dro\u0161u un \u0113rtu tv\u0113rienu, savuk\u0101rt vienas rokas atv\u0113r\u0161ana un fiks\u0101cijas meh\u0101nisms garant\u0113 uzticamu darb\u012bbu.<\/p>\n<p>Ar kop\u0113jo garumu 17,7 cm un asmens garumu 7,0 cm Manly City CPM S90V ir daudzfunkcion\u0101ls ikdienas lieto\u0161anas nazis, kas apvieno premium materi\u0101lus, izcilu veiktsp\u0113ju un lietot\u0101jam draudz\u012bgas funkcijas. Sv\u0113rot tikai 95 g, tas ir viegls un viegli p\u0101rn\u0113s\u0101jams pal\u012bgs da\u017e\u0101d\u0101m ikdienas uzdevumiem.<\/p>\n","protected":false},"excerpt":{"rendered":"<p>Ikdienas lieto\u0161anas EDC nazis. CPM S90V t\u0113rauda asmens, G10 rokturis, revers\u012bvs klips, piem\u0113rots kreilie\/labilies lietot\u0101jiem.<\/p>\n","protected":false},"featured_media":682102,"template":"","meta":{"_acf_changed":false},"product_brand":[15087],"product_cat":[13812],"product_tag":[],"class_list":{"0":"post-681791","1":"product","2":"type-product","3":"status-publish","4":"has-post-thumbnail","6":"product_brand-manly-knives","7":"product_cat-edc","9":"first","10":"instock","11":"taxable","12":"shipping-taxable","13":"purchasable","14":"product-type-simple"},"acf":[],"_links":{"self":[{"href":"https:\/\/nbg.eu\/lv\/wp-json\/wp\/v2\/product\/681791","targetHints":{"allow":["GET"]}}],"collection":[{"href":"https:\/\/nbg.eu\/lv\/wp-json\/wp\/v2\/product"}],"about":[{"href":"https:\/\/nbg.eu\/lv\/wp-json\/wp\/v2\/types\/product"}],"wp:featuredmedia":[{"embeddable":true,"href":"https:\/\/nbg.eu\/lv\/wp-json\/wp\/v2\/media\/682102"}],"wp:attachment":[{"href":"https:\/\/nbg.eu\/lv\/wp-json\/wp\/v2\/media?parent=681791"}],"wp:term":[{"taxonomy":"product_brand","embeddable":true,"href":"https:\/\/nbg.eu\/lv\/wp-json\/wp\/v2\/product_brand?post=681791"},{"taxonomy":"product_cat","embeddable":true,"href":"https:\/\/nbg.eu\/lv\/wp-json\/wp\/v2\/product_cat?post=681791"},{"taxonomy":"product_tag","embeddable":true,"href":"https:\/\/nbg.eu\/lv\/wp-json\/wp\/v2\/product_tag?post=681791"}],"curies":[{"name":"wp","href":"https:\/\/api.w.org\/{rel}","templated":true}]}}