{"id":682122,"date":"2026-01-08T18:13:52","date_gmt":"2026-01-08T15:13:52","guid":{"rendered":"https:\/\/nbg.eu\/product\/manly-city-military-14c28n\/"},"modified":"2026-01-21T11:41:31","modified_gmt":"2026-01-21T08:41:31","slug":"manly-city-military-14c28n","status":"publish","type":"product","link":"https:\/\/nbg.eu\/lv\/product\/manly-city-military-14c28n\/","title":{"rendered":"Manly City Military 14C28N"},"content":{"rendered":"<h2>Manly City Military 14C28N: Ikdieni\u0161\u0137ais nazis<\/h2>\n<p>Manly City Military 14C28N ir ikdieni\u0161\u0137ais nazis pils\u0113tai, kas atspogu\u013co m\u016bsu filozofiju pied\u0101v\u0101t r\u016bp\u012bgi atlas\u012btus prim\u0101ros materi\u0101lus par pie\u0146emamu cenu. Ar piln\u012bgi plakano asmeni, kas izgatavots no Sandvik 14C28N t\u0113rauda, \u0161is modelis ir veidots univers\u0101lai lieto\u0161anai un \u0113rt\u012bbai.<\/p>\n<p>Ar apgrie\u017eamu skavas un divk\u0101r\u0161u skavviesu novietojumu, Manly City Military 14C28N ir piem\u0113rots gan kreilis, gan labrocim, nodro\u0161inot \u0113rtu un piel\u0101gojamu tv\u0113rumu. G10 roktura materi\u0101ls nodro\u0161ina dro\u0161u un iztur\u012bgu satv\u0113rienu, savuk\u0101rt vienas rokas atv\u0113r\u0161ana un blo\u0137\u0113\u0161anas meh\u0101nisms pied\u0101v\u0101 gludo un uzticamu darb\u012bbu.<\/p>\n<p>Tehnisk\u0101s specifik\u0101cijas:<\/p>\n<ul>\n<li>Modelis: CITY 14C28N Military Green Flat Handle<\/li>\n<li>Tips: Saliekams nazis<\/li>\n<li>Kop\u0113jais garums: 17,7 cm<\/li>\n<li>Asmens garums: 7,0 cm<\/li>\n<li>Garums saliet\u0101 veid\u0101: 10,5 cm<\/li>\n<li>Asmens biezums: 2,7 mm<\/li>\n<li>Svars: 95 g<\/li>\n<li>Asmens materi\u0101ls: 14C28N<\/li>\n<li>Roktura materi\u0101ls: G10<\/li>\n<li>Atv\u0113r\u0161ana: \u012ak\u0161\u0137a b\u012bdnis<\/li>\n<li>Atv\u0113r\u0161ana: Vienas rokas<\/li>\n<li>Sl\u0113dzenes tips: Blo\u0137\u0113jo\u0161a v\u0101ka tipa sl\u0113dzene<\/li>\n<\/ul>\n","protected":false},"excerpt":{"rendered":"<p>Manly City Military 14C28N ir izcils ikdienas pils\u0113tas nazis, kas izgatavots no Sandvik 14C28N t\u0113rauda un G10 roktura, piem\u0113rots gan kreisroc\u012bgiem, gan labroc\u012bgiem lietot\u0101jiem.<\/p>\n","protected":false},"featured_media":682221,"template":"","meta":{"_acf_changed":false},"product_brand":[15087],"product_cat":[13812],"product_tag":[],"class_list":{"0":"post-682122","1":"product","2":"type-product","3":"status-publish","4":"has-post-thumbnail","6":"product_brand-manly-knives","7":"product_cat-edc","9":"first","10":"instock","11":"taxable","12":"shipping-taxable","13":"purchasable","14":"product-type-simple"},"acf":[],"_links":{"self":[{"href":"https:\/\/nbg.eu\/lv\/wp-json\/wp\/v2\/product\/682122","targetHints":{"allow":["GET"]}}],"collection":[{"href":"https:\/\/nbg.eu\/lv\/wp-json\/wp\/v2\/product"}],"about":[{"href":"https:\/\/nbg.eu\/lv\/wp-json\/wp\/v2\/types\/product"}],"wp:featuredmedia":[{"embeddable":true,"href":"https:\/\/nbg.eu\/lv\/wp-json\/wp\/v2\/media\/682221"}],"wp:attachment":[{"href":"https:\/\/nbg.eu\/lv\/wp-json\/wp\/v2\/media?parent=682122"}],"wp:term":[{"taxonomy":"product_brand","embeddable":true,"href":"https:\/\/nbg.eu\/lv\/wp-json\/wp\/v2\/product_brand?post=682122"},{"taxonomy":"product_cat","embeddable":true,"href":"https:\/\/nbg.eu\/lv\/wp-json\/wp\/v2\/product_cat?post=682122"},{"taxonomy":"product_tag","embeddable":true,"href":"https:\/\/nbg.eu\/lv\/wp-json\/wp\/v2\/product_tag?post=682122"}],"curies":[{"name":"wp","href":"https:\/\/api.w.org\/{rel}","templated":true}]}}